{"id":53712,"date":"2025-01-06T15:00:42","date_gmt":"2025-01-06T15:00:42","guid":{"rendered":"https:\/\/murter.riot.hr\/?post_type=product&#038;p=53712"},"modified":"2025-07-21T10:49:41","modified_gmt":"2025-07-21T09:49:41","slug":"fischerhaus-murter-bucht-doca-a2-id-99","status":"publish","type":"product","link":"https:\/\/murter-online.com\/de\/produkt\/fischerhaus-murter-bucht-doca-a2-id-99\/","title":{"rendered":"Fischerhaus direkt am Meer Murter &#8211; Doca Bay A2 ID 99"},"content":{"rendered":"","protected":false},"excerpt":{"rendered":"<p>FischerHaus sind mit Solarplatten ausgestattet, aus welchen man Strom bekommen kann. Das Wasser zum Duschen bekommt man aus dem, durch die Sonne geheiztem, Regenwasser, dass ration ell verwendet werden muss. Das Trinkwasser kommt aus der Wasserleitung und befindet sich in Wasserbeh\u00e4ltern. In FischerHaus finden Sie Bettw\u00e4sche, K\u00fcchengeschirr und Gask\u00fchlschrank. Fischerhaus Cigrada Doci A2 mit ein sch\u00f6nen Meerblick befindet sich in ausgezeichnete Lage, nur 40m. vom Meer entfernt. Die Fischerhaus hat eine Fl\u00e4che von 25 m2. Diese Fischerhaus verf\u00fcgt \u00fcber ein Schlafzimmer wo 2 Erwachsene schlafen k\u00f6nnen. Es gibt einen kostenlosen Parkplatz. Es gibt eine Badezimmer mit Dusche. Die Fischerhaus Zur Verf\u00fcgung steht auch ein Grillplatz. Balkon\/Terrasse ist 30 m2 gro\u00df. , hat ein Wohnzimmer. Befindet sich im Erdgeschoss. Haustiere &#8211; nach Absprache. Die Fischerhaus ist 2800m. weit vom Zentrum und ca. 40m. weit vom Meer oder dem ersten Strand in Murter.<\/p>\n","protected":false},"featured_media":32194,"template":"","meta":{"_acf_changed":false},"product_brand":[],"product_cat":[142,149],"product_tag":[],"class_list":{"0":"post-53712","1":"product","2":"type-product","3":"status-publish","4":"has-post-thumbnail","6":"product_cat-ferienwohnungen-mit-meerblick","7":"product_cat-fischerhaus-robinson","9":"first","10":"instock","11":"sold-individually","12":"shipping-taxable","13":"purchasable","14":"product-type-phive_booking"},"acf":[],"_links":{"self":[{"href":"https:\/\/murter-online.com\/de\/wp-json\/wp\/v2\/product\/53712","targetHints":{"allow":["GET"]}}],"collection":[{"href":"https:\/\/murter-online.com\/de\/wp-json\/wp\/v2\/product"}],"about":[{"href":"https:\/\/murter-online.com\/de\/wp-json\/wp\/v2\/types\/product"}],"wp:featuredmedia":[{"embeddable":true,"href":"https:\/\/murter-online.com\/de\/wp-json\/wp\/v2\/media\/32194"}],"wp:attachment":[{"href":"https:\/\/murter-online.com\/de\/wp-json\/wp\/v2\/media?parent=53712"}],"wp:term":[{"taxonomy":"product_brand","embeddable":true,"href":"https:\/\/murter-online.com\/de\/wp-json\/wp\/v2\/product_brand?post=53712"},{"taxonomy":"product_cat","embeddable":true,"href":"https:\/\/murter-online.com\/de\/wp-json\/wp\/v2\/product_cat?post=53712"},{"taxonomy":"product_tag","embeddable":true,"href":"https:\/\/murter-online.com\/de\/wp-json\/wp\/v2\/product_tag?post=53712"}],"curies":[{"name":"wp","href":"https:\/\/api.w.org\/{rel}","templated":true}]}}