{"id":53722,"date":"2025-01-06T15:13:19","date_gmt":"2025-01-06T15:13:19","guid":{"rendered":"https:\/\/murter.riot.hr\/?post_type=product&#038;p=53722"},"modified":"2025-02-05T10:10:39","modified_gmt":"2025-02-05T10:10:39","slug":"fischerhaus-murter-cigrada-a22-id-201","status":"publish","type":"product","link":"https:\/\/murter-online.com\/de\/produkt\/fischerhaus-murter-cigrada-a22-id-201\/","title":{"rendered":"Fischerhaus Murter \u010cigra\u0111a A2+2 ID 201"},"content":{"rendered":"","protected":false},"excerpt":{"rendered":"<div align=\"center\">\n<div class=\"max_width\" align=\"left\">\n<div>\n<div>Fischerhaus mit wundersch\u00f6nem Meerblick befindet sich in hervorragender Lage nur 150 Meter vom Meer entfernt. Fischerhaus mit einem Schlafzimmer ist mit Sonnenkollektoren ausgestattet, von denen Sie eine Stromversorgung verwenden k\u00f6nnen (kleinere Ger\u00e4te k\u00f6nnen verwendet werden). Wasser ist gut und sauber zum Duschen (hei\u00dfe Sonne -beheizt) &#8211; Freier Fall aus Wassertank, der mit Hand- oder Elektropumpe gef\u00fcllt wird. K\u00fchlschrank und Herd werden mit Gas betrieben. Duschen aus dem von der Sonne erw\u00e4rmten Wassertank. Wasser ist ausreichend vorhanden, sollte aber rationell genutzt werden. Fischerhaus ist mit TV ausgestattet. Das Fischerhaus verf\u00fcgt \u00fcber ein Badezimmer mit Dusche. Da ist ein Wohnzimmer. Die Wohnfl\u00e4che betr\u00e4gt 25 m2 und der Balkon\/Terrasse ist 20 m2 gro\u00df. Es gibt eine Schlafzimmergalerie, in der 2 Personen auf den Hauptbetten und 2 Personen auf einem Schlafsofa im Wohnzimmer schlafen k\u00f6nnen. Das Fischerhaus befindet sich im Erdgeschoss. Haustiere sind erlaubt, der Preis f\u00fcr das Haustier betr\u00e4gt 10 Euro\/Tier\/Tag. Das Fischerhaus verf\u00fcgt \u00fcber einen eigenen kostenlosen Parkplatz f\u00fcr das Auto 20 Meter vom Haus entfernt. Die Preise gelten f\u00fcr 2 Personen, bei mehreren Personen wird ein Aufpreis von 10 Euro\/pro Person\/Tag berechnet.<\/div>\n<\/div>\n<\/div>\n<\/div>\n<div align=\"center\"><\/div>\n","protected":false},"featured_media":32482,"template":"","meta":{"_acf_changed":false},"product_brand":[],"product_cat":[142,149],"product_tag":[],"class_list":{"0":"post-53722","1":"product","2":"type-product","3":"status-publish","4":"has-post-thumbnail","6":"product_cat-ferienwohnungen-mit-meerblick","7":"product_cat-fischerhaus-robinson","9":"first","10":"instock","11":"sold-individually","12":"shipping-taxable","13":"purchasable","14":"product-type-phive_booking"},"acf":[],"_links":{"self":[{"href":"https:\/\/murter-online.com\/de\/wp-json\/wp\/v2\/product\/53722","targetHints":{"allow":["GET"]}}],"collection":[{"href":"https:\/\/murter-online.com\/de\/wp-json\/wp\/v2\/product"}],"about":[{"href":"https:\/\/murter-online.com\/de\/wp-json\/wp\/v2\/types\/product"}],"wp:featuredmedia":[{"embeddable":true,"href":"https:\/\/murter-online.com\/de\/wp-json\/wp\/v2\/media\/32482"}],"wp:attachment":[{"href":"https:\/\/murter-online.com\/de\/wp-json\/wp\/v2\/media?parent=53722"}],"wp:term":[{"taxonomy":"product_brand","embeddable":true,"href":"https:\/\/murter-online.com\/de\/wp-json\/wp\/v2\/product_brand?post=53722"},{"taxonomy":"product_cat","embeddable":true,"href":"https:\/\/murter-online.com\/de\/wp-json\/wp\/v2\/product_cat?post=53722"},{"taxonomy":"product_tag","embeddable":true,"href":"https:\/\/murter-online.com\/de\/wp-json\/wp\/v2\/product_tag?post=53722"}],"curies":[{"name":"wp","href":"https:\/\/api.w.org\/{rel}","templated":true}]}}