{"id":53727,"date":"2025-01-06T15:20:45","date_gmt":"2025-01-06T15:20:45","guid":{"rendered":"https:\/\/murter.riot.hr\/?post_type=product&#038;p=53727"},"modified":"2025-03-28T17:15:55","modified_gmt":"2025-03-28T16:15:55","slug":"fischerhaus-murter-cigrada-bucht-a2-1-id-61","status":"publish","type":"product","link":"https:\/\/murter-online.com\/de\/produkt\/fischerhaus-murter-cigrada-bucht-a2-1-id-61\/","title":{"rendered":"Robinson haus Murter am meer \u010cigra\u0111a Bucht A2 + 1 ID 61"},"content":{"rendered":"","protected":false},"excerpt":{"rendered":"<div align=\"center\">\n<div class=\"max_width\" align=\"left\">\n<div>\n<div>FischerHaus sind mit Solarplatten ausgestattet, aus welchen man Strom bekommen kann. Das Wasser zum Duschen bekommt man aus dem, durch die Sonne geheiztem, Regenwasser, dass ration ell verwendet werden muss. Das Trinkwasser kommt aus der Wasserleitung und befindet sich in Wasserbeh\u00e4ltern. In FischerHaus finden Sie Bettw\u00e4sche, K\u00fcchengeschirr und Gask\u00fchlschrank. Fischerhaus Cigrada 2+2 mit ein sch\u00f6nen Meerblick befindet sich in ausgezeichnete Lage, nur 70m. vom Meer entfernt. Die Fischerhaus hat eine Fl\u00e4che von 40 m2. Diese Fischerhaus verf\u00fcgt \u00fcber ein Schlafzimmer wo 2 Erwachsene schlafen k\u00f6nnen. Es gibt ein Zustellbett f\u00fcr zwei Personen. Es gibt einen kostenlosen Parkplatz. Es gibt eine Badezimmer mit Dusche. Die Fischerhaus ist ausgestattet mit Fernseher, kostenlosen WiFi Internetanschluss. Balkon\/Terrasse ist 30 m2 gro\u00df. , hat ein Wohnzimmer, die zum Schlafen genutzt werden kann. Befindet sich im Erdgeschoss. Haustiere &#8211; nach Absprache. Die Fischerhaus ist 2500m. weit vom Zentrum und ca. 40m. weit vom Meer oder dem ersten Strand in Murter<\/div>\n<\/div>\n<\/div>\n<\/div>\n<div align=\"center\"><\/div>\n","protected":false},"featured_media":32690,"template":"","meta":{"_acf_changed":false},"product_brand":[],"product_cat":[142,149],"product_tag":[],"class_list":{"0":"post-53727","1":"product","2":"type-product","3":"status-publish","4":"has-post-thumbnail","6":"product_cat-ferienwohnungen-mit-meerblick","7":"product_cat-fischerhaus-robinson","9":"first","10":"instock","11":"sold-individually","12":"shipping-taxable","13":"purchasable","14":"product-type-phive_booking"},"acf":[],"_links":{"self":[{"href":"https:\/\/murter-online.com\/de\/wp-json\/wp\/v2\/product\/53727","targetHints":{"allow":["GET"]}}],"collection":[{"href":"https:\/\/murter-online.com\/de\/wp-json\/wp\/v2\/product"}],"about":[{"href":"https:\/\/murter-online.com\/de\/wp-json\/wp\/v2\/types\/product"}],"wp:featuredmedia":[{"embeddable":true,"href":"https:\/\/murter-online.com\/de\/wp-json\/wp\/v2\/media\/32690"}],"wp:attachment":[{"href":"https:\/\/murter-online.com\/de\/wp-json\/wp\/v2\/media?parent=53727"}],"wp:term":[{"taxonomy":"product_brand","embeddable":true,"href":"https:\/\/murter-online.com\/de\/wp-json\/wp\/v2\/product_brand?post=53727"},{"taxonomy":"product_cat","embeddable":true,"href":"https:\/\/murter-online.com\/de\/wp-json\/wp\/v2\/product_cat?post=53727"},{"taxonomy":"product_tag","embeddable":true,"href":"https:\/\/murter-online.com\/de\/wp-json\/wp\/v2\/product_tag?post=53727"}],"curies":[{"name":"wp","href":"https:\/\/api.w.org\/{rel}","templated":true}]}}