{"id":53733,"date":"2025-01-06T18:46:06","date_gmt":"2025-01-06T18:46:06","guid":{"rendered":"https:\/\/murter.riot.hr\/?post_type=product&#038;p=53733"},"modified":"2025-03-28T17:26:35","modified_gmt":"2025-03-28T16:26:35","slug":"fischerhaus-murter-insel-vinik-a22","status":"publish","type":"product","link":"https:\/\/murter-online.com\/de\/produkt\/fischerhaus-murter-insel-vinik-a22\/","title":{"rendered":"Robinson haus am meer Murter Insel Vinik A2+2"},"content":{"rendered":"","protected":false},"excerpt":{"rendered":"<div><\/div>\n<div>Das Fischerhaus mit einem Schlafzimmer ist mit Sonnenkollektoren ausgestattet, von denen aus Sie ein Netzteil verwenden k\u00f6nnen &#8211; kleinere Ger\u00e4te k\u00f6nnen verwendet werden. Das Wasser aus dem Tank ist gut und sauber zum Duschen (hei\u00dfe Sonne). K\u00fchlschrank und Herd sind gasbetrieben. Es gibt genug Wasser, aber es sollte rational verwendet werden. Ein kostenloser Parkplatz befindet sich vor dem Eigent\u00fcmerhaus in Murter. Das Fischerhaus ist mit einem Fernseher und kostenlosem WLAN ausgestattet. Das Fischerhaus verf\u00fcgt \u00fcber ein Badezimmer mit Dusche. Es gibt ein Wohnzimmer, in dem man schlafen kann. Die Wohnfl\u00e4che betr\u00e4gt 30 m2. und der Balkon \/ die Terrasse ist 15 m2 gro\u00df. Im Fischerhaus k\u00f6nnen 2 Personen auf den Hauptbetten und 2 Personen auf einem Schlafsofa im Wohnzimmer schlafen. Das Fischerhaus befindet sich im Erdgeschoss. Haustiere erlaubt. Das Fischerhaus verf\u00fcgt \u00fcber einen eigenen kostenlosen Parkplatz. Es gibt einen offenen Grill.<\/div>\n","protected":false},"featured_media":33638,"template":"","meta":{"_acf_changed":false},"product_brand":[],"product_cat":[142,149],"product_tag":[],"class_list":{"0":"post-53733","1":"product","2":"type-product","3":"status-publish","4":"has-post-thumbnail","6":"product_cat-ferienwohnungen-mit-meerblick","7":"product_cat-fischerhaus-robinson","9":"first","10":"instock","11":"sold-individually","12":"shipping-taxable","13":"purchasable","14":"product-type-phive_booking"},"acf":[],"_links":{"self":[{"href":"https:\/\/murter-online.com\/de\/wp-json\/wp\/v2\/product\/53733","targetHints":{"allow":["GET"]}}],"collection":[{"href":"https:\/\/murter-online.com\/de\/wp-json\/wp\/v2\/product"}],"about":[{"href":"https:\/\/murter-online.com\/de\/wp-json\/wp\/v2\/types\/product"}],"wp:featuredmedia":[{"embeddable":true,"href":"https:\/\/murter-online.com\/de\/wp-json\/wp\/v2\/media\/33638"}],"wp:attachment":[{"href":"https:\/\/murter-online.com\/de\/wp-json\/wp\/v2\/media?parent=53733"}],"wp:term":[{"taxonomy":"product_brand","embeddable":true,"href":"https:\/\/murter-online.com\/de\/wp-json\/wp\/v2\/product_brand?post=53733"},{"taxonomy":"product_cat","embeddable":true,"href":"https:\/\/murter-online.com\/de\/wp-json\/wp\/v2\/product_cat?post=53733"},{"taxonomy":"product_tag","embeddable":true,"href":"https:\/\/murter-online.com\/de\/wp-json\/wp\/v2\/product_tag?post=53733"}],"curies":[{"name":"wp","href":"https:\/\/api.w.org\/{rel}","templated":true}]}}