{"id":53738,"date":"2025-01-06T18:52:34","date_gmt":"2025-01-06T18:52:34","guid":{"rendered":"https:\/\/murter.riot.hr\/?post_type=product&#038;p=53738"},"modified":"2025-03-28T19:16:22","modified_gmt":"2025-03-28T18:16:22","slug":"fischerhaus-murter-a21-insel-zminjak","status":"publish","type":"product","link":"https:\/\/murter-online.com\/de\/produkt\/fischerhaus-murter-a21-insel-zminjak\/","title":{"rendered":"Fischer haus am meer Murter A2+1 &#8211; Insel Zminjak"},"content":{"rendered":"","protected":false},"excerpt":{"rendered":"<p>Das Fischerhaus befindet sich auf der Insel Zminjak, in der N\u00e4he der Insel Murter. Ein Boot ist im Preis des Hauses inbegriffen und kann kostenlos genutzt werden. Das Haus hat ein Schlafzimmer mit einem Doppelbett. Das Haus verf\u00fcgt \u00fcber ein Wohnzimmer, das zum Schlafen genutzt werden kann. Das Haus ist mit einem K\u00fchlschrank, einem Herd, Koch- und Essgeschirr und einem Radioempf\u00e4nger ausgestattet. Das Haus verf\u00fcgt \u00fcber ein Badezimmer mit Dusche und WC. Art der Beleuchtung &#8211; Solarenergie, Strom ist 12V. Das Haus befindet sich im Erdgeschoss, die Gr\u00f6\u00dfe der Terrasse betr\u00e4gt 15 Quadratmeter. Das Haus hat Meerblick. Haustiere sind gegen Aufpreis erlaubt. Parkpl\u00e4tze stehen auf der Insel Murter kostenfrei zur Verf\u00fcgung. Es gibt einen Au\u00dfengrill, der kostenlos genutzt werden kann. Das Wasser kommt aus der Zisterne.<\/p>\n","protected":false},"featured_media":33818,"template":"","meta":{"_acf_changed":false},"product_brand":[],"product_cat":[142,149],"product_tag":[],"class_list":{"0":"post-53738","1":"product","2":"type-product","3":"status-publish","4":"has-post-thumbnail","6":"product_cat-ferienwohnungen-mit-meerblick","7":"product_cat-fischerhaus-robinson","9":"first","10":"instock","11":"sold-individually","12":"shipping-taxable","13":"purchasable","14":"product-type-phive_booking"},"acf":[],"_links":{"self":[{"href":"https:\/\/murter-online.com\/de\/wp-json\/wp\/v2\/product\/53738","targetHints":{"allow":["GET"]}}],"collection":[{"href":"https:\/\/murter-online.com\/de\/wp-json\/wp\/v2\/product"}],"about":[{"href":"https:\/\/murter-online.com\/de\/wp-json\/wp\/v2\/types\/product"}],"wp:featuredmedia":[{"embeddable":true,"href":"https:\/\/murter-online.com\/de\/wp-json\/wp\/v2\/media\/33818"}],"wp:attachment":[{"href":"https:\/\/murter-online.com\/de\/wp-json\/wp\/v2\/media?parent=53738"}],"wp:term":[{"taxonomy":"product_brand","embeddable":true,"href":"https:\/\/murter-online.com\/de\/wp-json\/wp\/v2\/product_brand?post=53738"},{"taxonomy":"product_cat","embeddable":true,"href":"https:\/\/murter-online.com\/de\/wp-json\/wp\/v2\/product_cat?post=53738"},{"taxonomy":"product_tag","embeddable":true,"href":"https:\/\/murter-online.com\/de\/wp-json\/wp\/v2\/product_tag?post=53738"}],"curies":[{"name":"wp","href":"https:\/\/api.w.org\/{rel}","templated":true}]}}