{"id":53743,"date":"2025-01-06T18:54:45","date_gmt":"2025-01-06T18:54:45","guid":{"rendered":"https:\/\/murter.riot.hr\/?post_type=product&#038;p=53743"},"modified":"2025-03-28T20:05:25","modified_gmt":"2025-03-28T19:05:25","slug":"robinsonhaus-murter-mali-vinik-a4","status":"publish","type":"product","link":"https:\/\/murter-online.com\/de\/produkt\/robinsonhaus-murter-mali-vinik-a4\/","title":{"rendered":"Fischerhaus direkt am meer Murter Mali Vinik A4+2"},"content":{"rendered":"","protected":false},"excerpt":{"rendered":"<p>Das wundersch\u00f6ne Robinson-Haus liegt auf der Insel Mali Vinik in der N\u00e4he von Murter. Das Haus besteht aus einem Schlafzimmer auf der Galerie, in dem zwei Erwachsene schlafen k\u00f6nnen. Im Wohnzimmer gibt es ein gro\u00dfes Schlafsofa, das zum Schlafen genutzt werden kann. Das Haus ist mit Herd, Backofen, K\u00fchlschrank, Klimaanlage und tragbarem Lautsprecher ausgestattet. Im Haus gibt es zwei Fernseher. Den G\u00e4sten stehen ein Gasgrill und zwei SUP-Paddleboards zur Verf\u00fcgung. Der Strom ist 220 V. Das Haus ist 38 Quadratmeter gro\u00df<\/p>\n","protected":false},"featured_media":33998,"template":"","meta":{"_acf_changed":false},"product_brand":[],"product_cat":[149],"product_tag":[],"class_list":{"0":"post-53743","1":"product","2":"type-product","3":"status-publish","4":"has-post-thumbnail","6":"product_cat-fischerhaus-robinson","8":"first","9":"instock","10":"sold-individually","11":"shipping-taxable","12":"purchasable","13":"product-type-phive_booking"},"acf":[],"_links":{"self":[{"href":"https:\/\/murter-online.com\/de\/wp-json\/wp\/v2\/product\/53743","targetHints":{"allow":["GET"]}}],"collection":[{"href":"https:\/\/murter-online.com\/de\/wp-json\/wp\/v2\/product"}],"about":[{"href":"https:\/\/murter-online.com\/de\/wp-json\/wp\/v2\/types\/product"}],"wp:featuredmedia":[{"embeddable":true,"href":"https:\/\/murter-online.com\/de\/wp-json\/wp\/v2\/media\/33998"}],"wp:attachment":[{"href":"https:\/\/murter-online.com\/de\/wp-json\/wp\/v2\/media?parent=53743"}],"wp:term":[{"taxonomy":"product_brand","embeddable":true,"href":"https:\/\/murter-online.com\/de\/wp-json\/wp\/v2\/product_brand?post=53743"},{"taxonomy":"product_cat","embeddable":true,"href":"https:\/\/murter-online.com\/de\/wp-json\/wp\/v2\/product_cat?post=53743"},{"taxonomy":"product_tag","embeddable":true,"href":"https:\/\/murter-online.com\/de\/wp-json\/wp\/v2\/product_tag?post=53743"}],"curies":[{"name":"wp","href":"https:\/\/api.w.org\/{rel}","templated":true}]}}