{"id":53746,"date":"2025-01-06T19:01:58","date_gmt":"2025-01-06T19:01:58","guid":{"rendered":"https:\/\/murter.riot.hr\/?post_type=product&#038;p=53746"},"modified":"2025-03-28T20:14:33","modified_gmt":"2025-03-28T19:14:33","slug":"fischerhaus-murter-podvrske-a4-id-95","status":"publish","type":"product","link":"https:\/\/murter-online.com\/de\/produkt\/fischerhaus-murter-podvrske-a4-id-95\/","title":{"rendered":"Fischerhaus direkt am meer Murter Podvr\u0161ke strand A4 ID 95"},"content":{"rendered":"","protected":false},"excerpt":{"rendered":"<p>Fischerhaus Murter. Das Fischerhaus mit herrlichem Meerblick befindet sich in ausgezeichneter Lage, nur 50 Meter vom Meer entfernt. Das Fischerhaus verf\u00fcgt \u00fcber Sonnenkollektoren, aus denen Strom gewonnen wird (kleinere Ger\u00e4te k\u00f6nnen verwendet werden). Es hat einen K\u00fchlschrank und einen Gasherd. Wasser ist gut zum Duschen (aus Leitungswasser oder Regenwasser), von der Sonne erw\u00e4rmt. Es gibt genug Wasser, wenn es rational verwendet wird. Das Fischerhaus hat eine Fl\u00e4che von 40 m2. In dieser Wohnung k\u00f6nnen 4 Erwachsene schlafen. Kein Wohnzimmer. Die Fl\u00e4che des Balkons \/ der Terrasse betr\u00e4gt 30 m2. Es hat ein Badezimmer mit Dusche. Das Parken ist vorhanden und im Preis inbegriffen. Das Fischerhaus liegt etwa 2000 m vom Zentrum und 50 m vom Meer oder dem ersten Strand in Murter entfernt. Haustiere sind erlaubt.<\/p>\n","protected":false},"featured_media":34158,"template":"","meta":{"_acf_changed":false},"product_brand":[],"product_cat":[149,146],"product_tag":[],"class_list":{"0":"post-53746","1":"product","2":"type-product","3":"status-publish","4":"has-post-thumbnail","6":"product_cat-fischerhaus-robinson","7":"product_cat-studio-apartment-de","9":"first","10":"instock","11":"sold-individually","12":"shipping-taxable","13":"purchasable","14":"product-type-phive_booking"},"acf":[],"_links":{"self":[{"href":"https:\/\/murter-online.com\/de\/wp-json\/wp\/v2\/product\/53746","targetHints":{"allow":["GET"]}}],"collection":[{"href":"https:\/\/murter-online.com\/de\/wp-json\/wp\/v2\/product"}],"about":[{"href":"https:\/\/murter-online.com\/de\/wp-json\/wp\/v2\/types\/product"}],"wp:featuredmedia":[{"embeddable":true,"href":"https:\/\/murter-online.com\/de\/wp-json\/wp\/v2\/media\/34158"}],"wp:attachment":[{"href":"https:\/\/murter-online.com\/de\/wp-json\/wp\/v2\/media?parent=53746"}],"wp:term":[{"taxonomy":"product_brand","embeddable":true,"href":"https:\/\/murter-online.com\/de\/wp-json\/wp\/v2\/product_brand?post=53746"},{"taxonomy":"product_cat","embeddable":true,"href":"https:\/\/murter-online.com\/de\/wp-json\/wp\/v2\/product_cat?post=53746"},{"taxonomy":"product_tag","embeddable":true,"href":"https:\/\/murter-online.com\/de\/wp-json\/wp\/v2\/product_tag?post=53746"}],"curies":[{"name":"wp","href":"https:\/\/api.w.org\/{rel}","templated":true}]}}