{"id":54295,"date":"2025-02-17T16:53:08","date_gmt":"2025-02-17T15:53:08","guid":{"rendered":"https:\/\/murter-online.com\/?post_type=product&#038;p=54295"},"modified":"2025-04-03T17:24:21","modified_gmt":"2025-04-03T16:24:21","slug":"haus-jersane-ferienwohnung-vista-mare-a21-id-57","status":"publish","type":"product","link":"https:\/\/murter-online.com\/de\/produkt\/haus-jersane-ferienwohnung-vista-mare-a21-id-57\/","title":{"rendered":"Ferienwohnung Murter meerblick Luke A2+1 ID 57"},"content":{"rendered":"","protected":false},"excerpt":{"rendered":"<p>Das Apartment Jersane Vista Mare A2 + 1 ID 56 befindet sich in einer sehr guten Lage, nur wenige Meter vom Meer entfernt. In der N\u00e4he befindet sich der Stadtstrand Luke, ein Restaurant, Caf\u00e9s und ein Supermarkt. Das Stadtzentrum ist ca. 10 Gehminuten entfernt. Die Wohnung verf\u00fcgt \u00fcber einen Balkon, von dem aus Sie den sch\u00f6nen Blick auf das Meer und die umliegenden Inseln genie\u00dfen k\u00f6nnen. Die Wohnung ist mit kostenfreiem WLAN und Klimaanlage ausgestattet. Bettw\u00e4sche, Handt\u00fccher und Endreinigung sind im Preis inbegriffen.<\/p>\n","protected":false},"featured_media":21058,"template":"","meta":{"_acf_changed":false},"product_brand":[],"product_cat":[130,142],"product_tag":[],"class_list":{"0":"post-54295","1":"product","2":"type-product","3":"status-publish","4":"has-post-thumbnail","6":"product_cat-ferienwohnungen","7":"product_cat-ferienwohnungen-mit-meerblick","9":"first","10":"instock","11":"sold-individually","12":"shipping-taxable","13":"purchasable","14":"product-type-phive_booking"},"acf":[],"_links":{"self":[{"href":"https:\/\/murter-online.com\/de\/wp-json\/wp\/v2\/product\/54295","targetHints":{"allow":["GET"]}}],"collection":[{"href":"https:\/\/murter-online.com\/de\/wp-json\/wp\/v2\/product"}],"about":[{"href":"https:\/\/murter-online.com\/de\/wp-json\/wp\/v2\/types\/product"}],"wp:featuredmedia":[{"embeddable":true,"href":"https:\/\/murter-online.com\/de\/wp-json\/wp\/v2\/media\/21058"}],"wp:attachment":[{"href":"https:\/\/murter-online.com\/de\/wp-json\/wp\/v2\/media?parent=54295"}],"wp:term":[{"taxonomy":"product_brand","embeddable":true,"href":"https:\/\/murter-online.com\/de\/wp-json\/wp\/v2\/product_brand?post=54295"},{"taxonomy":"product_cat","embeddable":true,"href":"https:\/\/murter-online.com\/de\/wp-json\/wp\/v2\/product_cat?post=54295"},{"taxonomy":"product_tag","embeddable":true,"href":"https:\/\/murter-online.com\/de\/wp-json\/wp\/v2\/product_tag?post=54295"}],"curies":[{"name":"wp","href":"https:\/\/api.w.org\/{rel}","templated":true}]}}