{"id":54583,"date":"2025-02-22T09:11:32","date_gmt":"2025-02-22T08:11:32","guid":{"rendered":"https:\/\/murter-online.com\/?post_type=product&#038;p=54583"},"modified":"2025-04-03T10:39:10","modified_gmt":"2025-04-03T09:39:10","slug":"ferienwohnung-vlake-murter-slanica-a2-id-326","status":"publish","type":"product","link":"https:\/\/murter-online.com\/de\/produkt\/ferienwohnung-vlake-murter-slanica-a2-id-326\/","title":{"rendered":"Ferienwohnung Murter meerblick Slanica Murter A2 ID 326"},"content":{"rendered":"","protected":false},"excerpt":{"rendered":"<pre id=\"tw-target-text\" class=\"tw-data-text tw-text-large tw-ta\" dir=\"ltr\" data-placeholder=\"Prijevod\" data-ved=\"2ahUKEwiH2JST2taLAxWwKBAIHcNvIjUQ3ewLegQIBxAV\" aria-label=\"Prevedeni tekst: Sch\u00f6ne Wohnung in Murter mit Meerblick. Die Wohnung liegt oberhalb des ber\u00fchmtesten Sandstrandes in Murter \u2013 Slanica und bietet einen wundersch\u00f6nen Meerblick auf die Kornaten. Die Wohnung verf\u00fcgt \u00fcber Klimaanlage, WLAN, Sat-TV, eine voll ausgestattete K\u00fcche. Die Wohnung verf\u00fcgt \u00fcber kostenlose Parkpl\u00e4tze f\u00fcr G\u00e4ste. Es gibt einen Au\u00dfengrill, der kostenlos genutzt werden kann. Das Apartment verf\u00fcgt \u00fcber ein Schlafzimmer f\u00fcr 2 Personen, ein separates Wohnzimmer, eine K\u00fcche und ein Badezimmer. Die Gr\u00f6\u00dfe der Wohnung betr\u00e4gt 55 Quadratmeter.\"><span class=\"Y2IQFc\" lang=\"de\">Sch\u00f6ne Wohnung in Murter mit Meerblick. Die Wohnung liegt oberhalb des ber\u00fchmtesten Sandstrandes in Murter \u2013 Slanica und bietet einen wundersch\u00f6nen Meerblick auf die Kornaten.\r\nDie Wohnung verf\u00fcgt \u00fcber Klimaanlage, WLAN, Sat-TV, eine voll ausgestattete K\u00fcche. Die Wohnung verf\u00fcgt \u00fcber kostenlose Parkpl\u00e4tze f\u00fcr G\u00e4ste. Es gibt einen Au\u00dfengrill, der kostenlos genutzt werden kann. Das Apartment verf\u00fcgt \u00fcber ein Schlafzimmer f\u00fcr 2 Personen, ein separates Wohnzimmer, eine K\u00fcche und ein Badezimmer.\r\nDie Gr\u00f6\u00dfe der Wohnung betr\u00e4gt 55 Quadratmeter.<\/span><\/pre>\n","protected":false},"featured_media":54509,"template":"","meta":{"_acf_changed":false},"product_brand":[],"product_cat":[130,142],"product_tag":[],"class_list":{"0":"post-54583","1":"product","2":"type-product","3":"status-publish","4":"has-post-thumbnail","6":"product_cat-ferienwohnungen","7":"product_cat-ferienwohnungen-mit-meerblick","9":"first","10":"instock","11":"sold-individually","12":"shipping-taxable","13":"purchasable","14":"product-type-phive_booking"},"acf":[],"_links":{"self":[{"href":"https:\/\/murter-online.com\/de\/wp-json\/wp\/v2\/product\/54583","targetHints":{"allow":["GET"]}}],"collection":[{"href":"https:\/\/murter-online.com\/de\/wp-json\/wp\/v2\/product"}],"about":[{"href":"https:\/\/murter-online.com\/de\/wp-json\/wp\/v2\/types\/product"}],"wp:featuredmedia":[{"embeddable":true,"href":"https:\/\/murter-online.com\/de\/wp-json\/wp\/v2\/media\/54509"}],"wp:attachment":[{"href":"https:\/\/murter-online.com\/de\/wp-json\/wp\/v2\/media?parent=54583"}],"wp:term":[{"taxonomy":"product_brand","embeddable":true,"href":"https:\/\/murter-online.com\/de\/wp-json\/wp\/v2\/product_brand?post=54583"},{"taxonomy":"product_cat","embeddable":true,"href":"https:\/\/murter-online.com\/de\/wp-json\/wp\/v2\/product_cat?post=54583"},{"taxonomy":"product_tag","embeddable":true,"href":"https:\/\/murter-online.com\/de\/wp-json\/wp\/v2\/product_tag?post=54583"}],"curies":[{"name":"wp","href":"https:\/\/api.w.org\/{rel}","templated":true}]}}