{"id":54665,"date":"2025-02-22T09:39:21","date_gmt":"2025-02-22T08:39:21","guid":{"rendered":"https:\/\/murter-online.com\/?post_type=product&#038;p=54665"},"modified":"2025-04-19T07:09:17","modified_gmt":"2025-04-19T06:09:17","slug":"ferienwohnung-vlake-murter-slanica-a4-id-327","status":"publish","type":"product","link":"https:\/\/murter-online.com\/de\/produkt\/ferienwohnung-vlake-murter-slanica-a4-id-327\/","title":{"rendered":"Ferienwohnung Murter Meerblick Vlake A4 ID 327"},"content":{"rendered":"","protected":false},"excerpt":{"rendered":"<pre id=\"tw-target-text\" class=\"tw-data-text tw-text-large tw-ta\" dir=\"ltr\" data-placeholder=\"Prijevod\" data-ved=\"2ahUKEwiH2JST2taLAxWwKBAIHcNvIjUQ3ewLegQIBxAV\" aria-label=\"Prevedeni tekst: Sch\u00f6ne Wohnung in Murter mit Meerblick. Die Wohnung liegt oberhalb des ber\u00fchmtesten Sandstrandes in Murter \u2013 Slanica und bietet einen wundersch\u00f6nen Meerblick auf die Kornaten. Die Wohnung verf\u00fcgt \u00fcber Klimaanlage, WLAN, Sat-TV, eine voll ausgestattete K\u00fcche. Die Wohnung verf\u00fcgt \u00fcber kostenlose Parkpl\u00e4tze f\u00fcr G\u00e4ste. Es gibt einen Au\u00dfengrill, der kostenlos genutzt werden kann. Das Apartment verf\u00fcgt \u00fcber zwei Schlafzimmer f\u00fcr 4 Personen, ein separates Wohnzimmer, eine K\u00fcche und ein Badezimmer. Die Gr\u00f6\u00dfe der Wohnung betr\u00e4gt 110 Quadratmeter.\"><span class=\"Y2IQFc\" lang=\"de\">Sch\u00f6ne Wohnung in Murter mit Meerblick. Die Wohnung liegt oberhalb des ber\u00fchmtesten Sandstrandes in Murter \u2013 Slanica und bietet einen wundersch\u00f6nen Meerblick auf die Kornaten.\r\nDie Wohnung verf\u00fcgt \u00fcber Klimaanlage, WLAN, Sat-TV, eine voll ausgestattete K\u00fcche. Die Wohnung verf\u00fcgt \u00fcber kostenlose Parkpl\u00e4tze f\u00fcr G\u00e4ste. Es gibt einen Au\u00dfengrill, der kostenlos genutzt werden kann. Das Apartment verf\u00fcgt \u00fcber zwei Schlafzimmer f\u00fcr 4 Personen, ein separates Wohnzimmer, eine K\u00fcche und ein Badezimmer.\r\nDie Gr\u00f6\u00dfe der Wohnung betr\u00e4gt 110 Quadratmeter.<\/span><\/pre>\n","protected":false},"featured_media":54591,"template":"","meta":{"_acf_changed":false},"product_brand":[],"product_cat":[144,130,142],"product_tag":[],"class_list":{"0":"post-54665","1":"product","2":"type-product","3":"status-publish","4":"has-post-thumbnail","6":"product_cat-familien-ferienwohnung","7":"product_cat-ferienwohnungen","8":"product_cat-ferienwohnungen-mit-meerblick","10":"first","11":"instock","12":"sold-individually","13":"shipping-taxable","14":"purchasable","15":"product-type-phive_booking"},"acf":[],"_links":{"self":[{"href":"https:\/\/murter-online.com\/de\/wp-json\/wp\/v2\/product\/54665","targetHints":{"allow":["GET"]}}],"collection":[{"href":"https:\/\/murter-online.com\/de\/wp-json\/wp\/v2\/product"}],"about":[{"href":"https:\/\/murter-online.com\/de\/wp-json\/wp\/v2\/types\/product"}],"wp:featuredmedia":[{"embeddable":true,"href":"https:\/\/murter-online.com\/de\/wp-json\/wp\/v2\/media\/54591"}],"wp:attachment":[{"href":"https:\/\/murter-online.com\/de\/wp-json\/wp\/v2\/media?parent=54665"}],"wp:term":[{"taxonomy":"product_brand","embeddable":true,"href":"https:\/\/murter-online.com\/de\/wp-json\/wp\/v2\/product_brand?post=54665"},{"taxonomy":"product_cat","embeddable":true,"href":"https:\/\/murter-online.com\/de\/wp-json\/wp\/v2\/product_cat?post=54665"},{"taxonomy":"product_tag","embeddable":true,"href":"https:\/\/murter-online.com\/de\/wp-json\/wp\/v2\/product_tag?post=54665"}],"curies":[{"name":"wp","href":"https:\/\/api.w.org\/{rel}","templated":true}]}}