{"id":56659,"date":"2025-01-03T15:15:04","date_gmt":"2025-01-03T15:15:04","guid":{"rendered":"https:\/\/murter-online.com\/?post_type=product&#038;p=56659"},"modified":"2025-04-26T07:28:56","modified_gmt":"2025-04-26T06:28:56","slug":"ferienwohnung-fuer-familien-kornatska-summer-flower-murter-a41-id-116","status":"publish","type":"product","link":"https:\/\/murter-online.com\/de\/produkt\/ferienwohnung-fuer-familien-kornatska-summer-flower-murter-a41-id-116\/","title":{"rendered":"Ferienwohnung f\u00fcr familien Kornatska Summer Flower Murter A4+1 ID 116"},"content":{"rendered":"","protected":false},"excerpt":{"rendered":"<p>Die Wohnung befindet sich in einer guten Lage, 350 m vom Meer entfernt. Die Wohnung ist mit TV, Backofen und KOSTENLOSER WLAN-Internetverbindung ausgestattet. Die Wohnung verf\u00fcgt \u00fcber ein Badezimmer mit Dusche. Es gibt ein Wohnzimmer, das zum Schlafen genutzt werden kann. Die Wohnfl\u00e4che betr\u00e4gt 60 m2. und der Balkon\/Terrasse ist 30 m2 gro\u00df. In der Wohnung k\u00f6nnen 4 Personen auf den Hauptbetten und 1 Person auf einem Schlafsofa im Wohnzimmer schlafen. Die Wohnung befindet sich im Erdgeschoss. Haustiere &#8211; nach Vereinbarung. Zur Wohnung geh\u00f6rt ein eigener kostenfreier Parkplatz. Es gibt einen offenen Grill. Die Wohnung ist 450m\u00b2 gro\u00df. weit vom Zentrum entfernt und ca. 350m. weit weg vom Meer oder dem ersten Strand in Murter<\/p>\n<p>&nbsp;<\/p>\n","protected":false},"featured_media":22346,"template":"","meta":{"_acf_changed":false},"product_brand":[],"product_cat":[144,130],"product_tag":[],"class_list":{"0":"post-56659","1":"product","2":"type-product","3":"status-publish","4":"has-post-thumbnail","6":"product_cat-familien-ferienwohnung","7":"product_cat-ferienwohnungen","9":"first","10":"instock","11":"sold-individually","12":"shipping-taxable","13":"purchasable","14":"product-type-phive_booking"},"acf":[],"_links":{"self":[{"href":"https:\/\/murter-online.com\/de\/wp-json\/wp\/v2\/product\/56659","targetHints":{"allow":["GET"]}}],"collection":[{"href":"https:\/\/murter-online.com\/de\/wp-json\/wp\/v2\/product"}],"about":[{"href":"https:\/\/murter-online.com\/de\/wp-json\/wp\/v2\/types\/product"}],"wp:featuredmedia":[{"embeddable":true,"href":"https:\/\/murter-online.com\/de\/wp-json\/wp\/v2\/media\/22346"}],"wp:attachment":[{"href":"https:\/\/murter-online.com\/de\/wp-json\/wp\/v2\/media?parent=56659"}],"wp:term":[{"taxonomy":"product_brand","embeddable":true,"href":"https:\/\/murter-online.com\/de\/wp-json\/wp\/v2\/product_brand?post=56659"},{"taxonomy":"product_cat","embeddable":true,"href":"https:\/\/murter-online.com\/de\/wp-json\/wp\/v2\/product_cat?post=56659"},{"taxonomy":"product_tag","embeddable":true,"href":"https:\/\/murter-online.com\/de\/wp-json\/wp\/v2\/product_tag?post=56659"}],"curies":[{"name":"wp","href":"https:\/\/api.w.org\/{rel}","templated":true}]}}