{"id":59773,"date":"2025-12-22T11:48:46","date_gmt":"2025-12-22T10:48:46","guid":{"rendered":"https:\/\/murter-online.com\/?post_type=product&#038;p=59773"},"modified":"2025-12-22T15:26:09","modified_gmt":"2025-12-22T14:26:09","slug":"apartment-mit-meerblick-in-murter-podraduc-nikolina-a22-id-323","status":"publish","type":"product","link":"https:\/\/murter-online.com\/de\/produkt\/apartment-mit-meerblick-in-murter-podraduc-nikolina-a22-id-323\/","title":{"rendered":"Apartment mit Meerblick in Murter Podradu\u010d Nikolina A2+2 ID 323"},"content":{"rendered":"","protected":false},"excerpt":{"rendered":"<p>Die Wohnung mit wundersch\u00f6nem Meerblick befindet sich in einem attraktiven Teil von Murter, in der Podradu\u010d-Stra\u00dfe, an einem ruhigen und friedlichen Ort. Die Wohnung verf\u00fcgt \u00fcber 1 Schlafzimmer, in dem 2 Personen schlafen k\u00f6nnen, die Wohnung verf\u00fcgt au\u00dferdem \u00fcber ein Wohnzimmer mit einem Zustellbett, das zum Schlafen genutzt werden kann. Es gibt einen Backofen, einen Wasserkocher und einen Gefrierschrank, der Rest der K\u00fcche ist komplett ausgestattet. Die Wohnung verf\u00fcgt \u00fcber eine sch\u00f6ne Terrasse mit Meerblick auf die Kornaten. Das Apartment verf\u00fcgt \u00fcber eine Klimaanlage, kostenfreies WLAN und Sat-TV. Vor der Wohnung stehen den G\u00e4sten kostenfreie Parkpl\u00e4tze zur Verf\u00fcgung. Im Innenhof der Wohnung befindet sich ein Grill, der kostenfrei genutzt werden kann. Unterhalb der Wohnung (70 Meter) befindet sich ein sch\u00f6ner, sauberer Felsstrand.<\/p>\n","protected":false},"featured_media":59689,"template":"","meta":{"_acf_changed":false},"product_brand":[],"product_cat":[130,142],"product_tag":[],"class_list":{"0":"post-59773","1":"product","2":"type-product","3":"status-publish","4":"has-post-thumbnail","6":"product_cat-ferienwohnungen","7":"product_cat-ferienwohnungen-mit-meerblick","9":"first","10":"instock","11":"sold-individually","12":"shipping-taxable","13":"purchasable","14":"product-type-phive_booking"},"acf":[],"_links":{"self":[{"href":"https:\/\/murter-online.com\/de\/wp-json\/wp\/v2\/product\/59773","targetHints":{"allow":["GET"]}}],"collection":[{"href":"https:\/\/murter-online.com\/de\/wp-json\/wp\/v2\/product"}],"about":[{"href":"https:\/\/murter-online.com\/de\/wp-json\/wp\/v2\/types\/product"}],"wp:featuredmedia":[{"embeddable":true,"href":"https:\/\/murter-online.com\/de\/wp-json\/wp\/v2\/media\/59689"}],"wp:attachment":[{"href":"https:\/\/murter-online.com\/de\/wp-json\/wp\/v2\/media?parent=59773"}],"wp:term":[{"taxonomy":"product_brand","embeddable":true,"href":"https:\/\/murter-online.com\/de\/wp-json\/wp\/v2\/product_brand?post=59773"},{"taxonomy":"product_cat","embeddable":true,"href":"https:\/\/murter-online.com\/de\/wp-json\/wp\/v2\/product_cat?post=59773"},{"taxonomy":"product_tag","embeddable":true,"href":"https:\/\/murter-online.com\/de\/wp-json\/wp\/v2\/product_tag?post=59773"}],"curies":[{"name":"wp","href":"https:\/\/api.w.org\/{rel}","templated":true}]}}