{"id":59927,"date":"2025-12-25T19:51:02","date_gmt":"2025-12-25T18:51:02","guid":{"rendered":"https:\/\/murter-online.com\/?post_type=product&#038;p=59927"},"modified":"2025-12-26T08:42:11","modified_gmt":"2025-12-26T07:42:11","slug":"apartment-mit-meerblick-murter-podraduc-nikolina-a41-id-329","status":"publish","type":"product","link":"https:\/\/murter-online.com\/de\/produkt\/apartment-mit-meerblick-murter-podraduc-nikolina-a41-id-329\/","title":{"rendered":"Apartment mit Meerblick Murter Podradu\u010d Nikolina A4+1 ID 329"},"content":{"rendered":"","protected":false},"excerpt":{"rendered":"<p id=\"tw-target-text\" class=\"tw-data-text tw-text-large tw-ta\" dir=\"ltr\" tabindex=\"-1\" role=\"text\" data-placeholder=\"Prijevod\" data-ved=\"2ahUKEwigirKCtdmRAxVN_bsIHYsrA64Q3ewLegQIDBAW\" aria-label=\"Prevedeni tekst: Dieses Apartment mit Schlafzimmern befindet sich in Murter in der Podradu\u010d-Stra\u00dfe. Wenn Sie einen ruhigen Urlaub in der N\u00e4he des Meeres verbringen m\u00f6chten, ist es eine gute Wahl f\u00fcr Sie. Das Apartment verf\u00fcgt \u00fcber eine gro\u00dfe Terrasse mit herrlichem Meerblick. Das Apartment verf\u00fcgt \u00fcber zwei Schlafzimmer, in denen mehrere Personen schlafen k\u00f6nnen, und ein zus\u00e4tzliches Bett im Wohnzimmer, das zum Schlafen genutzt werden kann. Die K\u00fcche ist komplett ausgestattet. Das Apartment verf\u00fcgt \u00fcber einen Backofen, einen gro\u00dfen K\u00fchlschrank, einen Geschirrsp\u00fcler, eine Klimaanlage und kostenfreies WLAN. Es gibt einen offenen Grill, der kostenlos genutzt werden kann. Der Parkplatz befindet sich vor dem Haus und ist im Preis der Wohnung inbegriffen. Ein felsiger Strand liegt 80 m von diesem Apartment entfernt.\"><span class=\"Y2IQFc\" lang=\"de\">Dieses Apartment mit Schlafzimmern befindet sich in Murter in der Podradu\u010d-Stra\u00dfe. Wenn Sie einen ruhigen Urlaub in der N\u00e4he des Meeres verbringen m\u00f6chten, ist es eine gute Wahl f\u00fcr Sie. Das Apartment verf\u00fcgt \u00fcber eine gro\u00dfe Terrasse mit herrlichem Meerblick. Das Apartment verf\u00fcgt \u00fcber zwei Schlafzimmer, in denen mehrere Personen schlafen k\u00f6nnen, und ein zus\u00e4tzliches Bett im Wohnzimmer, das zum Schlafen genutzt werden kann. Die K\u00fcche ist komplett ausgestattet. Das Apartment verf\u00fcgt \u00fcber einen Backofen, einen gro\u00dfen K\u00fchlschrank, einen Geschirrsp\u00fcler, eine Klimaanlage und kostenfreies WLAN. Es gibt einen offenen Grill, der kostenlos genutzt werden kann. Der Parkplatz befindet sich vor dem Haus und ist im Preis der Wohnung inbegriffen. Ein felsiger Strand liegt 80 m von diesem Apartment entfernt.<\/span><\/p>\n","protected":false},"featured_media":59932,"template":"","meta":{"_acf_changed":false},"product_brand":[],"product_cat":[130,142],"product_tag":[],"class_list":{"0":"post-59927","1":"product","2":"type-product","3":"status-publish","4":"has-post-thumbnail","6":"product_cat-ferienwohnungen","7":"product_cat-ferienwohnungen-mit-meerblick","9":"first","10":"instock","11":"sold-individually","12":"shipping-taxable","13":"purchasable","14":"product-type-phive_booking"},"acf":[],"_links":{"self":[{"href":"https:\/\/murter-online.com\/de\/wp-json\/wp\/v2\/product\/59927","targetHints":{"allow":["GET"]}}],"collection":[{"href":"https:\/\/murter-online.com\/de\/wp-json\/wp\/v2\/product"}],"about":[{"href":"https:\/\/murter-online.com\/de\/wp-json\/wp\/v2\/types\/product"}],"wp:featuredmedia":[{"embeddable":true,"href":"https:\/\/murter-online.com\/de\/wp-json\/wp\/v2\/media\/59932"}],"wp:attachment":[{"href":"https:\/\/murter-online.com\/de\/wp-json\/wp\/v2\/media?parent=59927"}],"wp:term":[{"taxonomy":"product_brand","embeddable":true,"href":"https:\/\/murter-online.com\/de\/wp-json\/wp\/v2\/product_brand?post=59927"},{"taxonomy":"product_cat","embeddable":true,"href":"https:\/\/murter-online.com\/de\/wp-json\/wp\/v2\/product_cat?post=59927"},{"taxonomy":"product_tag","embeddable":true,"href":"https:\/\/murter-online.com\/de\/wp-json\/wp\/v2\/product_tag?post=59927"}],"curies":[{"name":"wp","href":"https:\/\/api.w.org\/{rel}","templated":true}]}}