{"id":60421,"date":"2025-12-28T18:53:44","date_gmt":"2025-12-28T17:53:44","guid":{"rendered":"https:\/\/murter-online.com\/?post_type=product&#038;p=60421"},"modified":"2025-12-31T10:37:47","modified_gmt":"2025-12-31T09:37:47","slug":"studio-apartment-mit-meerblick-a21-murter-podvrske-id-326","status":"publish","type":"product","link":"https:\/\/murter-online.com\/de\/produkt\/studio-apartment-mit-meerblick-a21-murter-podvrske-id-326\/","title":{"rendered":"Studio-Apartment mit Meerblick A2+1 Murter Podvr\u0161ke ID 326"},"content":{"rendered":"","protected":false},"excerpt":{"rendered":"<div id=\"tw-container\" class=\"nev7se\" data-cp=\"1\" data-nnttsvi=\"1\" data-sletp=\"false\" data-sm=\"1\" data-ssbp=\"false\" data-sugg-time=\"500\" data-sugg-url=\"https:\/\/clients1.google.com\/complete\/search\" data-uilc=\"hr\" data-vil=\",af,af-ZA,am,am-ET,ar-EG,ar-AE,ar-KW,ar-QA,ar,ar-IL,ar-JO,ar-LB,ar-PS,az,az-AZ,bg,bg-BG,bn,bn-BD,bn-IN,ca,ca-es,cs,cs-CZ,de,de-DE,de-CH,de-AT,de-LI,en,en-US,en-CA,en-AU,en-NZ,en-GB,en-IN,en-KE,en-TZ,en-NG,en-GH,en-PH,en-ZA,es,es-ES,es-AR,es-UY,es-419,es-BO,es-CL,es-CR,es-CO,es-DO,es-EC,es-GT,es-HN,es-NI,es-PA,es-PE,es-PR,es-PY,es-SV,es-VE,es-MX,es-US,eu,eu-ES,fi,fi-FI,fr,fr-FR,fr-CH,fr-BE,gl,gl-ES,gu,gu-IN,he,he-IL,iw,iw-IL,hu,hu-HU,hy,hy-AM,id,id-ID,is,is-IS,it,it-IT,it-CH,ja,ja-JP,jv,jv-ID,ka,ka-GE,km,km-KH,kn,kn-IN,ko,ko-KR,la,lo,lo-LA,lv,lv-LV,ml,ml-IN,mr,mr-IN,ms,ms-MY,nl,nl-NL,nb,nb-NO,ne,ne-NP,pl,pl-PL,pt,pt-BR,pt-PT,ro,ro-RO,ru,ru-RU,si-LK,sk,sk-SK,sr,sr-RS,su,su-ID,sv,sv-SE,sw,sw-TZ,sw-KE,ta,ta-IN,ta-SG,ta-LK,ta-MY,te,te-IN,tr,tr-TR,ur,ur-PK,ur-IN,yue,yue-HK,yue-Hant-HK,zh-HK,zh,zh-CN,zh-cmn,zh-cmn-CN,zh-Hans,zh-Hans-CN,zh-cmn-Hans,zh-cmn-Hans-CN,cmn-CN,cmn-Hans,cmn-Hans-CN,zh-TW,zh-Hant-TW,cmn-TW,cmn-Hant-TW,zh-cmn-TW,zh-cmn-Hant-TW,zu,zu-ZA,hi,hi-IN,tl,tl-PH,pa,pa-IN\">\n<div>\n<div>\n<div id=\"tw-ob\" class=\"tw-src-ltr\">\n<div class=\"oSioSc\">\n<div id=\"tw-target\">\n<div id=\"kAz1tf\" class=\"g9WsWb PZPZlf\" data-attrid=\"tw-targetArea\" data-entityname=\"Google Translate\">\n<div id=\"tw-target-text-container\" class=\"tw-ta-container tw-nfl\" tabindex=\"0\" role=\"text\">\n<p id=\"tw-target-text\" class=\"tw-data-text tw-text-large tw-ta\" dir=\"ltr\" tabindex=\"-1\" role=\"text\" data-placeholder=\"Prijevod\" data-ved=\"2ahUKEwiO-u-lueeRAxU64wIHHUf-EdQQ3ewLegQIDBAW\" aria-label=\"Prevedeni tekst: Sch\u00f6ne, moderne Wohnung f\u00fcr 2+1 Personen, in toller Lage. Nur 4 Minuten vom \u00f6rtlichen Strand Luke und maximal 7 Minuten zu Fu\u00df vom Sandstrand Podvr\u0161ke entfernt. Das Apartment verf\u00fcgt \u00fcber ein Schlafzimmer, in dem 2 Personen schlafen k\u00f6nnen, und ein zus\u00e4tzliches Schlafsofa im Wohnzimmer, das zum Schlafen genutzt werden kann. Die kleine K\u00fcche ist komplett ausgestattet und verf\u00fcgt \u00fcber einen gro\u00dfen K\u00fchlschrank. Internet WLAN, Klimaanlage, Bettw\u00e4sche, Handt\u00fccher und Endreinigung sind im Apartmentpreis enthalten. Das Apartment verf\u00fcgt \u00fcber einen kleinen Balkon mit Meerblick. Die Toilette ist neu und sauber. Vor dem Haus im Hof \u200b\u200bgibt es einen Parkplatz f\u00fcr die G\u00e4ste.\"><span class=\"Y2IQFc\" lang=\"de\">Sch\u00f6ne, moderne Wohnung f\u00fcr 2+1 Personen, in toller Lage. Nur 4 Minuten vom \u00f6rtlichen Strand Luke und maximal 7 Minuten zu Fu\u00df vom Sandstrand Podvr\u0161ke entfernt. Das Apartment verf\u00fcgt \u00fcber ein Schlafzimmer, in dem 2 Personen schlafen k\u00f6nnen, und ein zus\u00e4tzliches Schlafsofa im Wohnzimmer, das zum Schlafen genutzt werden kann. Die kleine K\u00fcche ist komplett ausgestattet und verf\u00fcgt \u00fcber einen gro\u00dfen K\u00fchlschrank. Internet WLAN, Klimaanlage, Bettw\u00e4sche, Handt\u00fccher und Endreinigung sind im Apartmentpreis enthalten. Das Apartment verf\u00fcgt \u00fcber einen kleinen Balkon mit Meerblick. Die Toilette ist neu und sauber. Vor dem Haus im Hof \u200b\u200bgibt es einen Parkplatz f\u00fcr die G\u00e4ste.<\/span><\/p>\n<\/div>\n<div id=\"tw-target-rmn-container\" class=\"tw-target-rmn tw-ta-container tw-nfl\" tabindex=\"-1\" role=\"text\">\n<pre id=\"tw-target-rmn\" class=\"tw-data-placeholder tw-text-small tw-ta\" dir=\"ltr\" tabindex=\"-1\" role=\"text\" data-placeholder=\"\"><\/pre>\n<\/div>\n<div class=\"iYB33c\">\n<div id=\"tw-tmenu\" class=\"tw-menu\"><\/div>\n<\/div>\n<\/div>\n<\/div>\n<\/div>\n<\/div>\n<div id=\"tw-images\"><\/div>\n<div class=\"dURPtb\"><\/div>\n<div>\n<div><\/div>\n<\/div>\n<\/div>\n<\/div>\n<\/div>\n<p class=\"KFFQ0c xKf9F\">\n","protected":false},"featured_media":60346,"template":"","meta":{"_acf_changed":false},"product_brand":[],"product_cat":[144,130,142,146],"product_tag":[],"class_list":{"0":"post-60421","1":"product","2":"type-product","3":"status-publish","4":"has-post-thumbnail","6":"product_cat-familien-ferienwohnung","7":"product_cat-ferienwohnungen","8":"product_cat-ferienwohnungen-mit-meerblick","9":"product_cat-studio-apartment-de","11":"first","12":"instock","13":"sold-individually","14":"shipping-taxable","15":"purchasable","16":"product-type-phive_booking"},"acf":[],"_links":{"self":[{"href":"https:\/\/murter-online.com\/de\/wp-json\/wp\/v2\/product\/60421","targetHints":{"allow":["GET"]}}],"collection":[{"href":"https:\/\/murter-online.com\/de\/wp-json\/wp\/v2\/product"}],"about":[{"href":"https:\/\/murter-online.com\/de\/wp-json\/wp\/v2\/types\/product"}],"wp:featuredmedia":[{"embeddable":true,"href":"https:\/\/murter-online.com\/de\/wp-json\/wp\/v2\/media\/60346"}],"wp:attachment":[{"href":"https:\/\/murter-online.com\/de\/wp-json\/wp\/v2\/media?parent=60421"}],"wp:term":[{"taxonomy":"product_brand","embeddable":true,"href":"https:\/\/murter-online.com\/de\/wp-json\/wp\/v2\/product_brand?post=60421"},{"taxonomy":"product_cat","embeddable":true,"href":"https:\/\/murter-online.com\/de\/wp-json\/wp\/v2\/product_cat?post=60421"},{"taxonomy":"product_tag","embeddable":true,"href":"https:\/\/murter-online.com\/de\/wp-json\/wp\/v2\/product_tag?post=60421"}],"curies":[{"name":"wp","href":"https:\/\/api.w.org\/{rel}","templated":true}]}}