{"id":60429,"date":"2025-12-31T10:51:30","date_gmt":"2025-12-31T09:51:30","guid":{"rendered":"https:\/\/murter-online.com\/?post_type=product&#038;p=60429"},"modified":"2025-12-31T11:05:00","modified_gmt":"2025-12-31T10:05:00","slug":"studio-apartment-murter-podvrske-irena-a21-id-330","status":"publish","type":"product","link":"https:\/\/murter-online.com\/de\/produkt\/studio-apartment-murter-podvrske-irena-a21-id-330\/","title":{"rendered":"Studio-Apartment Murter Podvr\u0161ke Irena A2+1 ID 330"},"content":{"rendered":"","protected":false},"excerpt":{"rendered":"<p id=\"tw-target-text\" class=\"tw-data-text tw-text-large tw-ta\" dir=\"ltr\" tabindex=\"-1\" role=\"text\" data-placeholder=\"Prijevod\" data-ved=\"2ahUKEwiO-u-lueeRAxU64wIHHUf-EdQQ3ewLegQIDBAW\" aria-label=\"Prevedeni tekst: Sch\u00f6ne, moderne Wohnung f\u00fcr 2+1 Personen, in toller Lage. Nur 4 Minuten vom \u00f6rtlichen Strand Luke und maximal 7 Minuten zu Fu\u00df vom Sandstrand Podvr\u0161ke entfernt. Das Apartment verf\u00fcgt \u00fcber ein Schlafzimmer, in dem 2 Personen schlafen k\u00f6nnen, und ein zus\u00e4tzliches Schlafsofa im Wohnzimmer, das zum Schlafen genutzt werden kann. Die kleine K\u00fcche ist komplett ausgestattet und verf\u00fcgt \u00fcber einen gro\u00dfen K\u00fchlschrank. Internet WLAN, Klimaanlage, Bettw\u00e4sche, Handt\u00fccher und Endreinigung sind im Apartmentpreis enthalten. Das Apartment verf\u00fcgt \u00fcber einen kleinen Balkon. Die Toilette ist neu und sauber. Vor dem Haus im Hof \u200b\u200bgibt es einen Parkplatz f\u00fcr die G\u00e4ste.\"><span class=\"Y2IQFc\" lang=\"de\">Sch\u00f6ne, moderne Wohnung f\u00fcr 2+1 Personen, in toller Lage. Nur 4 Minuten vom \u00f6rtlichen Strand Luke und maximal 7 Minuten zu Fu\u00df vom Sandstrand Podvr\u0161ke entfernt. Das Apartment verf\u00fcgt \u00fcber ein Schlafzimmer, in dem 2 Personen schlafen k\u00f6nnen, und ein zus\u00e4tzliches Schlafsofa im Wohnzimmer, das zum Schlafen genutzt werden kann. Die kleine K\u00fcche ist komplett ausgestattet und verf\u00fcgt \u00fcber einen gro\u00dfen K\u00fchlschrank. Internet WLAN, Klimaanlage, Bettw\u00e4sche, Handt\u00fccher und Endreinigung sind im Apartmentpreis enthalten. Das Apartment verf\u00fcgt \u00fcber einen kleinen Balkon. Die Toilette ist neu und sauber. Vor dem Haus im Hof \u200b\u200bgibt es einen Parkplatz f\u00fcr die G\u00e4ste.<\/span><\/p>\n","protected":false},"featured_media":60434,"template":"","meta":{"_acf_changed":false},"product_brand":[],"product_cat":[144,130,146],"product_tag":[],"class_list":{"0":"post-60429","1":"product","2":"type-product","3":"status-publish","4":"has-post-thumbnail","6":"product_cat-familien-ferienwohnung","7":"product_cat-ferienwohnungen","8":"product_cat-studio-apartment-de","10":"first","11":"instock","12":"sold-individually","13":"shipping-taxable","14":"purchasable","15":"product-type-phive_booking"},"acf":[],"_links":{"self":[{"href":"https:\/\/murter-online.com\/de\/wp-json\/wp\/v2\/product\/60429","targetHints":{"allow":["GET"]}}],"collection":[{"href":"https:\/\/murter-online.com\/de\/wp-json\/wp\/v2\/product"}],"about":[{"href":"https:\/\/murter-online.com\/de\/wp-json\/wp\/v2\/types\/product"}],"wp:featuredmedia":[{"embeddable":true,"href":"https:\/\/murter-online.com\/de\/wp-json\/wp\/v2\/media\/60434"}],"wp:attachment":[{"href":"https:\/\/murter-online.com\/de\/wp-json\/wp\/v2\/media?parent=60429"}],"wp:term":[{"taxonomy":"product_brand","embeddable":true,"href":"https:\/\/murter-online.com\/de\/wp-json\/wp\/v2\/product_brand?post=60429"},{"taxonomy":"product_cat","embeddable":true,"href":"https:\/\/murter-online.com\/de\/wp-json\/wp\/v2\/product_cat?post=60429"},{"taxonomy":"product_tag","embeddable":true,"href":"https:\/\/murter-online.com\/de\/wp-json\/wp\/v2\/product_tag?post=60429"}],"curies":[{"name":"wp","href":"https:\/\/api.w.org\/{rel}","templated":true}]}}