{"id":60855,"date":"2026-01-02T20:38:19","date_gmt":"2026-01-02T19:38:19","guid":{"rendered":"https:\/\/murter-online.com\/?post_type=product&#038;p=60855"},"modified":"2026-01-02T21:16:59","modified_gmt":"2026-01-02T20:16:59","slug":"grosse-familienwohnung-in-der-naehe-des-strandes-slanica-in-murter-a-62","status":"publish","type":"product","link":"https:\/\/murter-online.com\/de\/produkt\/grosse-familienwohnung-in-der-naehe-des-strandes-slanica-in-murter-a-62\/","title":{"rendered":"Gro\u00dfe Familienwohnung in der N\u00e4he des Strandes Slanica in Murter A 6+2"},"content":{"rendered":"","protected":false},"excerpt":{"rendered":"<p id=\"tw-target-text\" class=\"tw-data-text tw-text-large tw-ta\" dir=\"ltr\" tabindex=\"-1\" role=\"text\" data-placeholder=\"Prijevod\" data-ved=\"2ahUKEwjayOSjyO2RAxUt-QIHHWJzNIcQ3ewLegQIDBAW\" aria-label=\"Prevedeni tekst: Sch\u00f6nes und ger\u00e4umiges Familienapartment in ausgezeichneter Lage, nur 200 Meter vom beliebtesten Sandstrand in Murter \u2013 Slanica entfernt. Die Wohnung befindet sich im ersten Stock des Hauses und verf\u00fcgt \u00fcber 3 gro\u00dfe Schlafzimmer, in denen 6 Erwachsene schlafen k\u00f6nnen. Im Wohnzimmer gibt es ein zus\u00e4tzliches Bett (Couch), das zum Schlafen genutzt werden kann. Die Wohnung verf\u00fcgt \u00fcber WLAN, Sat-TV, Sp\u00fclmaschine. Die K\u00fcche ist komplett ausgestattet. Die Wohnung verf\u00fcgt \u00fcber zwei Badezimmer und zwei gro\u00dfe Balkone. Vor dem Haus stehen den G\u00e4sten kostenfreie Parkpl\u00e4tze zur Verf\u00fcgung, die im Preis inbegriffen sind. Es gibt sch\u00f6ne Gartenm\u00f6bel mit Grill, die kostenlos genutzt werden k\u00f6nnen.\"><span class=\"Y2IQFc\" lang=\"de\">Sch\u00f6nes und ger\u00e4umiges Familienapartment in ausgezeichneter Lage, nur 200 Meter vom beliebtesten Sandstrand in Murter \u2013 Slanica entfernt. Die Wohnung befindet sich im ersten Stock des Hauses und verf\u00fcgt \u00fcber 3 gro\u00dfe Schlafzimmer, in denen 6 Erwachsene schlafen k\u00f6nnen. Im Wohnzimmer gibt es ein zus\u00e4tzliches Bett (Couch), das zum Schlafen genutzt werden kann. Die Wohnung verf\u00fcgt \u00fcber WLAN, Sat-TV, Sp\u00fclmaschine. Die K\u00fcche ist komplett ausgestattet. Die Wohnung verf\u00fcgt \u00fcber zwei Badezimmer und zwei gro\u00dfe Balkone. Vor dem Haus stehen den G\u00e4sten kostenfreie Parkpl\u00e4tze zur Verf\u00fcgung, die im Preis inbegriffen sind. Es gibt sch\u00f6ne Gartenm\u00f6bel mit Grill, die kostenlos genutzt werden k\u00f6nnen.<\/span><\/p>\n","protected":false},"featured_media":60674,"template":"","meta":{"_acf_changed":false},"product_brand":[],"product_cat":[144,130],"product_tag":[],"class_list":{"0":"post-60855","1":"product","2":"type-product","3":"status-publish","4":"has-post-thumbnail","6":"product_cat-familien-ferienwohnung","7":"product_cat-ferienwohnungen","9":"first","10":"instock","11":"sold-individually","12":"shipping-taxable","13":"purchasable","14":"product-type-phive_booking"},"acf":[],"_links":{"self":[{"href":"https:\/\/murter-online.com\/de\/wp-json\/wp\/v2\/product\/60855","targetHints":{"allow":["GET"]}}],"collection":[{"href":"https:\/\/murter-online.com\/de\/wp-json\/wp\/v2\/product"}],"about":[{"href":"https:\/\/murter-online.com\/de\/wp-json\/wp\/v2\/types\/product"}],"wp:featuredmedia":[{"embeddable":true,"href":"https:\/\/murter-online.com\/de\/wp-json\/wp\/v2\/media\/60674"}],"wp:attachment":[{"href":"https:\/\/murter-online.com\/de\/wp-json\/wp\/v2\/media?parent=60855"}],"wp:term":[{"taxonomy":"product_brand","embeddable":true,"href":"https:\/\/murter-online.com\/de\/wp-json\/wp\/v2\/product_brand?post=60855"},{"taxonomy":"product_cat","embeddable":true,"href":"https:\/\/murter-online.com\/de\/wp-json\/wp\/v2\/product_cat?post=60855"},{"taxonomy":"product_tag","embeddable":true,"href":"https:\/\/murter-online.com\/de\/wp-json\/wp\/v2\/product_tag?post=60855"}],"curies":[{"name":"wp","href":"https:\/\/api.w.org\/{rel}","templated":true}]}}