{"id":65084,"date":"2026-03-15T12:00:07","date_gmt":"2026-03-15T11:00:07","guid":{"rendered":"https:\/\/murter-online.com\/?post_type=product&#038;p=65084"},"modified":"2026-03-23T12:56:54","modified_gmt":"2026-03-23T11:56:54","slug":"65084","status":"publish","type":"product","link":"https:\/\/murter-online.com\/de\/produkt\/65084\/","title":{"rendered":"Apartment f\u00fcr 2+1 Personen Ljubica &#038; Rudi in der N\u00e4he des Strandes Slanica ID 329"},"content":{"rendered":"","protected":false},"excerpt":{"rendered":"<p id=\"tw-target-text\" class=\"tw-data-text tw-text-large tw-ta\" dir=\"ltr\" tabindex=\"-1\" role=\"text\" data-placeholder=\"Prijevod\" data-ved=\"2ahUKEwjfs4WR9rWTAxWv3wIHHQEoEGcQ3ewLegQIDBAW\" aria-label=\"Prevedeni tekst: Sch\u00f6ne, saubere und neue Wohnung f\u00fcr max. 3 Personen in der N\u00e4he des Sandstrandes von Slanica. Es handelt sich um ein Studio-Apartment mit einer K\u00fcche und einem Badezimmer. Die K\u00fcche ist komplett ausgestattet. Klimaanlage und WLAN-Nutzung sind im Apartmentpreis inbegriffen. Die Wohnung befindet sich in ruhiger Lage. Vor der Wohnung befindet sich eine Terrasse mit Sitzgelegenheiten. Der Parkplatz f\u00fcr G\u00e4ste ist kostenlos und befindet sich im Hof \u200b\u200bdes Hauses. Au\u00dferdem gibt es eine Au\u00dfendusche und einen Grill, die kostenlos genutzt werden k\u00f6nnen.\"><span class=\"Y2IQFc\" lang=\"de\">Sch\u00f6ne, saubere und neue Wohnung f\u00fcr max. 3 Personen in der N\u00e4he des Sandstrandes von Slanica. Es handelt sich um ein Studio-Apartment mit einer K\u00fcche und einem Badezimmer. Die K\u00fcche ist komplett ausgestattet. Klimaanlage und WLAN-Nutzung sind im Apartmentpreis inbegriffen. Die Wohnung befindet sich in ruhiger Lage. Vor der Wohnung befindet sich eine Terrasse mit Sitzgelegenheiten. Der Parkplatz f\u00fcr G\u00e4ste ist kostenlos und befindet sich im Hof \u200b\u200bdes Hauses. Au\u00dferdem gibt es eine Au\u00dfendusche und einen Grill, die kostenlos genutzt werden k\u00f6nnen.<\/span><\/p>\n","protected":false},"featured_media":64828,"template":"","meta":{"_acf_changed":false},"product_brand":[],"product_cat":[144,130,146],"product_tag":[],"class_list":{"0":"post-65084","1":"product","2":"type-product","3":"status-publish","4":"has-post-thumbnail","6":"product_cat-familien-ferienwohnung","7":"product_cat-ferienwohnungen","8":"product_cat-studio-apartment-de","10":"first","11":"instock","12":"sold-individually","13":"shipping-taxable","14":"purchasable","15":"product-type-phive_booking"},"acf":[],"_links":{"self":[{"href":"https:\/\/murter-online.com\/de\/wp-json\/wp\/v2\/product\/65084","targetHints":{"allow":["GET"]}}],"collection":[{"href":"https:\/\/murter-online.com\/de\/wp-json\/wp\/v2\/product"}],"about":[{"href":"https:\/\/murter-online.com\/de\/wp-json\/wp\/v2\/types\/product"}],"wp:featuredmedia":[{"embeddable":true,"href":"https:\/\/murter-online.com\/de\/wp-json\/wp\/v2\/media\/64828"}],"wp:attachment":[{"href":"https:\/\/murter-online.com\/de\/wp-json\/wp\/v2\/media?parent=65084"}],"wp:term":[{"taxonomy":"product_brand","embeddable":true,"href":"https:\/\/murter-online.com\/de\/wp-json\/wp\/v2\/product_brand?post=65084"},{"taxonomy":"product_cat","embeddable":true,"href":"https:\/\/murter-online.com\/de\/wp-json\/wp\/v2\/product_cat?post=65084"},{"taxonomy":"product_tag","embeddable":true,"href":"https:\/\/murter-online.com\/de\/wp-json\/wp\/v2\/product_tag?post=65084"}],"curies":[{"name":"wp","href":"https:\/\/api.w.org\/{rel}","templated":true}]}}