{"id":65223,"date":"2026-03-14T19:11:35","date_gmt":"2026-03-14T18:11:35","guid":{"rendered":"https:\/\/murter-online.com\/?post_type=product&#038;p=65223"},"modified":"2026-03-29T19:34:11","modified_gmt":"2026-03-29T18:34:11","slug":"family-apartment-ljubica-rudi-near-slanica-beach-a4-id-328","status":"publish","type":"product","link":"https:\/\/murter-online.com\/de\/produkt\/family-apartment-ljubica-rudi-near-slanica-beach-a4-id-328\/","title":{"rendered":"Familienapartment Ljubica &#038; Rudi in der N\u00e4he des Strandes Slanica A4 ID 328"},"content":{"rendered":"","protected":false},"excerpt":{"rendered":"<p id=\"tw-target-text\" class=\"tw-data-text tw-text-large tw-ta\" dir=\"ltr\" tabindex=\"-1\" role=\"text\" data-placeholder=\"Prijevod\" data-ved=\"2ahUKEwjSu__Y3cWTAxV4-QIHHRZFLNQQ3ewLegQIDBAW\" aria-label=\"Prevedeni tekst: Sch\u00f6ne, neue und saubere Wohnung mit zwei Schlafzimmern f\u00fcr max. 4 Personen haben eine tolle Lage. Die Wohnung verf\u00fcgt \u00fcber zwei Schlafzimmer, in denen vier Personen schlafen k\u00f6nnen. Die Wohnung verf\u00fcgt \u00fcber kein Wohnzimmer. Das Apartment ist mit Klimaanlage, kostenfreiem WLAN und einer komplett ausgestatteten K\u00fcche ausgestattet. Vor der Wohnung befindet sich eine sch\u00f6ne \u00fcberdachte Terrasse. Vor der Wohnung befindet sich ein Grill, der kostenfrei genutzt werden kann. F\u00fcr die G\u00e4ste gibt es einen kostenlosen Parkplatz vor dem Haus im Hof.\"><span class=\"Y2IQFc\" lang=\"de\">Sch\u00f6ne, neue und saubere Wohnung mit zwei Schlafzimmern f\u00fcr max. 4 Personen haben eine tolle Lage. Die Wohnung verf\u00fcgt \u00fcber zwei Schlafzimmer, in denen vier Personen schlafen k\u00f6nnen. Die Wohnung verf\u00fcgt \u00fcber kein Wohnzimmer. Das Apartment ist mit Klimaanlage, kostenfreiem WLAN und einer komplett ausgestatteten K\u00fcche ausgestattet. Vor der Wohnung befindet sich eine sch\u00f6ne \u00fcberdachte Terrasse. Vor der Wohnung befindet sich ein Grill, der kostenfrei genutzt werden kann. F\u00fcr die G\u00e4ste gibt es einen kostenlosen Parkplatz vor dem Haus im Hof.<\/span><\/p>\n","protected":false},"featured_media":64613,"template":"","meta":{"_acf_changed":false},"product_brand":[],"product_cat":[144,130],"product_tag":[],"class_list":{"0":"post-65223","1":"product","2":"type-product","3":"status-publish","4":"has-post-thumbnail","6":"product_cat-familien-ferienwohnung","7":"product_cat-ferienwohnungen","9":"first","10":"instock","11":"sold-individually","12":"shipping-taxable","13":"purchasable","14":"product-type-phive_booking"},"acf":[],"_links":{"self":[{"href":"https:\/\/murter-online.com\/de\/wp-json\/wp\/v2\/product\/65223","targetHints":{"allow":["GET"]}}],"collection":[{"href":"https:\/\/murter-online.com\/de\/wp-json\/wp\/v2\/product"}],"about":[{"href":"https:\/\/murter-online.com\/de\/wp-json\/wp\/v2\/types\/product"}],"wp:featuredmedia":[{"embeddable":true,"href":"https:\/\/murter-online.com\/de\/wp-json\/wp\/v2\/media\/64613"}],"wp:attachment":[{"href":"https:\/\/murter-online.com\/de\/wp-json\/wp\/v2\/media?parent=65223"}],"wp:term":[{"taxonomy":"product_brand","embeddable":true,"href":"https:\/\/murter-online.com\/de\/wp-json\/wp\/v2\/product_brand?post=65223"},{"taxonomy":"product_cat","embeddable":true,"href":"https:\/\/murter-online.com\/de\/wp-json\/wp\/v2\/product_cat?post=65223"},{"taxonomy":"product_tag","embeddable":true,"href":"https:\/\/murter-online.com\/de\/wp-json\/wp\/v2\/product_tag?post=65223"}],"curies":[{"name":"wp","href":"https:\/\/api.w.org\/{rel}","templated":true}]}}