{"id":65660,"date":"2026-04-07T20:06:31","date_gmt":"2026-04-07T19:06:31","guid":{"rendered":"https:\/\/murter-online.com\/?post_type=product&#038;p=65660"},"modified":"2026-04-14T09:42:39","modified_gmt":"2026-04-14T08:42:39","slug":"apartment-soul-of-the-sea-near-sandy-slanica-beach-with-a-pool-and-sea-view-a41","status":"publish","type":"product","link":"https:\/\/murter-online.com\/de\/produkt\/apartment-soul-of-the-sea-near-sandy-slanica-beach-with-a-pool-and-sea-view-a41\/","title":{"rendered":"Apartment Soul of the Sea in der N\u00e4he des Sandstrandes von Slanica mit Pool und Meerblick A4+1"},"content":{"rendered":"","protected":false},"excerpt":{"rendered":"<p id=\"tw-target-text\" class=\"tw-data-text tw-text-large tw-ta\" dir=\"ltr\" tabindex=\"-1\" role=\"text\" data-placeholder=\"Prijevod\" data-ved=\"2ahUKEwjipqL1-OyTAxVG2AIHHZnvCPwQ3ewLegQIDBAV\" aria-label=\"Prevedeni tekst: Willkommen in diesem neu renovierten Apartment im warmen mediterranen Stil, ideal f\u00fcr einen erholsamen Aufenthalt das ganze Jahr \u00fcber. Die Wohnung ist komplett ausgestattet f\u00fcr einen angenehmen und unbeschwerten Urlaub. Alle Schlafzimmer\u00a0und das Wohnzimmer verf\u00fcgen \u00fcber Klimaanlagen, w\u00e4hrend in der kalten Jahreszeit ein Holzkamin f\u00fcr zus\u00e4tzliche W\u00e4rme und Atmosph\u00e4re sorgt. Das Besondere an der Wohnung ist eine wundersch\u00f6ne Terrasse mit freiem Meerblick auf beide Seiten der Insel, die sich perfekt zum Genie\u00dfen Ihres Morgen- oder Abendkaffees und zum geselligen Beisammensein eignet. Es liegt nur 300 Meter vom sch\u00f6nsten Strand der Insel (Slanica) und etwa 10 Gehminuten vom Zentrum von Murter entfernt. Die G\u00e4ste haben Zugang zu einem privaten, beheizten Swimmingpool, der ausschlie\u00dflich ihnen (ohne andere Benutzer) zug\u00e4nglich ist und \u00fcber eine Au\u00dfenterrasse, Liegest\u00fchle, Pergola usw. verf\u00fcgt (der Pool ist in der Zeit vom 11.07. bis 17.08. nicht verf\u00fcgbar). F\u00fcr die Nutzung des Pools und der Terrasse rund um den Pool mit Liegest\u00fchlen, Pergola usw. werden G\u00e4sten, die dies w\u00fcnschen, zus\u00e4tzliche 45 \u20ac pro Tag berechnet, da der Pool ausschlie\u00dflich f\u00fcr ihre Nutzung bestimmt ist (keine anderen Benutzer).\"><span class=\"Y2IQFc\" lang=\"de\">Willkommen in diesem neu renovierten Apartment im warmen mediterranen Stil, ideal f\u00fcr einen erholsamen Aufenthalt das ganze Jahr \u00fcber. Die Wohnung ist komplett ausgestattet f\u00fcr einen angenehmen und unbeschwerten Urlaub. Alle Schlafzimmer\u00a0und das Wohnzimmer verf\u00fcgen \u00fcber Klimaanlagen, w\u00e4hrend in der kalten Jahreszeit ein Holzkamin f\u00fcr zus\u00e4tzliche W\u00e4rme und Atmosph\u00e4re sorgt. Das Besondere an der Wohnung ist eine wundersch\u00f6ne Terrasse mit freiem Meerblick auf beide Seiten der Insel, die sich perfekt zum Genie\u00dfen Ihres Morgen- oder Abendkaffees und zum geselligen Beisammensein eignet. Es liegt nur 300 Meter vom sch\u00f6nsten Strand der Insel (Slanica) und etwa 10 Gehminuten vom Zentrum von Murter entfernt. Die G\u00e4ste haben Zugang zu einem privaten, beheizten Swimmingpool, der ausschlie\u00dflich ihnen (ohne andere Benutzer) zug\u00e4nglich ist und \u00fcber eine Au\u00dfenterrasse, Liegest\u00fchle, Pergola usw. verf\u00fcgt (der Pool ist in der Zeit vom 11.07. bis 17.08. nicht verf\u00fcgbar). F\u00fcr die Nutzung des Pools und der Terrasse rund um den Pool mit Liegest\u00fchlen, Pergola usw. werden G\u00e4sten, die dies w\u00fcnschen, zus\u00e4tzliche 45 \u20ac pro Tag berechnet, da der Pool ausschlie\u00dflich f\u00fcr ihre Nutzung bestimmt ist (keine anderen Benutzer).<\/span><\/p>\n","protected":false},"featured_media":65458,"template":"","meta":{"_acf_changed":false},"product_brand":[],"product_cat":[144,130,142,143],"product_tag":[],"class_list":{"0":"post-65660","1":"product","2":"type-product","3":"status-publish","4":"has-post-thumbnail","6":"product_cat-familien-ferienwohnung","7":"product_cat-ferienwohnungen","8":"product_cat-ferienwohnungen-mit-meerblick","9":"product_cat-ferienwohnungen-mit-pool","11":"first","12":"instock","13":"sold-individually","14":"shipping-taxable","15":"purchasable","16":"product-type-phive_booking"},"acf":[],"_links":{"self":[{"href":"https:\/\/murter-online.com\/de\/wp-json\/wp\/v2\/product\/65660","targetHints":{"allow":["GET"]}}],"collection":[{"href":"https:\/\/murter-online.com\/de\/wp-json\/wp\/v2\/product"}],"about":[{"href":"https:\/\/murter-online.com\/de\/wp-json\/wp\/v2\/types\/product"}],"wp:featuredmedia":[{"embeddable":true,"href":"https:\/\/murter-online.com\/de\/wp-json\/wp\/v2\/media\/65458"}],"wp:attachment":[{"href":"https:\/\/murter-online.com\/de\/wp-json\/wp\/v2\/media?parent=65660"}],"wp:term":[{"taxonomy":"product_brand","embeddable":true,"href":"https:\/\/murter-online.com\/de\/wp-json\/wp\/v2\/product_brand?post=65660"},{"taxonomy":"product_cat","embeddable":true,"href":"https:\/\/murter-online.com\/de\/wp-json\/wp\/v2\/product_cat?post=65660"},{"taxonomy":"product_tag","embeddable":true,"href":"https:\/\/murter-online.com\/de\/wp-json\/wp\/v2\/product_tag?post=65660"}],"curies":[{"name":"wp","href":"https:\/\/api.w.org\/{rel}","templated":true}]}}