{"id":37267,"date":"2024-12-05T15:35:24","date_gmt":"2024-12-05T15:35:24","guid":{"rendered":"https:\/\/murter.riot.hr\/cart\/"},"modified":"2025-01-13T15:25:55","modified_gmt":"2025-01-13T15:25:55","slug":"cart","status":"publish","type":"page","link":"https:\/\/murter-online.com\/hr\/cart\/","title":{"rendered":"Cart"},"content":{"rendered":"\n<div data-block-name=\"woocommerce\/cart\" class=\"wp-block-woocommerce-cart alignwide is-loading\">\n<div data-block-name=\"woocommerce\/filled-cart-block\" class=\"wp-block-woocommerce-filled-cart-block\">\n<div data-block-name=\"woocommerce\/cart-items-block\" class=\"wp-block-woocommerce-cart-items-block\">\n<div data-block-name=\"woocommerce\/cart-line-items-block\" class=\"wp-block-woocommerce-cart-line-items-block\"><\/div>\n\n\n\n<div data-block-name=\"woocommerce\/cart-cross-sells-block\" class=\"wp-block-woocommerce-cart-cross-sells-block\">\n<h2 class=\"wp-block-heading has-large-font-size\">You may be interested in\u2026<\/h2>\n\n\n\n<div data-block-name=\"woocommerce\/cart-cross-sells-products-block\" class=\"wp-block-woocommerce-cart-cross-sells-products-block\"><\/div>\n<\/div>\n<\/div>\n\n\n\n<div data-block-name=\"woocommerce\/cart-totals-block\" class=\"wp-block-woocommerce-cart-totals-block\">\n<div data-block-name=\"woocommerce\/cart-order-summary-block\" class=\"wp-block-woocommerce-cart-order-summary-block\">\n<div data-block-name=\"woocommerce\/cart-order-summary-heading-block\" class=\"wp-block-woocommerce-cart-order-summary-heading-block\"><\/div><div data-block-name=\"woocommerce\/cart-order-summary-coupon-form-block\" class=\"wp-block-woocommerce-cart-order-summary-coupon-form-block\"><\/div><div data-block-name=\"woocommerce\/cart-order-summary-totals-block\" class=\"wp-block-woocommerce-cart-order-summary-totals-block\">\n<div data-block-name=\"woocommerce\/cart-order-summary-subtotal-block\" class=\"wp-block-woocommerce-cart-order-summary-subtotal-block\"><\/div>\n<div data-block-name=\"woocommerce\/cart-order-summary-discount-block\" class=\"wp-block-woocommerce-cart-order-summary-discount-block\"><\/div>\n<div data-block-name=\"woocommerce\/cart-order-summary-fee-block\" class=\"wp-block-woocommerce-cart-order-summary-fee-block\"><\/div>\n<div data-block-name=\"woocommerce\/cart-order-summary-shipping-block\" class=\"wp-block-woocommerce-cart-order-summary-shipping-block\"><\/div>\n<div data-block-name=\"woocommerce\/cart-order-summary-taxes-block\" class=\"wp-block-woocommerce-cart-order-summary-taxes-block\"><\/div><\/div>\n<\/div>\n\n\n\n<div data-block-name=\"woocommerce\/cart-express-payment-block\" class=\"wp-block-woocommerce-cart-express-payment-block\"><\/div>\n\n\n\n<div data-block-name=\"woocommerce\/proceed-to-checkout-block\" class=\"wp-block-woocommerce-proceed-to-checkout-block\"><\/div>\n\n\n\n<div data-block-name=\"woocommerce\/cart-accepted-payment-methods-block\" class=\"wp-block-woocommerce-cart-accepted-payment-methods-block\"><\/div>\n<\/div>\n<\/div>\n\n\n\n<div data-block-name=\"woocommerce\/empty-cart-block\" class=\"wp-block-woocommerce-empty-cart-block\">\n<h2 class=\"wp-block-heading has-text-align-center with-empty-cart-icon wc-block-cart__empty-cart__title\">Your cart is currently empty!<\/h2>\n\n\n\n<hr class=\"wp-block-separator has-alpha-channel-opacity is-style-dots\"\/>\n\n\n\n<h2 class=\"wp-block-heading has-text-align-center\">New in store<\/h2>\n\n\n<div data-block-name=\"woocommerce\/product-new\" data-columns=\"4\" data-rows=\"1\" class=\"wc-block-grid wp-block-product-new wp-block-woocommerce-product-new wc-block-product-new has-4-columns\"><ul class=\"wc-block-grid__products\"><li class=\"wc-block-grid__product\">\n\t\t\t\t<a href=\"https:\/\/murter-online.com\/hr\/proizvod\/apartment-soul-of-the-sea-near-sandy-slanica-beach-with-a-pool-and-sea-view-a41\/\" class=\"wc-block-grid__product-link\">\n\t\t\t\t\t\n\t\t\t\t\t<div class=\"wc-block-grid__product-image\"><img fetchpriority=\"high\" decoding=\"async\" width=\"300\" height=\"300\" src=\"https:\/\/murter-online.com\/wp-content\/uploads\/2026\/04\/IMG-20260220-WA0024-300x300.jpg\" class=\"attachment-woocommerce_thumbnail size-woocommerce_thumbnail\" alt=\"Apartman Soul of the Sea u blizini pje\u0161\u010dane pla\u017ee Slanica s bazenom i pogledom na more A4+1\" srcset=\"https:\/\/murter-online.com\/wp-content\/uploads\/2026\/04\/IMG-20260220-WA0024-300x300.jpg 300w, https:\/\/murter-online.com\/wp-content\/uploads\/2026\/04\/IMG-20260220-WA0024-150x150.jpg 150w, https:\/\/murter-online.com\/wp-content\/uploads\/2026\/04\/IMG-20260220-WA0024-100x100.jpg 100w\" sizes=\"(max-width: 300px) 100vw, 300px\" \/><\/div>\n\t\t\t\t\t<div class=\"wc-block-grid__product-title\">Apartman Soul of the Sea u blizini pje\u0161\u010dane pla\u017ee Slanica s bazenom i pogledom na more A4+1<\/div>\n\t\t\t\t<\/a>\n\t\t\t\t<div class=\"wc-block-grid__product-price price\"><\/div>\n\t\t\t\t\n\t\t\t\t<div class=\"wp-block-button wc-block-grid__product-add-to-cart\"><a href=\"https:\/\/murter-online.com\/hr\/proizvod\/apartment-soul-of-the-sea-near-sandy-slanica-beach-with-a-pool-and-sea-view-a41\/\" aria-label=\"Pro\u010ditaj vi\u0161e o &ldquo;Apartman Soul of the Sea u blizini pje\u0161\u010dane pla\u017ee Slanica s bazenom i pogledom na more A4+1&rdquo;\" data-quantity=\"1\" data-product_id=\"65657\" data-product_sku=\"\" data-price=\"0\" rel=\"nofollow\" class=\"wp-block-button__link  add_to_cart_button\">Pro\u010ditaj vi\u0161e<\/a><\/div>\n\t\t\t<\/li><li class=\"wc-block-grid__product\">\n\t\t\t\t<a href=\"https:\/\/murter-online.com\/hr\/proizvod\/apartman-za-21-osobe-ljubica-rudi-blizu-plaze-slanica-id-329\/\" class=\"wc-block-grid__product-link\">\n\t\t\t\t\t\n\t\t\t\t\t<div class=\"wc-block-grid__product-image\"><img decoding=\"async\" width=\"300\" height=\"300\" src=\"https:\/\/murter-online.com\/wp-content\/uploads\/2026\/03\/IMG_0678-300x300.jpg\" class=\"attachment-woocommerce_thumbnail size-woocommerce_thumbnail\" alt=\"Apartman za  2+1 osobe  Ljubica &amp; Rudi blizu pla\u017ee Slanica id 329\" srcset=\"https:\/\/murter-online.com\/wp-content\/uploads\/2026\/03\/IMG_0678-300x300.jpg 300w, https:\/\/murter-online.com\/wp-content\/uploads\/2026\/03\/IMG_0678-150x150.jpg 150w, https:\/\/murter-online.com\/wp-content\/uploads\/2026\/03\/IMG_0678-100x100.jpg 100w\" sizes=\"(max-width: 300px) 100vw, 300px\" \/><\/div>\n\t\t\t\t\t<div class=\"wc-block-grid__product-title\">Apartman za  2+1 osobe  Ljubica &amp; Rudi blizu pla\u017ee Slanica id 329<\/div>\n\t\t\t\t<\/a>\n\t\t\t\t<div class=\"wc-block-grid__product-price price\"><span class=\"woocommerce-Price-amount amount\">0,00&nbsp;<span class=\"woocommerce-Price-currencySymbol\">&euro;<\/span><\/span><\/div>\n\t\t\t\t\n\t\t\t\t<div class=\"wp-block-button wc-block-grid__product-add-to-cart\"><a href=\"https:\/\/murter-online.com\/hr\/proizvod\/apartman-za-21-osobe-ljubica-rudi-blizu-plaze-slanica-id-329\/\" aria-label=\"Pro\u010ditaj vi\u0161e o &ldquo;Apartman za  2+1 osobe  Ljubica &amp; Rudi blizu pla\u017ee Slanica id 329&rdquo;\" data-quantity=\"1\" data-product_id=\"65080\" data-product_sku=\"\" data-price=\"0\" rel=\"nofollow\" class=\"wp-block-button__link  add_to_cart_button\">Book Now<\/a><\/div>\n\t\t\t<\/li><li class=\"wc-block-grid__product\">\n\t\t\t\t<a href=\"https:\/\/murter-online.com\/hr\/proizvod\/family-apartment-ljubica-rudi-near-slanica-beach-a4-id-328\/\" class=\"wc-block-grid__product-link\">\n\t\t\t\t\t\n\t\t\t\t\t<div class=\"wc-block-grid__product-image\"><img decoding=\"async\" width=\"300\" height=\"300\" src=\"https:\/\/murter-online.com\/wp-content\/uploads\/2026\/03\/IMG_0669-300x300.jpg\" class=\"attachment-woocommerce_thumbnail size-woocommerce_thumbnail\" alt=\"Obiteljski apartman Ljubica &amp; Rudi blizu pla\u017ee Slanica A4 ID 328\" srcset=\"https:\/\/murter-online.com\/wp-content\/uploads\/2026\/03\/IMG_0669-300x300.jpg 300w, https:\/\/murter-online.com\/wp-content\/uploads\/2026\/03\/IMG_0669-150x150.jpg 150w, https:\/\/murter-online.com\/wp-content\/uploads\/2026\/03\/IMG_0669-100x100.jpg 100w\" sizes=\"(max-width: 300px) 100vw, 300px\" \/><\/div>\n\t\t\t\t\t<div class=\"wc-block-grid__product-title\">Obiteljski apartman Ljubica &amp; Rudi blizu pla\u017ee Slanica A4 ID 328<\/div>\n\t\t\t\t<\/a>\n\t\t\t\t<div class=\"wc-block-grid__product-price price\"><span class=\"woocommerce-Price-amount amount\">0,00&nbsp;<span class=\"woocommerce-Price-currencySymbol\">&euro;<\/span><\/span><\/div>\n\t\t\t\t\n\t\t\t\t<div class=\"wp-block-button wc-block-grid__product-add-to-cart\"><a href=\"https:\/\/murter-online.com\/hr\/proizvod\/family-apartment-ljubica-rudi-near-slanica-beach-a4-id-328\/\" aria-label=\"Pro\u010ditaj vi\u0161e o &ldquo;Obiteljski apartman Ljubica &amp; Rudi blizu pla\u017ee Slanica A4 ID 328&rdquo;\" data-quantity=\"1\" data-product_id=\"65220\" data-product_sku=\"\" data-price=\"0\" rel=\"nofollow\" class=\"wp-block-button__link  add_to_cart_button\">Book Now<\/a><\/div>\n\t\t\t<\/li><li class=\"wc-block-grid__product\">\n\t\t\t\t<a href=\"https:\/\/murter-online.com\/hr\/proizvod\/apartment-ljubica-rudi-near-slanica-beach-with-sea-view-a4-id-327\/\" class=\"wc-block-grid__product-link\">\n\t\t\t\t\t\n\t\t\t\t\t<div class=\"wc-block-grid__product-image\"><img loading=\"lazy\" decoding=\"async\" width=\"300\" height=\"300\" src=\"https:\/\/murter-online.com\/wp-content\/uploads\/2026\/03\/IMG_0720-300x300.jpg\" class=\"attachment-woocommerce_thumbnail size-woocommerce_thumbnail\" alt=\"Apartman Ljubica &amp; Rudi u blizini pla\u017ee Slanica s pogledom na more A4 ID 327\" srcset=\"https:\/\/murter-online.com\/wp-content\/uploads\/2026\/03\/IMG_0720-300x300.jpg 300w, https:\/\/murter-online.com\/wp-content\/uploads\/2026\/03\/IMG_0720-150x150.jpg 150w, https:\/\/murter-online.com\/wp-content\/uploads\/2026\/03\/IMG_0720-100x100.jpg 100w\" sizes=\"(max-width: 300px) 100vw, 300px\" \/><\/div>\n\t\t\t\t\t<div class=\"wc-block-grid__product-title\">Apartman Ljubica &amp; Rudi u blizini pla\u017ee Slanica s pogledom na more A4 ID 327<\/div>\n\t\t\t\t<\/a>\n\t\t\t\t<div class=\"wc-block-grid__product-price price\"><span class=\"woocommerce-Price-amount amount\">0,00&nbsp;<span class=\"woocommerce-Price-currencySymbol\">&euro;<\/span><\/span><\/div>\n\t\t\t\t\n\t\t\t\t<div class=\"wp-block-button wc-block-grid__product-add-to-cart\"><a href=\"https:\/\/murter-online.com\/hr\/proizvod\/apartment-ljubica-rudi-near-slanica-beach-with-sea-view-a4-id-327\/\" aria-label=\"Pro\u010ditaj vi\u0161e o &ldquo;Apartman Ljubica &amp; Rudi u blizini pla\u017ee Slanica s pogledom na more A4 ID 327&rdquo;\" data-quantity=\"1\" data-product_id=\"65231\" data-product_sku=\"\" data-price=\"0\" rel=\"nofollow\" class=\"wp-block-button__link  add_to_cart_button\">Book Now<\/a><\/div>\n\t\t\t<\/li><\/ul><\/div><\/div>\n<\/div>\n","protected":false},"excerpt":{"rendered":"","protected":false},"author":1,"featured_media":0,"parent":0,"menu_order":0,"comment_status":"closed","ping_status":"closed","template":"","meta":{"_acf_changed":false,"footnotes":""},"class_list":["post-37267","page","type-page","status-publish","hentry"],"acf":[],"_links":{"self":[{"href":"https:\/\/murter-online.com\/hr\/wp-json\/wp\/v2\/pages\/37267","targetHints":{"allow":["GET"]}}],"collection":[{"href":"https:\/\/murter-online.com\/hr\/wp-json\/wp\/v2\/pages"}],"about":[{"href":"https:\/\/murter-online.com\/hr\/wp-json\/wp\/v2\/types\/page"}],"author":[{"embeddable":true,"href":"https:\/\/murter-online.com\/hr\/wp-json\/wp\/v2\/users\/1"}],"replies":[{"embeddable":true,"href":"https:\/\/murter-online.com\/hr\/wp-json\/wp\/v2\/comments?post=37267"}],"version-history":[{"count":0,"href":"https:\/\/murter-online.com\/hr\/wp-json\/wp\/v2\/pages\/37267\/revisions"}],"wp:attachment":[{"href":"https:\/\/murter-online.com\/hr\/wp-json\/wp\/v2\/media?parent=37267"}],"curies":[{"name":"wp","href":"https:\/\/api.w.org\/{rel}","templated":true}]}}