{"id":48470,"date":"2024-12-17T11:37:45","date_gmt":"2024-12-17T11:37:45","guid":{"rendered":"https:\/\/murter.riot.hr\/?page_id=48470"},"modified":"2025-01-13T18:51:02","modified_gmt":"2025-01-13T18:51:02","slug":"nacin-placanja","status":"publish","type":"page","link":"https:\/\/murter-online.com\/hr\/nacin-placanja\/","title":{"rendered":"Na\u010din pla\u0107anja"},"content":{"rendered":"\t\t<div data-elementor-type=\"wp-page\" data-elementor-id=\"48470\" class=\"elementor elementor-48470 elementor-10211\" data-elementor-settings=\"{&quot;element_pack_global_tooltip_width&quot;:{&quot;unit&quot;:&quot;px&quot;,&quot;size&quot;:&quot;&quot;,&quot;sizes&quot;:[]},&quot;element_pack_global_tooltip_width_tablet&quot;:{&quot;unit&quot;:&quot;px&quot;,&quot;size&quot;:&quot;&quot;,&quot;sizes&quot;:[]},&quot;element_pack_global_tooltip_width_mobile&quot;:{&quot;unit&quot;:&quot;px&quot;,&quot;size&quot;:&quot;&quot;,&quot;sizes&quot;:[]},&quot;element_pack_global_tooltip_padding&quot;:{&quot;unit&quot;:&quot;px&quot;,&quot;top&quot;:&quot;&quot;,&quot;right&quot;:&quot;&quot;,&quot;bottom&quot;:&quot;&quot;,&quot;left&quot;:&quot;&quot;,&quot;isLinked&quot;:true},&quot;element_pack_global_tooltip_padding_tablet&quot;:{&quot;unit&quot;:&quot;px&quot;,&quot;top&quot;:&quot;&quot;,&quot;right&quot;:&quot;&quot;,&quot;bottom&quot;:&quot;&quot;,&quot;left&quot;:&quot;&quot;,&quot;isLinked&quot;:true},&quot;element_pack_global_tooltip_padding_mobile&quot;:{&quot;unit&quot;:&quot;px&quot;,&quot;top&quot;:&quot;&quot;,&quot;right&quot;:&quot;&quot;,&quot;bottom&quot;:&quot;&quot;,&quot;left&quot;:&quot;&quot;,&quot;isLinked&quot;:true},&quot;element_pack_global_tooltip_border_radius&quot;:{&quot;unit&quot;:&quot;px&quot;,&quot;top&quot;:&quot;&quot;,&quot;right&quot;:&quot;&quot;,&quot;bottom&quot;:&quot;&quot;,&quot;left&quot;:&quot;&quot;,&quot;isLinked&quot;:true},&quot;element_pack_global_tooltip_border_radius_tablet&quot;:{&quot;unit&quot;:&quot;px&quot;,&quot;top&quot;:&quot;&quot;,&quot;right&quot;:&quot;&quot;,&quot;bottom&quot;:&quot;&quot;,&quot;left&quot;:&quot;&quot;,&quot;isLinked&quot;:true},&quot;element_pack_global_tooltip_border_radius_mobile&quot;:{&quot;unit&quot;:&quot;px&quot;,&quot;top&quot;:&quot;&quot;,&quot;right&quot;:&quot;&quot;,&quot;bottom&quot;:&quot;&quot;,&quot;left&quot;:&quot;&quot;,&quot;isLinked&quot;:true}}\">\n\t\t\t\t<div class=\"elementor-element elementor-element-1bd9a4d e-flex e-con-boxed e-con e-parent\" data-id=\"1bd9a4d\" data-element_type=\"container\" data-e-type=\"container\" data-settings=\"{&quot;background_background&quot;:&quot;classic&quot;}\">\n\t\t\t\t\t<div class=\"e-con-inner\">\n\t\t\t\t<div class=\"elementor-element elementor-element-5700d58 elementor-widget elementor-widget-heading\" data-id=\"5700d58\" data-element_type=\"widget\" data-e-type=\"widget\" data-widget_type=\"heading.default\">\n\t\t\t\t<div class=\"elementor-widget-container\">\n\t\t\t\t\t<h1 class=\"elementor-heading-title elementor-size-default\">Na\u010din pla\u0107anja\n<\/h1>\t\t\t\t<\/div>\n\t\t\t\t<\/div>\n\t\t\t\t\t<\/div>\n\t\t\t\t<\/div>\n\t\t<div class=\"elementor-element elementor-element-0a29bf5 e-flex e-con-boxed e-con e-parent\" data-id=\"0a29bf5\" data-element_type=\"container\" data-e-type=\"container\">\n\t\t\t\t\t<div class=\"e-con-inner\">\n\t\t\t\t<div class=\"elementor-element elementor-element-31e0e39 elementor-widget elementor-widget-text-editor\" data-id=\"31e0e39\" data-element_type=\"widget\" data-e-type=\"widget\" data-widget_type=\"text-editor.default\">\n\t\t\t\t<div class=\"elementor-widget-container\">\n\t\t\t\t\t\t\t\t\t<h2 class=\"mb-4\">Na\u010din pla\u0107anja<\/h2>\n<div>\n<p>U rubrici &#8220;Na\u010din pla\u0107anja&#8221; mo\u017eete na\u0107i informacije o tome na koje sve na\u010dine mo\u017eete uplatiti akontaciju kako biste prona\u0161li na\u010din koji Vam najvi\u0161e odgovara.<\/p>\n<p><br \/>1. Pla\u0107anje gotovinom\u00a0 u poslovnici turisti\u010dke agencije Murter-online.com,<br \/>primatelj: obrt za usluge \u2013 turisti\u010dka agencija Murter-online.com, Fausta Vran\u010di\u0107a 5, 22243 Murter<br \/><br \/>2. Pla\u0107anje po\u0161tanskom doznakom<\/p>\n<p><br \/>uplatitelj: ime i prezime osobe koja je rezervirala sa adresom stanovanja<br \/>iznos: iznos akontacije koju treba platiti po dobivenom predra\u010dunu<br \/>svrha uplate: rezervacija odre\u0111enog smje\u0161tajnog objekta<br \/>primatelj: obrt za usluge \u2013 turisti\u010dka agencija Murter-online.com, Fausta Vran\u010di\u0107a 5, 22243 Murter<br \/><br \/>3. Uplata na \u017eiro ra\u010dun agencije (pla\u0107anje unutar republike Hrvatske)<\/p>\n<p><br \/>uplatitelj: ime i prezime osobe koja je rezervirala sa adresom stanovanja<br \/>iznos: iznos akontacije koju treba platiti po dobivenom predra\u010dunu<br \/>svrha uplate: rezervacija odre\u0111enog smje\u0161tajnog objekta<br \/>primatelj:<br \/>obrt za usluge \u2013 turisti\u010dka agencija Murter-online.com, Fausta Vran\u010di\u0107a 5, 22243 Murter<\/p>\n<p>IBAN: HR65 2340 0091 1606 1831 8<br \/>SWIFT CODE: PBZGHR2X<br \/>PRIVREDNA BANKA ZAGREB d.d.<br \/><br \/>4. Uplata bankovnom doznakom na devizni ra\u010dun agencije (pla\u0107anje izvan republike Hrvatske)<\/p>\n<p><br \/>uplatitelj: ime i prezime osobe koja je rezervirala sa adresom stanovanja<br \/>iznos: iznos akontacije koju treba platiti po dobivenom predra\u010dunu<br \/>svrha uplate: rezervacija odre\u0111enog smje\u0161tajnog objekta<br \/>primatelj:<br \/>obrt za usluge \u2013 turisti\u010dka agencija Murter-online.com, Fausta Vran\u010di\u0107a 5, 22243 Murter<\/p>\n<p>IBAN: HR65 2340 0091 1606 1831 8<br \/>SWIFT CODE: PBZGHR2X<br \/>PRIVREDNA BANKA ZAGREB d.d.<br \/>HRVATSKA<\/p>\n<\/div>\t\t\t\t\t\t\t\t<\/div>\n\t\t\t\t<\/div>\n\t\t\t\t\t<\/div>\n\t\t\t\t<\/div>\n\t\t\t\t<\/div>\n\t\t","protected":false},"excerpt":{"rendered":"<p>Na\u010din pla\u0107anja Na\u010din pla\u0107anja U rubrici &#8220;Na\u010din pla\u0107anja&#8221; mo\u017eete na\u0107i informacije o tome na koje sve na\u010dine mo\u017eete uplatiti akontaciju kako biste prona\u0161li na\u010din koji Vam najvi\u0161e odgovara. 1. Pla\u0107anje gotovinom\u00a0 u poslovnici turisti\u010dke agencije Murter-online.com,primatelj: obrt za usluge \u2013 turisti\u010dka agencija Murter-online.com, Fausta Vran\u010di\u0107a 5, 22243 Murter 2. Pla\u0107anje po\u0161tanskom doznakom uplatitelj: ime i [&hellip;]<\/p>\n","protected":false},"author":2,"featured_media":0,"parent":0,"menu_order":0,"comment_status":"closed","ping_status":"closed","template":"","meta":{"_acf_changed":false,"footnotes":""},"class_list":["post-48470","page","type-page","status-publish","hentry"],"acf":[],"_links":{"self":[{"href":"https:\/\/murter-online.com\/hr\/wp-json\/wp\/v2\/pages\/48470","targetHints":{"allow":["GET"]}}],"collection":[{"href":"https:\/\/murter-online.com\/hr\/wp-json\/wp\/v2\/pages"}],"about":[{"href":"https:\/\/murter-online.com\/hr\/wp-json\/wp\/v2\/types\/page"}],"author":[{"embeddable":true,"href":"https:\/\/murter-online.com\/hr\/wp-json\/wp\/v2\/users\/2"}],"replies":[{"embeddable":true,"href":"https:\/\/murter-online.com\/hr\/wp-json\/wp\/v2\/comments?post=48470"}],"version-history":[{"count":4,"href":"https:\/\/murter-online.com\/hr\/wp-json\/wp\/v2\/pages\/48470\/revisions"}],"predecessor-version":[{"id":48474,"href":"https:\/\/murter-online.com\/hr\/wp-json\/wp\/v2\/pages\/48470\/revisions\/48474"}],"wp:attachment":[{"href":"https:\/\/murter-online.com\/hr\/wp-json\/wp\/v2\/media?parent=48470"}],"curies":[{"name":"wp","href":"https:\/\/api.w.org\/{rel}","templated":true}]}}