{"id":48490,"date":"2024-12-17T11:34:23","date_gmt":"2024-12-17T11:34:23","guid":{"rendered":"https:\/\/murter.riot.hr\/?page_id=48490"},"modified":"2025-01-13T18:58:25","modified_gmt":"2025-01-13T18:58:25","slug":"kako-rezervirati","status":"publish","type":"page","link":"https:\/\/murter-online.com\/hr\/kako-rezervirati\/","title":{"rendered":"Kako rezervirati"},"content":{"rendered":"\t\t<div data-elementor-type=\"wp-page\" data-elementor-id=\"48490\" class=\"elementor elementor-48490 elementor-10203\" data-elementor-settings=\"{&quot;element_pack_global_tooltip_width&quot;:{&quot;unit&quot;:&quot;px&quot;,&quot;size&quot;:&quot;&quot;,&quot;sizes&quot;:[]},&quot;element_pack_global_tooltip_width_tablet&quot;:{&quot;unit&quot;:&quot;px&quot;,&quot;size&quot;:&quot;&quot;,&quot;sizes&quot;:[]},&quot;element_pack_global_tooltip_width_mobile&quot;:{&quot;unit&quot;:&quot;px&quot;,&quot;size&quot;:&quot;&quot;,&quot;sizes&quot;:[]},&quot;element_pack_global_tooltip_padding&quot;:{&quot;unit&quot;:&quot;px&quot;,&quot;top&quot;:&quot;&quot;,&quot;right&quot;:&quot;&quot;,&quot;bottom&quot;:&quot;&quot;,&quot;left&quot;:&quot;&quot;,&quot;isLinked&quot;:true},&quot;element_pack_global_tooltip_padding_tablet&quot;:{&quot;unit&quot;:&quot;px&quot;,&quot;top&quot;:&quot;&quot;,&quot;right&quot;:&quot;&quot;,&quot;bottom&quot;:&quot;&quot;,&quot;left&quot;:&quot;&quot;,&quot;isLinked&quot;:true},&quot;element_pack_global_tooltip_padding_mobile&quot;:{&quot;unit&quot;:&quot;px&quot;,&quot;top&quot;:&quot;&quot;,&quot;right&quot;:&quot;&quot;,&quot;bottom&quot;:&quot;&quot;,&quot;left&quot;:&quot;&quot;,&quot;isLinked&quot;:true},&quot;element_pack_global_tooltip_border_radius&quot;:{&quot;unit&quot;:&quot;px&quot;,&quot;top&quot;:&quot;&quot;,&quot;right&quot;:&quot;&quot;,&quot;bottom&quot;:&quot;&quot;,&quot;left&quot;:&quot;&quot;,&quot;isLinked&quot;:true},&quot;element_pack_global_tooltip_border_radius_tablet&quot;:{&quot;unit&quot;:&quot;px&quot;,&quot;top&quot;:&quot;&quot;,&quot;right&quot;:&quot;&quot;,&quot;bottom&quot;:&quot;&quot;,&quot;left&quot;:&quot;&quot;,&quot;isLinked&quot;:true},&quot;element_pack_global_tooltip_border_radius_mobile&quot;:{&quot;unit&quot;:&quot;px&quot;,&quot;top&quot;:&quot;&quot;,&quot;right&quot;:&quot;&quot;,&quot;bottom&quot;:&quot;&quot;,&quot;left&quot;:&quot;&quot;,&quot;isLinked&quot;:true}}\">\n\t\t\t\t<div class=\"elementor-element elementor-element-effad43 e-flex e-con-boxed e-con e-parent\" data-id=\"effad43\" data-element_type=\"container\" data-e-type=\"container\" data-settings=\"{&quot;background_background&quot;:&quot;classic&quot;}\">\n\t\t\t\t\t<div class=\"e-con-inner\">\n\t\t\t\t<div class=\"elementor-element elementor-element-cb51215 elementor-widget elementor-widget-heading\" data-id=\"cb51215\" data-element_type=\"widget\" data-e-type=\"widget\" data-widget_type=\"heading.default\">\n\t\t\t\t<div class=\"elementor-widget-container\">\n\t\t\t\t\t<h1 class=\"elementor-heading-title elementor-size-default\">Kako rezervirati<\/h1>\t\t\t\t<\/div>\n\t\t\t\t<\/div>\n\t\t\t\t\t<\/div>\n\t\t\t\t<\/div>\n\t\t<div class=\"elementor-element elementor-element-95d957c e-flex e-con-boxed e-con e-parent\" data-id=\"95d957c\" data-element_type=\"container\" data-e-type=\"container\">\n\t\t\t\t\t<div class=\"e-con-inner\">\n\t\t\t\t<div class=\"elementor-element elementor-element-03fd065 elementor-widget elementor-widget-text-editor\" data-id=\"03fd065\" data-element_type=\"widget\" data-e-type=\"widget\" data-widget_type=\"text-editor.default\">\n\t\t\t\t<div class=\"elementor-widget-container\">\n\t\t\t\t\t\t\t\t\t<h2 class=\"mb-4\">Kako rezervirati<\/h2>\n<div>\n<p>U rubrici &#8220;Kako rezervirati&#8221; mo\u017eete na\u0107i upute kroz koje faze morate pro\u0107i da biste brzo i lako na\u0161li odgovaraju\u0107i smje\u0161taj i rezervirali ga.\u00a0<\/p>\n<p>\u00a0<\/p>\n<p>\u00a01. Pretra\u017eite kategoriju za koju ste zainteresirani:<\/p>\n<p>\u00a0a) Odredite datum svod dolaska i odlaska<\/p>\n<p>\u00a0b) Odaberite izme\u0111u slijede\u0107ih vrsta smje\u0161taja :Vile, Ku\u0107e za odmor,Apartmani, Sobe, Ribarske ku\u0107e &#8211; Robinzonski turizam<\/p>\n<p>\u00a0c) Odaberite broj osoba i stisnite pretra\u017ei kako bi\u00a0 eliminirali apartmane koji ne odgovaraju Va\u0161im zahtjevima<\/p>\n<p>\u00a0<\/p>\n<p>2. Izdvojite jedinice koje vam se svi\u0111aju<\/p>\n<p>\u00a0<\/p>\n<p>3. Po\u0161aljite upit o raspolo\u017eivosti jedinica<\/p>\n<p>a) Nakon \u0161to kliknete na apartman kako bi &#8220;Vidjeli detalje&#8221; u kalendar kliknite na &#8220;Selektirani datum&#8221; te ozna\u010dite datum svog dolaska i odlaska.<\/p>\n<p>b) Period Va\u0161eg upita u kalendaru ozna\u010diti \u0107e se zelenom bojom i automatski otvoriti opciju &#8220;PO\u0160ALJITE UPIT&#8221;, kliknite na tu opciju i ispunite podatke.<\/p>\n<p>c) Nakon zaprimljenog upita odgovoriti \u0107emo u najkra\u0107em mogu\u0107em roku.<\/p>\n<p>\u00a0<\/p>\n<p>4. Rezervirajte Vama najbolju slobodnu jedinicu<\/p>\n<p>Nakon \u0161to Vas obavijestimo\u00a0 koje su smje\u0161tajne jedinice slobodne, odaberite najbolju i po\u010dnite s procesom rezervacije na na\u010din da potvrdite rezervaciju odre\u0111enu jedinice kako bi je mi sa\u010duvali za Vas.<\/p>\n<p>\u00a0<\/p>\n<p>5. Fiksna rezervacija pla\u0107anjem akontacije<\/p>\n<p>Nakon \u0161to odlu\u010dite rezervirati odre\u0111enu smje\u0161tajnu jedinicu iz na\u0161e ponude trebate uplatiti akontaciju u odre\u0111enom postotku od cijene ukupnog boravka:<\/p>\n<p>&#8211; izme\u0111u 10% &#8211; 30 %\u00a0 ovisno o odabranom smje\u0161taju za apartmane, sobe, vile, ku\u0107e za odmor i ribarske ku\u0107e (ostatak na dan dolaska u gotovini direktno vlasniku (ili agenciji ) po dobivenom voucheru)<\/p>\n<p>Rok uplate akontacije je 2 radna \u00a0dana, a u sezoni (01.07.-01.09.) 24 sata. Nakon uplate akontacije potrebno je poslati agenciji potvrdu o uplati akontacije putem e-maila ili\u00a0 fax-a.<\/p>\n<p>Uplatom akontacije jedinica je za Vas fiksno rezervirana i mi Vam jo\u0161 jednom potvr\u0111ujemo rezervaciju.<\/p>\n<p>\u00a0<\/p>\n<p>6. Dolazak<\/p>\n<p>&#8211; check in: od 14.00h, check out: do 10.00h<\/p>\n<p>&#8211; prijava gostiju pri dolasku direktno kod vlasnika apartmana u Murteru ili kod djelatnika agencije MURTER-ONLINE.COM<\/p>\n<\/div>\t\t\t\t\t\t\t\t<\/div>\n\t\t\t\t<\/div>\n\t\t\t\t\t<\/div>\n\t\t\t\t<\/div>\n\t\t\t\t<\/div>\n\t\t","protected":false},"excerpt":{"rendered":"<p>Kako rezervirati Kako rezervirati U rubrici &#8220;Kako rezervirati&#8221; mo\u017eete na\u0107i upute kroz koje faze morate pro\u0107i da biste brzo i lako na\u0161li odgovaraju\u0107i smje\u0161taj i rezervirali ga.\u00a0 \u00a0 \u00a01. Pretra\u017eite kategoriju za koju ste zainteresirani: \u00a0a) Odredite datum svod dolaska i odlaska \u00a0b) Odaberite izme\u0111u slijede\u0107ih vrsta smje\u0161taja :Vile, Ku\u0107e za odmor,Apartmani, Sobe, Ribarske ku\u0107e [&hellip;]<\/p>\n","protected":false},"author":2,"featured_media":0,"parent":0,"menu_order":0,"comment_status":"closed","ping_status":"closed","template":"","meta":{"_acf_changed":false,"footnotes":""},"class_list":["post-48490","page","type-page","status-publish","hentry"],"acf":[],"_links":{"self":[{"href":"https:\/\/murter-online.com\/hr\/wp-json\/wp\/v2\/pages\/48490","targetHints":{"allow":["GET"]}}],"collection":[{"href":"https:\/\/murter-online.com\/hr\/wp-json\/wp\/v2\/pages"}],"about":[{"href":"https:\/\/murter-online.com\/hr\/wp-json\/wp\/v2\/types\/page"}],"author":[{"embeddable":true,"href":"https:\/\/murter-online.com\/hr\/wp-json\/wp\/v2\/users\/2"}],"replies":[{"embeddable":true,"href":"https:\/\/murter-online.com\/hr\/wp-json\/wp\/v2\/comments?post=48490"}],"version-history":[{"count":4,"href":"https:\/\/murter-online.com\/hr\/wp-json\/wp\/v2\/pages\/48490\/revisions"}],"predecessor-version":[{"id":48494,"href":"https:\/\/murter-online.com\/hr\/wp-json\/wp\/v2\/pages\/48490\/revisions\/48494"}],"wp:attachment":[{"href":"https:\/\/murter-online.com\/hr\/wp-json\/wp\/v2\/media?parent=48490"}],"curies":[{"name":"wp","href":"https:\/\/api.w.org\/{rel}","templated":true}]}}