{"id":48521,"date":"2024-12-17T11:41:14","date_gmt":"2024-12-17T11:41:14","guid":{"rendered":"https:\/\/murter.riot.hr\/?page_id=48521"},"modified":"2025-01-13T19:08:49","modified_gmt":"2025-01-13T19:08:49","slug":"gdpr","status":"publish","type":"page","link":"https:\/\/murter-online.com\/hr\/gdpr\/","title":{"rendered":"GDPR"},"content":{"rendered":"\t\t<div data-elementor-type=\"wp-page\" data-elementor-id=\"48521\" class=\"elementor elementor-48521 elementor-10217\" data-elementor-settings=\"{&quot;element_pack_global_tooltip_width&quot;:{&quot;unit&quot;:&quot;px&quot;,&quot;size&quot;:&quot;&quot;,&quot;sizes&quot;:[]},&quot;element_pack_global_tooltip_width_tablet&quot;:{&quot;unit&quot;:&quot;px&quot;,&quot;size&quot;:&quot;&quot;,&quot;sizes&quot;:[]},&quot;element_pack_global_tooltip_width_mobile&quot;:{&quot;unit&quot;:&quot;px&quot;,&quot;size&quot;:&quot;&quot;,&quot;sizes&quot;:[]},&quot;element_pack_global_tooltip_padding&quot;:{&quot;unit&quot;:&quot;px&quot;,&quot;top&quot;:&quot;&quot;,&quot;right&quot;:&quot;&quot;,&quot;bottom&quot;:&quot;&quot;,&quot;left&quot;:&quot;&quot;,&quot;isLinked&quot;:true},&quot;element_pack_global_tooltip_padding_tablet&quot;:{&quot;unit&quot;:&quot;px&quot;,&quot;top&quot;:&quot;&quot;,&quot;right&quot;:&quot;&quot;,&quot;bottom&quot;:&quot;&quot;,&quot;left&quot;:&quot;&quot;,&quot;isLinked&quot;:true},&quot;element_pack_global_tooltip_padding_mobile&quot;:{&quot;unit&quot;:&quot;px&quot;,&quot;top&quot;:&quot;&quot;,&quot;right&quot;:&quot;&quot;,&quot;bottom&quot;:&quot;&quot;,&quot;left&quot;:&quot;&quot;,&quot;isLinked&quot;:true},&quot;element_pack_global_tooltip_border_radius&quot;:{&quot;unit&quot;:&quot;px&quot;,&quot;top&quot;:&quot;&quot;,&quot;right&quot;:&quot;&quot;,&quot;bottom&quot;:&quot;&quot;,&quot;left&quot;:&quot;&quot;,&quot;isLinked&quot;:true},&quot;element_pack_global_tooltip_border_radius_tablet&quot;:{&quot;unit&quot;:&quot;px&quot;,&quot;top&quot;:&quot;&quot;,&quot;right&quot;:&quot;&quot;,&quot;bottom&quot;:&quot;&quot;,&quot;left&quot;:&quot;&quot;,&quot;isLinked&quot;:true},&quot;element_pack_global_tooltip_border_radius_mobile&quot;:{&quot;unit&quot;:&quot;px&quot;,&quot;top&quot;:&quot;&quot;,&quot;right&quot;:&quot;&quot;,&quot;bottom&quot;:&quot;&quot;,&quot;left&quot;:&quot;&quot;,&quot;isLinked&quot;:true}}\">\n\t\t\t\t<div class=\"elementor-element elementor-element-371472b e-flex e-con-boxed e-con e-parent\" data-id=\"371472b\" data-element_type=\"container\" data-e-type=\"container\" data-settings=\"{&quot;background_background&quot;:&quot;classic&quot;}\">\n\t\t\t\t\t<div class=\"e-con-inner\">\n\t\t\t\t<div class=\"elementor-element elementor-element-7394ba3 elementor-widget elementor-widget-heading\" data-id=\"7394ba3\" data-element_type=\"widget\" data-e-type=\"widget\" data-widget_type=\"heading.default\">\n\t\t\t\t<div class=\"elementor-widget-container\">\n\t\t\t\t\t<h1 class=\"elementor-heading-title elementor-size-default\">GDPR<\/h1>\t\t\t\t<\/div>\n\t\t\t\t<\/div>\n\t\t\t\t\t<\/div>\n\t\t\t\t<\/div>\n\t\t<div class=\"elementor-element elementor-element-a91d349 e-flex e-con-boxed e-con e-parent\" data-id=\"a91d349\" data-element_type=\"container\" data-e-type=\"container\">\n\t\t\t\t\t<div class=\"e-con-inner\">\n\t\t\t\t<div class=\"elementor-element elementor-element-8b78a76 elementor-widget elementor-widget-text-editor\" data-id=\"8b78a76\" data-element_type=\"widget\" data-e-type=\"widget\" data-widget_type=\"text-editor.default\">\n\t\t\t\t<div class=\"elementor-widget-container\">\n\t\t\t\t\t\t\t\t\t<h2 class=\"mb-4\">GDPR<\/h2><div><p>Izjava o za\u0161titi i prikupljanju osobnih podataka<\/p><p>Ovim dokumentom opisano je kako TURISTI\u010cKA AGENCIJA MURTER-ONLINE.COM, FAUSTA VRAN\u010cI\u0106A 5, 22243 Murter OIB: 76333440164 (u daljnjem tekstu TURISTI\u010cKA AGENCIJA MURTER-ONLINE.COM) obra\u0111uje osobne podatke.<\/p><p>Politika privatnosti se primjenjuje na sve osobne podatke korisnika koje prikupljamo i obra\u0111ujemo. Kontaktni podaci prikupljeni na na\u0161im web stranicama ne\u0107e biti javno objavljeni niti \u0107e koristiti za bilo \u0161to drugo, osim za slanje odgovora na va\u0161 upit!<\/p><p>Svoje osobne podatke u gore navedene svrhe dajete dobrovoljno \u0161to potvr\u0111ujete daju\u0107i jasnu i nedvosmislenu privolu. Navedeni podaci su nam nu\u017eni kako bi se ispunile svrhe u koju se prikupljaju i ne\u0107e biti kori\u0161teni ni u koju drugu svrhu bez isho\u0111enja va\u0161e izri\u010dite privole. Slijedom navedenog, ako uskratite tra\u017eene osobne podatke, TURISTI\u010cKA AGENCIJA MURTER-ONLINE.COM ne\u0107e mo\u0107i postupiti po tom zahtjevu.<\/p><p>Obavje\u0161tavamo vas da u svakom trenutku mo\u017eete povu\u0107i privolu na obradu va\u0161ih osobnih podataka bez posljedica te da \u0107e va\u0161em zahtjevu biti udovoljeno u najkra\u0107em mogu\u0107em roku. Nakon povla\u010denja va\u0161e privole va\u0161i osobni podaci vi\u0161e ne\u0107e biti obra\u0111ivani te \u0107e u skladu s internim aktom TURISTI\u010cKA AGENCIJA MURTER-ONLINE.COM biti brisani ili uni\u0161teni na siguran na\u010din.<\/p><p>Va\u0161i osobni podaci ne\u0107e se proslje\u0111ivati tre\u0107im osobama izvan TURISTI\u010cKA AGENCIJA MURTER-ONLINE.COM. U slu\u010daju davanja va\u0161ih osobnih podataka na kori\u0161tenje tre\u0107im osobama, TURISTI\u010cKA AGENCIJA MURTER-ONLINE.COM \u0107e vas o tome prethodno informirati u skladu s va\u017ee\u0107im propisima o za\u0161titi osobnih podataka.<\/p><p>Va\u0161i osobni podaci ne\u0107e se proslje\u0111ivati tre\u0107im zemljama ili me\u0111unarodnim organizacijama.<\/p><p>TURISTI\u010cKA AGENCIJA MURTER-ONLINE.COM \u0107e va\u0161e osobne podatke obra\u0111ivati u skladu s opisanom svrhom, u razdoblju u kojem je obrada tih podataka nu\u017ena radi postizanja svrhe u koju su prikupljeni, a najdu\u017ee u roku odre\u0111enom internim aktom kojim se ure\u0111uje obrada i pohrana tih podataka.<\/p><p>Za sva pitanja i informacije vezane uz ostvarivanje va\u0161ih prava na za\u0161titu osobnih podataka, slobodno se obratite na e-adresu info@murter-online.com.<\/p><p>Pravila o kola\u010di\u0107ima<br \/>Kako bi se osigurao ispravan rad ovog web-mjesta, ponekad na va\u0161e ure\u0111aje pohranjujemo male podatkovne datoteke poznate pod nazivom kola\u010di\u0107i.<\/p><p>\u0160to su kola\u010di\u0107i?<br \/>Kola\u010di\u0107 je mala podatkovna datoteka koja se pohranjuje na va\u0161e ra\u010dunalo ili mobilni ure\u0111aj pri posjetu odre\u0111enom web-mjestu. S pomo\u0107u kola\u010di\u0107a web-mjesto pamti va\u0161e radnje i \u017eeljene postavke (poput korisni\u010dkog imena, jezika, veli\u010dine fonta i drugih \u017eeljenih postavki koje se odnose na prikaz) tijekom duljeg razdoblja, pa ih nije potrebno ponovno unositi pri svakom povratku na web-mjesto odnosno pri prelasku s jedne njegove stranice na drugu.<\/p><p>Na koji se na\u010din koristimo kola\u010di\u0107ima?<br \/>Na nekim se na\u0161im stranicama koristimo kola\u010di\u0107ima koji nisu prijeko potrebni za prikaz web-mjesta, no omogu\u0107it \u0107e vam ugodnije pregledavanje. Te kola\u010di\u0107e mo\u017eete izbrisati ili blokirati, ali ako to u\u010dinite, neke funkcije te stranice mo\u017eda ne\u0107e raditi kako je predvi\u0111eno. S pomo\u0107u kola\u010di\u0107a spremaju se sljede\u0107i podaci:<\/p><p>poput jezika preglednika,<br \/>kod web trgovina proizvodi koji su u ko\u0161arici ili listi \u017eelja.<br \/>jeste li ili ne pristali na na\u0161u uporabu kola\u010di\u0107a na toj stranici i sl.<br \/>Osobni podaci<br \/>Informacije povezane s kola\u010di\u0107ima ne slu\u017ee za va\u0161u identifikaciju, a podaci o navikama pregledavanja isklju\u010divo su pod na\u0161im nadzorom. Kola\u010di\u0107ima se ne koristimo ni u koje druge svrhe osim onih koje smo ovdje opisali.<\/p><p>Kola\u010di\u0107i tre\u0107ih osoba<br \/>Ponekad u statisti\u010dke svrhe koristimo i vanjske usluge za pra\u0107enje kori\u0161tenja stranica, poput Google Analytics. U tom slu\u010daju, Google \u0107e na va\u0161e ra\u010dunalo poslati svoje kola\u010di\u0107e \u2013 tzv. kola\u010di\u0107e tre\u0107e strane. Isto se doga\u0111a kada koristimo karte na Google Maps.<\/p><p>Kako se kontroliraju kola\u010di\u0107i?<br \/>Kola\u010di\u0107e mo\u017eete kontrolirati i\/ili izbrisati prema \u017eelji. Mo\u017eete izbrisati sve kola\u010di\u0107e koji su ve\u0107 pohranjeni na va\u0161em ure\u0111aju, a postavke ve\u0107ine preglednika omogu\u0107uju blokiranje pohrane kola\u010di\u0107a. Ako blokirate kola\u010di\u0107e, mo\u017eda \u0107ete pri svakom posjetu web-mjestu morati ru\u010dno prilago\u0111ivati neke \u017eeljene postavke, a odre\u0111ene usluge i funkcije mo\u017eda ne\u0107e biti dostupne. Ako ne \u017eelite na svome ra\u010dunalu primati kola\u010di\u0107e, svom pregledniku mo\u017eete zadati da vas obavijesti kada ih detektira ili ih mo\u017eete automatski sve odbiti. Tako\u0111er mo\u017eete obrisati sve kola\u010di\u0107e koje ste ve\u0107 primili. Ako \u017eelite ograni\u010diti ili blokirati kola\u010di\u0107e koji su vam ve\u0107 instalirani, to mo\u017eete u\u010diniti putem postavki svoga preglednika. Na koji na\u010din, saznajte na stranici www.aboutcookies.org, gdje mo\u017eete na\u0107i detaljne upute koje se odnose na razli\u010dite preglednike.<\/p><\/div>\t\t\t\t\t\t\t\t<\/div>\n\t\t\t\t<\/div>\n\t\t\t\t\t<\/div>\n\t\t\t\t<\/div>\n\t\t\t\t<\/div>\n\t\t","protected":false},"excerpt":{"rendered":"<p>GDPR GDPR Izjava o za\u0161titi i prikupljanju osobnih podataka Ovim dokumentom opisano je kako TURISTI\u010cKA AGENCIJA MURTER-ONLINE.COM, FAUSTA VRAN\u010cI\u0106A 5, 22243 Murter OIB: 76333440164 (u daljnjem tekstu TURISTI\u010cKA AGENCIJA MURTER-ONLINE.COM) obra\u0111uje osobne podatke. Politika privatnosti se primjenjuje na sve osobne podatke korisnika koje prikupljamo i obra\u0111ujemo. Kontaktni podaci prikupljeni na na\u0161im web stranicama ne\u0107e biti [&hellip;]<\/p>\n","protected":false},"author":2,"featured_media":0,"parent":0,"menu_order":0,"comment_status":"closed","ping_status":"closed","template":"","meta":{"_acf_changed":false,"footnotes":""},"class_list":["post-48521","page","type-page","status-publish","hentry"],"acf":[],"_links":{"self":[{"href":"https:\/\/murter-online.com\/hr\/wp-json\/wp\/v2\/pages\/48521","targetHints":{"allow":["GET"]}}],"collection":[{"href":"https:\/\/murter-online.com\/hr\/wp-json\/wp\/v2\/pages"}],"about":[{"href":"https:\/\/murter-online.com\/hr\/wp-json\/wp\/v2\/types\/page"}],"author":[{"embeddable":true,"href":"https:\/\/murter-online.com\/hr\/wp-json\/wp\/v2\/users\/2"}],"replies":[{"embeddable":true,"href":"https:\/\/murter-online.com\/hr\/wp-json\/wp\/v2\/comments?post=48521"}],"version-history":[{"count":4,"href":"https:\/\/murter-online.com\/hr\/wp-json\/wp\/v2\/pages\/48521\/revisions"}],"predecessor-version":[{"id":48525,"href":"https:\/\/murter-online.com\/hr\/wp-json\/wp\/v2\/pages\/48521\/revisions\/48525"}],"wp:attachment":[{"href":"https:\/\/murter-online.com\/hr\/wp-json\/wp\/v2\/media?parent=48521"}],"curies":[{"name":"wp","href":"https:\/\/api.w.org\/{rel}","templated":true}]}}