{"id":48539,"date":"2024-12-17T11:43:47","date_gmt":"2024-12-17T11:43:47","guid":{"rendered":"https:\/\/murter.riot.hr\/?page_id=48539"},"modified":"2025-01-13T19:14:41","modified_gmt":"2025-01-13T19:14:41","slug":"kako-dati-prigovor","status":"publish","type":"page","link":"https:\/\/murter-online.com\/hr\/kako-dati-prigovor\/","title":{"rendered":"Kako dati prigovor?"},"content":{"rendered":"\t\t<div data-elementor-type=\"wp-page\" data-elementor-id=\"48539\" class=\"elementor elementor-48539 elementor-10225\" data-elementor-settings=\"{&quot;element_pack_global_tooltip_width&quot;:{&quot;unit&quot;:&quot;px&quot;,&quot;size&quot;:&quot;&quot;,&quot;sizes&quot;:[]},&quot;element_pack_global_tooltip_width_tablet&quot;:{&quot;unit&quot;:&quot;px&quot;,&quot;size&quot;:&quot;&quot;,&quot;sizes&quot;:[]},&quot;element_pack_global_tooltip_width_mobile&quot;:{&quot;unit&quot;:&quot;px&quot;,&quot;size&quot;:&quot;&quot;,&quot;sizes&quot;:[]},&quot;element_pack_global_tooltip_padding&quot;:{&quot;unit&quot;:&quot;px&quot;,&quot;top&quot;:&quot;&quot;,&quot;right&quot;:&quot;&quot;,&quot;bottom&quot;:&quot;&quot;,&quot;left&quot;:&quot;&quot;,&quot;isLinked&quot;:true},&quot;element_pack_global_tooltip_padding_tablet&quot;:{&quot;unit&quot;:&quot;px&quot;,&quot;top&quot;:&quot;&quot;,&quot;right&quot;:&quot;&quot;,&quot;bottom&quot;:&quot;&quot;,&quot;left&quot;:&quot;&quot;,&quot;isLinked&quot;:true},&quot;element_pack_global_tooltip_padding_mobile&quot;:{&quot;unit&quot;:&quot;px&quot;,&quot;top&quot;:&quot;&quot;,&quot;right&quot;:&quot;&quot;,&quot;bottom&quot;:&quot;&quot;,&quot;left&quot;:&quot;&quot;,&quot;isLinked&quot;:true},&quot;element_pack_global_tooltip_border_radius&quot;:{&quot;unit&quot;:&quot;px&quot;,&quot;top&quot;:&quot;&quot;,&quot;right&quot;:&quot;&quot;,&quot;bottom&quot;:&quot;&quot;,&quot;left&quot;:&quot;&quot;,&quot;isLinked&quot;:true},&quot;element_pack_global_tooltip_border_radius_tablet&quot;:{&quot;unit&quot;:&quot;px&quot;,&quot;top&quot;:&quot;&quot;,&quot;right&quot;:&quot;&quot;,&quot;bottom&quot;:&quot;&quot;,&quot;left&quot;:&quot;&quot;,&quot;isLinked&quot;:true},&quot;element_pack_global_tooltip_border_radius_mobile&quot;:{&quot;unit&quot;:&quot;px&quot;,&quot;top&quot;:&quot;&quot;,&quot;right&quot;:&quot;&quot;,&quot;bottom&quot;:&quot;&quot;,&quot;left&quot;:&quot;&quot;,&quot;isLinked&quot;:true}}\">\n\t\t\t\t<div class=\"elementor-element elementor-element-aaa240a e-flex e-con-boxed e-con e-parent\" data-id=\"aaa240a\" data-element_type=\"container\" data-e-type=\"container\" data-settings=\"{&quot;background_background&quot;:&quot;classic&quot;}\">\n\t\t\t\t\t<div class=\"e-con-inner\">\n\t\t\t\t<div class=\"elementor-element elementor-element-ba9c60b elementor-widget elementor-widget-heading\" data-id=\"ba9c60b\" data-element_type=\"widget\" data-e-type=\"widget\" data-widget_type=\"heading.default\">\n\t\t\t\t<div class=\"elementor-widget-container\">\n\t\t\t\t\t<h1 class=\"elementor-heading-title elementor-size-default\">Kako dati prigovor?\n<\/h1>\t\t\t\t<\/div>\n\t\t\t\t<\/div>\n\t\t\t\t\t<\/div>\n\t\t\t\t<\/div>\n\t\t<div class=\"elementor-element elementor-element-519e26e e-flex e-con-boxed e-con e-parent\" data-id=\"519e26e\" data-element_type=\"container\" data-e-type=\"container\">\n\t\t\t\t\t<div class=\"e-con-inner\">\n\t\t\t\t<div class=\"elementor-element elementor-element-f97dee6 elementor-widget elementor-widget-text-editor\" data-id=\"f97dee6\" data-element_type=\"widget\" data-e-type=\"widget\" data-widget_type=\"text-editor.default\">\n\t\t\t\t<div class=\"elementor-widget-container\">\n\t\t\t\t\t\t\t\t\t<h2 class=\"mb-4\">Kako dati prigovor?<\/h2>\n<div>\n<p>U skladu s direktivom \u010dlanka 6. stavka 1. to\u010dke 3. Zakona o pru\u017eanju turisti\u010dkih usluga, NN (nacionalne novine) br. 130\/17, mo\u017ee se podnijeti \u017ealba korisnika:<\/p>\n<p>&#8211; pismeno u poslovnom prostoru;<br \/>&#8211; putem e-maila; info@murter-online.com.com<br \/>&#8211; po\u0161tom na adresu:<\/p>\n<p>Turisti\u010dka agencija MURTER-ONLINE.COM<br \/>Voditeljica agencije: Ivona Ko\u017euli\u0107<br \/>Fausta Vran\u010di\u0107a 5, 22243 Murter, Hrvatska<\/p>\n<p>Primanje prigovora bit \u0107e potvr\u0111eno u pisanom obliku bez odga\u0111anja nakon primitka pismene \u017ealbe korisnika usluge, a odgovor \u0107e se dati u pisanom obliku u roku od 15 dana od dana primitka prigovora<\/p>\n<\/div>\t\t\t\t\t\t\t\t<\/div>\n\t\t\t\t<\/div>\n\t\t\t\t\t<\/div>\n\t\t\t\t<\/div>\n\t\t\t\t<\/div>\n\t\t","protected":false},"excerpt":{"rendered":"<p>Kako dati prigovor? Kako dati prigovor? U skladu s direktivom \u010dlanka 6. stavka 1. to\u010dke 3. Zakona o pru\u017eanju turisti\u010dkih usluga, NN (nacionalne novine) br. 130\/17, mo\u017ee se podnijeti \u017ealba korisnika: &#8211; pismeno u poslovnom prostoru;&#8211; putem e-maila; info@murter-online.com.com&#8211; po\u0161tom na adresu: Turisti\u010dka agencija MURTER-ONLINE.COMVoditeljica agencije: Ivona Ko\u017euli\u0107Fausta Vran\u010di\u0107a 5, 22243 Murter, Hrvatska Primanje prigovora [&hellip;]<\/p>\n","protected":false},"author":2,"featured_media":0,"parent":0,"menu_order":0,"comment_status":"closed","ping_status":"closed","template":"","meta":{"_acf_changed":false,"footnotes":""},"class_list":["post-48539","page","type-page","status-publish","hentry"],"acf":[],"_links":{"self":[{"href":"https:\/\/murter-online.com\/hr\/wp-json\/wp\/v2\/pages\/48539","targetHints":{"allow":["GET"]}}],"collection":[{"href":"https:\/\/murter-online.com\/hr\/wp-json\/wp\/v2\/pages"}],"about":[{"href":"https:\/\/murter-online.com\/hr\/wp-json\/wp\/v2\/types\/page"}],"author":[{"embeddable":true,"href":"https:\/\/murter-online.com\/hr\/wp-json\/wp\/v2\/users\/2"}],"replies":[{"embeddable":true,"href":"https:\/\/murter-online.com\/hr\/wp-json\/wp\/v2\/comments?post=48539"}],"version-history":[{"count":4,"href":"https:\/\/murter-online.com\/hr\/wp-json\/wp\/v2\/pages\/48539\/revisions"}],"predecessor-version":[{"id":48543,"href":"https:\/\/murter-online.com\/hr\/wp-json\/wp\/v2\/pages\/48539\/revisions\/48543"}],"wp:attachment":[{"href":"https:\/\/murter-online.com\/hr\/wp-json\/wp\/v2\/media?parent=48539"}],"curies":[{"name":"wp","href":"https:\/\/api.w.org\/{rel}","templated":true}]}}