{"id":48559,"date":"2024-12-17T11:48:19","date_gmt":"2024-12-17T11:48:19","guid":{"rendered":"https:\/\/murter.riot.hr\/?page_id=48559"},"modified":"2025-01-13T19:22:22","modified_gmt":"2025-01-13T19:22:22","slug":"politika-kolacica-cookie-policy","status":"publish","type":"page","link":"https:\/\/murter-online.com\/hr\/politika-kolacica-cookie-policy\/","title":{"rendered":"Politika kola\u010di\u0107a (Cookie Policy)"},"content":{"rendered":"\t\t<div data-elementor-type=\"wp-page\" data-elementor-id=\"48559\" class=\"elementor elementor-48559 elementor-10230\" data-elementor-settings=\"{&quot;element_pack_global_tooltip_width&quot;:{&quot;unit&quot;:&quot;px&quot;,&quot;size&quot;:&quot;&quot;,&quot;sizes&quot;:[]},&quot;element_pack_global_tooltip_width_tablet&quot;:{&quot;unit&quot;:&quot;px&quot;,&quot;size&quot;:&quot;&quot;,&quot;sizes&quot;:[]},&quot;element_pack_global_tooltip_width_mobile&quot;:{&quot;unit&quot;:&quot;px&quot;,&quot;size&quot;:&quot;&quot;,&quot;sizes&quot;:[]},&quot;element_pack_global_tooltip_padding&quot;:{&quot;unit&quot;:&quot;px&quot;,&quot;top&quot;:&quot;&quot;,&quot;right&quot;:&quot;&quot;,&quot;bottom&quot;:&quot;&quot;,&quot;left&quot;:&quot;&quot;,&quot;isLinked&quot;:true},&quot;element_pack_global_tooltip_padding_tablet&quot;:{&quot;unit&quot;:&quot;px&quot;,&quot;top&quot;:&quot;&quot;,&quot;right&quot;:&quot;&quot;,&quot;bottom&quot;:&quot;&quot;,&quot;left&quot;:&quot;&quot;,&quot;isLinked&quot;:true},&quot;element_pack_global_tooltip_padding_mobile&quot;:{&quot;unit&quot;:&quot;px&quot;,&quot;top&quot;:&quot;&quot;,&quot;right&quot;:&quot;&quot;,&quot;bottom&quot;:&quot;&quot;,&quot;left&quot;:&quot;&quot;,&quot;isLinked&quot;:true},&quot;element_pack_global_tooltip_border_radius&quot;:{&quot;unit&quot;:&quot;px&quot;,&quot;top&quot;:&quot;&quot;,&quot;right&quot;:&quot;&quot;,&quot;bottom&quot;:&quot;&quot;,&quot;left&quot;:&quot;&quot;,&quot;isLinked&quot;:true},&quot;element_pack_global_tooltip_border_radius_tablet&quot;:{&quot;unit&quot;:&quot;px&quot;,&quot;top&quot;:&quot;&quot;,&quot;right&quot;:&quot;&quot;,&quot;bottom&quot;:&quot;&quot;,&quot;left&quot;:&quot;&quot;,&quot;isLinked&quot;:true},&quot;element_pack_global_tooltip_border_radius_mobile&quot;:{&quot;unit&quot;:&quot;px&quot;,&quot;top&quot;:&quot;&quot;,&quot;right&quot;:&quot;&quot;,&quot;bottom&quot;:&quot;&quot;,&quot;left&quot;:&quot;&quot;,&quot;isLinked&quot;:true}}\">\n\t\t\t\t<div class=\"elementor-element elementor-element-fb8db69 e-flex e-con-boxed e-con e-parent\" data-id=\"fb8db69\" data-element_type=\"container\" data-e-type=\"container\" data-settings=\"{&quot;background_background&quot;:&quot;classic&quot;}\">\n\t\t\t\t\t<div class=\"e-con-inner\">\n\t\t\t\t<div class=\"elementor-element elementor-element-b1ac581 elementor-widget elementor-widget-heading\" data-id=\"b1ac581\" data-element_type=\"widget\" data-e-type=\"widget\" data-widget_type=\"heading.default\">\n\t\t\t\t<div class=\"elementor-widget-container\">\n\t\t\t\t\t<h1 class=\"elementor-heading-title elementor-size-default\">Politika kola\u010di\u0107a (Cookie Policy)<\/h1>\t\t\t\t<\/div>\n\t\t\t\t<\/div>\n\t\t\t\t\t<\/div>\n\t\t\t\t<\/div>\n\t\t<div class=\"elementor-element elementor-element-7fdac07 e-flex e-con-boxed e-con e-parent\" data-id=\"7fdac07\" data-element_type=\"container\" data-e-type=\"container\">\n\t\t\t\t\t<div class=\"e-con-inner\">\n\t\t\t\t<div class=\"elementor-element elementor-element-8f5f7c0 elementor-widget elementor-widget-text-editor\" data-id=\"8f5f7c0\" data-element_type=\"widget\" data-e-type=\"widget\" data-widget_type=\"text-editor.default\">\n\t\t\t\t<div class=\"elementor-widget-container\">\n\t\t\t\t\t\t\t\t\t<h2 class=\"mb-4\">Politika kola\u010di\u0107a (Cookie Policy)<\/h2><div><div class=\"padding_left_ispis_objekata\" align=\"left\"><div class=\"text_stranice\"><p><strong>Pravila o kola\u010di\u0107ima<\/strong><\/p><p>Kako bi se osigurao ispravan rad ovog web-mjesta, ponekad na va\u0161e ure\u0111aje pohranjujemo male podatkovne datoteke poznate pod nazivom kola\u010di\u0107i.<\/p><p>\u00a0<\/p><p><strong>Na koji se na\u010din koristimo kola\u010di\u0107ima?<\/strong><br \/>Na nekim se na\u0161im stranicama koristimo kola\u010di\u0107ima koji nisu prijeko potrebni za prikaz web-mjesta, no omogu\u0107it \u0107e vam ugodnije pregledavanje. Te kola\u010di\u0107e mo\u017eete izbrisati ili blokirati, ali ako to u\u010dinite, neke funkcije te stranice mo\u017eda ne\u0107e raditi kako je predvi\u0111eno. S pomo\u0107u kola\u010di\u0107a spremaju se sljede\u0107i podaci:<br \/>\u2022 va\u0161e \u017eeljene postavke prikaza, poput jezika preglednika, kontrasta boja, veli\u010dine fonta, kori\u0161teni ure\u0111aj, \u017eeljene postavke prikaza rezultata pretra\u017eivanja i obavijesti;<br \/>\u2022 jeste li ili ne pristali na na\u0161u uporabu kola\u010di\u0107a na toj stranici;<\/p><p>\u00a0<\/p><p><strong>Osobni podaci<\/strong><\/p><p>Informacije povezane s kola\u010di\u0107ima ne slu\u017ee za va\u0161u identifikaciju, a podaci o navikama pregledavanja isklju\u010divo su pod na\u0161im nadzorom. Kola\u010di\u0107ima se ne koristimo ni u koje druge svrhe osim onih koje smo ovdje opisali.<\/p><p>\u00a0<\/p><p><strong><em>Kola\u010di\u0107i tre\u0107ih osoba<\/em><\/strong><\/p><p>Ponekad u statisti\u010dke svrhe koristimo i vanjske usluge za pra\u0107enje kori\u0161tenja stranica, poput Google Analytics. U tom slu\u010daju, Google \u0107e na va\u0161e ra\u010dunalo poslati svoje kola\u010di\u0107e \u2013 tzv. kola\u010di\u0107e tre\u0107e strane. Isto se doga\u0111a kada koristimo karte na Google Maps. Kola\u010di\u0107e tre\u0107ih strana mo\u017eete odbiti prilikom prve posjete stranice te na taj na\u010din skripte tre\u0107ih strana ne\u0107e biti u\u010ditane.<\/p><p>\u00a0<\/p><p><strong><em>Kako se kontroliraju kola\u010di\u0107i?<\/em><\/strong><\/p><p>Kola\u010di\u0107e mo\u017eete kontrolirati i\/ili izbrisati prema \u017eelji. Mo\u017eete izbrisati sve kola\u010di\u0107e koji su ve\u0107 pohranjeni na va\u0161em ure\u0111aju, a postavke ve\u0107ine preglednika omogu\u0107uju blokiranje pohrane kola\u010di\u0107a. Ako blokirate kola\u010di\u0107e, mo\u017eda \u0107ete pri svakom posjetu web-mjestu morati ru\u010dno prilago\u0111ivati neke \u017eeljene postavke, a odre\u0111ene usluge i funkcije mo\u017eda ne\u0107e biti dostupne. Ako ne \u017eelite na svome ra\u010dunalu primati kola\u010di\u0107e, svom pregledniku mo\u017eete zadati da vas obavijesti kada ih detektira ili ih mo\u017eete automatski sve odbiti. Tako\u0111er mo\u017eete obrisati sve kola\u010di\u0107e koje ste ve\u0107 primili. Ako \u017eelite ograni\u010diti ili blokirati kola\u010di\u0107e koji su vam ve\u0107 instalirani, to mo\u017eete u\u010diniti putem postavki svoga preglednika.<\/p><p>\u00a0<\/p><p>Na koji na\u010din, saznajte na\u00a0\u00a0<a href=\"https:\/\/www.aboutcookies.org\/\" rel=\"nofollow noopener\" target=\"_blank\"><strong><em>www.aboutcookies.org<\/em><\/strong><\/a>\u00a0\u00a0gdje mo\u017eete na\u0107i detaljne upute koje se odnose na razli\u010dite preglednike.<\/p><\/div><\/div><\/div>\t\t\t\t\t\t\t\t<\/div>\n\t\t\t\t<\/div>\n\t\t\t\t\t<\/div>\n\t\t\t\t<\/div>\n\t\t\t\t<\/div>\n\t\t","protected":false},"excerpt":{"rendered":"<p>Politika kola\u010di\u0107a (Cookie Policy) Politika kola\u010di\u0107a (Cookie Policy) Pravila o kola\u010di\u0107ima Kako bi se osigurao ispravan rad ovog web-mjesta, ponekad na va\u0161e ure\u0111aje pohranjujemo male podatkovne datoteke poznate pod nazivom kola\u010di\u0107i. \u00a0 Na koji se na\u010din koristimo kola\u010di\u0107ima?Na nekim se na\u0161im stranicama koristimo kola\u010di\u0107ima koji nisu prijeko potrebni za prikaz web-mjesta, no omogu\u0107it \u0107e vam [&hellip;]<\/p>\n","protected":false},"author":2,"featured_media":0,"parent":0,"menu_order":0,"comment_status":"closed","ping_status":"closed","template":"","meta":{"_acf_changed":false,"footnotes":""},"class_list":["post-48559","page","type-page","status-publish","hentry"],"acf":[],"_links":{"self":[{"href":"https:\/\/murter-online.com\/hr\/wp-json\/wp\/v2\/pages\/48559","targetHints":{"allow":["GET"]}}],"collection":[{"href":"https:\/\/murter-online.com\/hr\/wp-json\/wp\/v2\/pages"}],"about":[{"href":"https:\/\/murter-online.com\/hr\/wp-json\/wp\/v2\/types\/page"}],"author":[{"embeddable":true,"href":"https:\/\/murter-online.com\/hr\/wp-json\/wp\/v2\/users\/2"}],"replies":[{"embeddable":true,"href":"https:\/\/murter-online.com\/hr\/wp-json\/wp\/v2\/comments?post=48559"}],"version-history":[{"count":4,"href":"https:\/\/murter-online.com\/hr\/wp-json\/wp\/v2\/pages\/48559\/revisions"}],"predecessor-version":[{"id":48563,"href":"https:\/\/murter-online.com\/hr\/wp-json\/wp\/v2\/pages\/48559\/revisions\/48563"}],"wp:attachment":[{"href":"https:\/\/murter-online.com\/hr\/wp-json\/wp\/v2\/media?parent=48559"}],"curies":[{"name":"wp","href":"https:\/\/api.w.org\/{rel}","templated":true}]}}