{"id":48566,"date":"2024-12-17T12:30:40","date_gmt":"2024-12-17T12:30:40","guid":{"rendered":"https:\/\/murter.riot.hr\/?page_id=48566"},"modified":"2025-01-13T19:32:00","modified_gmt":"2025-01-13T19:32:00","slug":"suradnja-sa-iznajmljivacima","status":"publish","type":"page","link":"https:\/\/murter-online.com\/hr\/suradnja-sa-iznajmljivacima\/","title":{"rendered":"Suradnja sa iznajmljiva\u010dima"},"content":{"rendered":"\t\t<div data-elementor-type=\"wp-page\" data-elementor-id=\"48566\" class=\"elementor elementor-48566 elementor-10247\" data-elementor-settings=\"{&quot;element_pack_global_tooltip_width&quot;:{&quot;unit&quot;:&quot;px&quot;,&quot;size&quot;:&quot;&quot;,&quot;sizes&quot;:[]},&quot;element_pack_global_tooltip_width_tablet&quot;:{&quot;unit&quot;:&quot;px&quot;,&quot;size&quot;:&quot;&quot;,&quot;sizes&quot;:[]},&quot;element_pack_global_tooltip_width_mobile&quot;:{&quot;unit&quot;:&quot;px&quot;,&quot;size&quot;:&quot;&quot;,&quot;sizes&quot;:[]},&quot;element_pack_global_tooltip_padding&quot;:{&quot;unit&quot;:&quot;px&quot;,&quot;top&quot;:&quot;&quot;,&quot;right&quot;:&quot;&quot;,&quot;bottom&quot;:&quot;&quot;,&quot;left&quot;:&quot;&quot;,&quot;isLinked&quot;:true},&quot;element_pack_global_tooltip_padding_tablet&quot;:{&quot;unit&quot;:&quot;px&quot;,&quot;top&quot;:&quot;&quot;,&quot;right&quot;:&quot;&quot;,&quot;bottom&quot;:&quot;&quot;,&quot;left&quot;:&quot;&quot;,&quot;isLinked&quot;:true},&quot;element_pack_global_tooltip_padding_mobile&quot;:{&quot;unit&quot;:&quot;px&quot;,&quot;top&quot;:&quot;&quot;,&quot;right&quot;:&quot;&quot;,&quot;bottom&quot;:&quot;&quot;,&quot;left&quot;:&quot;&quot;,&quot;isLinked&quot;:true},&quot;element_pack_global_tooltip_border_radius&quot;:{&quot;unit&quot;:&quot;px&quot;,&quot;top&quot;:&quot;&quot;,&quot;right&quot;:&quot;&quot;,&quot;bottom&quot;:&quot;&quot;,&quot;left&quot;:&quot;&quot;,&quot;isLinked&quot;:true},&quot;element_pack_global_tooltip_border_radius_tablet&quot;:{&quot;unit&quot;:&quot;px&quot;,&quot;top&quot;:&quot;&quot;,&quot;right&quot;:&quot;&quot;,&quot;bottom&quot;:&quot;&quot;,&quot;left&quot;:&quot;&quot;,&quot;isLinked&quot;:true},&quot;element_pack_global_tooltip_border_radius_mobile&quot;:{&quot;unit&quot;:&quot;px&quot;,&quot;top&quot;:&quot;&quot;,&quot;right&quot;:&quot;&quot;,&quot;bottom&quot;:&quot;&quot;,&quot;left&quot;:&quot;&quot;,&quot;isLinked&quot;:true}}\">\n\t\t\t\t<div class=\"elementor-element elementor-element-6b18a9a e-flex e-con-boxed e-con e-parent\" data-id=\"6b18a9a\" data-element_type=\"container\" data-e-type=\"container\" data-settings=\"{&quot;background_background&quot;:&quot;classic&quot;}\">\n\t\t\t\t\t<div class=\"e-con-inner\">\n\t\t\t\t<div class=\"elementor-element elementor-element-e68238a elementor-widget elementor-widget-heading\" data-id=\"e68238a\" data-element_type=\"widget\" data-e-type=\"widget\" data-widget_type=\"heading.default\">\n\t\t\t\t<div class=\"elementor-widget-container\">\n\t\t\t\t\t<h1 class=\"elementor-heading-title elementor-size-default\">Suradnja sa iznajmljiva\u010dima<\/h1>\t\t\t\t<\/div>\n\t\t\t\t<\/div>\n\t\t\t\t\t<\/div>\n\t\t\t\t<\/div>\n\t\t<div class=\"elementor-element elementor-element-14686dd e-flex e-con-boxed e-con e-parent\" data-id=\"14686dd\" data-element_type=\"container\" data-e-type=\"container\">\n\t\t\t\t\t<div class=\"e-con-inner\">\n\t\t\t\t<div class=\"elementor-element elementor-element-152a6c3 elementor-widget elementor-widget-text-editor\" data-id=\"152a6c3\" data-element_type=\"widget\" data-e-type=\"widget\" data-widget_type=\"text-editor.default\">\n\t\t\t\t<div class=\"elementor-widget-container\">\n\t\t\t\t\t\t\t\t\t<h2 class=\"mb-4\">Suradnja sa iznajmljiva\u010dima<\/h2>\n<div>\n<p>Po\u0161tovani iznajmljiva\u010di,<br \/><br \/><strong>Agencija MURTER-ONLINE.COM<\/strong>\u00a0poziva Vas da se uklju\u010dite u na\u0161u ponudu i da svoje smje\u0161tajne<br \/>kapacitete prezentirate na na\u0161oj web stranici www.murter-online.com!<br \/><br \/>Osoblje agencije \u0107e na Va\u0161 zahtjev do\u0107i i prikupiti sve potrebne podatke o smje\u0161tajnoj jedinici,<br \/>fotografirati i objasniti Vam detalje i mogu\u0107nosti suradnje. Suradnjom s nama znatno pove\u0107avate<br \/>mogu\u0107nosti prodaje Va\u0161ih smje\u0161tajnih kapaciteta, kako internet prodajom tako i preko na\u0161ih<br \/>poslovnih partnera, a uspje\u0161nost krajnjeg rezultata \u0107e najvi\u0161e ovisiti o Va\u0161oj ispravnoj politici cijena.<br \/><br \/><strong>Nudimo Vam:<\/strong><br \/>&#8211; besplatno ogla\u0161avanje i fotografiranje Va\u0161ih smje\u0161tajnih kapaciteta<br \/>&#8211; mogu\u0107nost iznajmljivanja\/ punjenja smje\u0161tajnih kapaciteta putem interneta i preko na\u0161ih<br \/>poslovnih partnera<br \/>&#8211; suradnju, bez obveze isklju\u010divog rada s na\u0161om agencijom<br \/>&#8211; pouzdanost dolaska gostiju, koju osiguravamo uplatom akontacije<br \/>Agencija MURTER-ONLINE.COM bavi se i SMJE\u0160TAJNIM MENAD\u017dMENTOM \u0161to zna\u010di da je u<br \/>mogu\u0107nosti preuzeti cjelokupnu brigu za Va\u0161 apartman prilikom iznajmljivanja.<br \/><br \/><strong>Va\u0161e obaveze:<\/strong><br \/>posjedovanje Rje\u0161enja nadle\u017ene institucije o slu\u017ebenoj kategorizaciji i dozvoli za iznajmljivanje<br \/>obveza pru\u017eanja svih dogovorenih\/rezerviranih usluga gostu<br \/>obveza javljanja agenciji o popunjenosti smje\u0161tajnih jedinica, koje iznajmljujete bez na\u0161eg<br \/>posredovanja, odmah po svakoj novoj rezervaciji<br \/><br \/><strong>Ukoliko ste zainteresirani za na\u0161u ponudu, molimo Vas da nas kontaktirate!<\/strong><\/p>\n<\/div>\t\t\t\t\t\t\t\t<\/div>\n\t\t\t\t<\/div>\n\t\t\t\t\t<\/div>\n\t\t\t\t<\/div>\n\t\t\t\t<\/div>\n\t\t","protected":false},"excerpt":{"rendered":"<p>Suradnja sa iznajmljiva\u010dima Suradnja sa iznajmljiva\u010dima Po\u0161tovani iznajmljiva\u010di, Agencija MURTER-ONLINE.COM\u00a0poziva Vas da se uklju\u010dite u na\u0161u ponudu i da svoje smje\u0161tajnekapacitete prezentirate na na\u0161oj web stranici www.murter-online.com! Osoblje agencije \u0107e na Va\u0161 zahtjev do\u0107i i prikupiti sve potrebne podatke o smje\u0161tajnoj jedinici,fotografirati i objasniti Vam detalje i mogu\u0107nosti suradnje. Suradnjom s nama znatno pove\u0107avatemogu\u0107nosti prodaje [&hellip;]<\/p>\n","protected":false},"author":2,"featured_media":0,"parent":0,"menu_order":0,"comment_status":"closed","ping_status":"closed","template":"","meta":{"_acf_changed":false,"footnotes":""},"class_list":["post-48566","page","type-page","status-publish","hentry"],"acf":[],"_links":{"self":[{"href":"https:\/\/murter-online.com\/hr\/wp-json\/wp\/v2\/pages\/48566","targetHints":{"allow":["GET"]}}],"collection":[{"href":"https:\/\/murter-online.com\/hr\/wp-json\/wp\/v2\/pages"}],"about":[{"href":"https:\/\/murter-online.com\/hr\/wp-json\/wp\/v2\/types\/page"}],"author":[{"embeddable":true,"href":"https:\/\/murter-online.com\/hr\/wp-json\/wp\/v2\/users\/2"}],"replies":[{"embeddable":true,"href":"https:\/\/murter-online.com\/hr\/wp-json\/wp\/v2\/comments?post=48566"}],"version-history":[{"count":4,"href":"https:\/\/murter-online.com\/hr\/wp-json\/wp\/v2\/pages\/48566\/revisions"}],"predecessor-version":[{"id":48570,"href":"https:\/\/murter-online.com\/hr\/wp-json\/wp\/v2\/pages\/48566\/revisions\/48570"}],"wp:attachment":[{"href":"https:\/\/murter-online.com\/hr\/wp-json\/wp\/v2\/media?parent=48566"}],"curies":[{"name":"wp","href":"https:\/\/api.w.org\/{rel}","templated":true}]}}