{"id":48571,"date":"2024-12-31T08:47:29","date_gmt":"2024-12-31T07:47:29","guid":{"rendered":"https:\/\/murter.riot.hr\/?page_id=48571"},"modified":"2025-04-24T20:22:28","modified_gmt":"2025-04-24T19:22:28","slug":"dodatna-ponuda","status":"publish","type":"page","link":"https:\/\/murter-online.com\/hr\/dodatna-ponuda\/","title":{"rendered":"Dodatna ponuda"},"content":{"rendered":"\t\t<div data-elementor-type=\"wp-page\" data-elementor-id=\"48571\" class=\"elementor elementor-48571 elementor-10980\" data-elementor-settings=\"{&quot;element_pack_global_tooltip_width&quot;:{&quot;unit&quot;:&quot;px&quot;,&quot;size&quot;:&quot;&quot;,&quot;sizes&quot;:[]},&quot;element_pack_global_tooltip_width_tablet&quot;:{&quot;unit&quot;:&quot;px&quot;,&quot;size&quot;:&quot;&quot;,&quot;sizes&quot;:[]},&quot;element_pack_global_tooltip_width_mobile&quot;:{&quot;unit&quot;:&quot;px&quot;,&quot;size&quot;:&quot;&quot;,&quot;sizes&quot;:[]},&quot;element_pack_global_tooltip_padding&quot;:{&quot;unit&quot;:&quot;px&quot;,&quot;top&quot;:&quot;&quot;,&quot;right&quot;:&quot;&quot;,&quot;bottom&quot;:&quot;&quot;,&quot;left&quot;:&quot;&quot;,&quot;isLinked&quot;:true},&quot;element_pack_global_tooltip_padding_tablet&quot;:{&quot;unit&quot;:&quot;px&quot;,&quot;top&quot;:&quot;&quot;,&quot;right&quot;:&quot;&quot;,&quot;bottom&quot;:&quot;&quot;,&quot;left&quot;:&quot;&quot;,&quot;isLinked&quot;:true},&quot;element_pack_global_tooltip_padding_mobile&quot;:{&quot;unit&quot;:&quot;px&quot;,&quot;top&quot;:&quot;&quot;,&quot;right&quot;:&quot;&quot;,&quot;bottom&quot;:&quot;&quot;,&quot;left&quot;:&quot;&quot;,&quot;isLinked&quot;:true},&quot;element_pack_global_tooltip_border_radius&quot;:{&quot;unit&quot;:&quot;px&quot;,&quot;top&quot;:&quot;&quot;,&quot;right&quot;:&quot;&quot;,&quot;bottom&quot;:&quot;&quot;,&quot;left&quot;:&quot;&quot;,&quot;isLinked&quot;:true},&quot;element_pack_global_tooltip_border_radius_tablet&quot;:{&quot;unit&quot;:&quot;px&quot;,&quot;top&quot;:&quot;&quot;,&quot;right&quot;:&quot;&quot;,&quot;bottom&quot;:&quot;&quot;,&quot;left&quot;:&quot;&quot;,&quot;isLinked&quot;:true},&quot;element_pack_global_tooltip_border_radius_mobile&quot;:{&quot;unit&quot;:&quot;px&quot;,&quot;top&quot;:&quot;&quot;,&quot;right&quot;:&quot;&quot;,&quot;bottom&quot;:&quot;&quot;,&quot;left&quot;:&quot;&quot;,&quot;isLinked&quot;:true}}\">\n\t\t\t\t<div class=\"elementor-element elementor-element-2f77964 e-flex e-con-boxed e-con e-parent\" data-id=\"2f77964\" data-element_type=\"container\" data-e-type=\"container\" data-settings=\"{&quot;background_background&quot;:&quot;classic&quot;}\">\n\t\t\t\t\t<div class=\"e-con-inner\">\n\t\t\t\t<div class=\"elementor-element elementor-element-64f5168 elementor-widget elementor-widget-heading\" data-id=\"64f5168\" data-element_type=\"widget\" data-e-type=\"widget\" data-widget_type=\"heading.default\">\n\t\t\t\t<div class=\"elementor-widget-container\">\n\t\t\t\t\t<h1 class=\"elementor-heading-title elementor-size-default\">Dodatna ponuda\n<\/h1>\t\t\t\t<\/div>\n\t\t\t\t<\/div>\n\t\t\t\t<div class=\"elementor-element elementor-element-2640f6d elementor-widget__width-initial elementor-widget elementor-widget-heading\" data-id=\"2640f6d\" data-element_type=\"widget\" data-e-type=\"widget\" data-widget_type=\"heading.default\">\n\t\t\t\t<div class=\"elementor-widget-container\">\n\t\t\t\t\t<p class=\"elementor-heading-title elementor-size-default\">Obogatite svoj odmor na Murteru uslugama iz na\u0161e dodatne ponude!Iskoristite popust za jednodnevne izlete na Kornate! U\u017eivajte u razli\u010ditim oblicima aktivnog odmora!Iznajmite brod i u\u017eivajte u najve\u0107oj oto\u010dnoj op\u0107ini na Mediteranu! Uklju\u010dite svoje mali\u0161ane u aktivne i edukativne sadr\u017eaje!\n<\/p>\t\t\t\t<\/div>\n\t\t\t\t<\/div>\n\t\t<div class=\"elementor-element elementor-element-2beebad e-con-full e-flex e-con e-child\" data-id=\"2beebad\" data-element_type=\"container\" data-e-type=\"container\">\n\t\t<div class=\"elementor-element elementor-element-58d5c0a e-con-full e-flex e-con e-child\" data-id=\"58d5c0a\" data-element_type=\"container\" data-e-type=\"container\">\n\t\t\t\t<div class=\"elementor-element elementor-element-2ee036b elementor-widget elementor-widget-button\" data-id=\"2ee036b\" data-element_type=\"widget\" data-e-type=\"widget\" data-widget_type=\"button.default\">\n\t\t\t\t<div class=\"elementor-widget-container\">\n\t\t\t\t\t\t\t\t\t<div class=\"elementor-button-wrapper\">\n\t\t\t\t\t<a class=\"elementor-button elementor-button-link elementor-size-sm\" href=\"tel:+385%2098%20940%204605\">\n\t\t\t\t\t\t<span class=\"elementor-button-content-wrapper\">\n\t\t\t\t\t\t<span class=\"elementor-button-icon\">\n\t\t\t\t<svg aria-hidden=\"true\" class=\"e-font-icon-svg e-fas-phone-alt\" viewBox=\"0 0 512 512\" xmlns=\"http:\/\/www.w3.org\/2000\/svg\"><path d=\"M497.39 361.8l-112-48a24 24 0 0 0-28 6.9l-49.6 60.6A370.66 370.66 0 0 1 130.6 204.11l60.6-49.6a23.94 23.94 0 0 0 6.9-28l-48-112A24.16 24.16 0 0 0 122.6.61l-104 24A24 24 0 0 0 0 48c0 256.5 207.9 464 464 464a24 24 0 0 0 23.4-18.6l24-104a24.29 24.29 0 0 0-14.01-27.6z\"><\/path><\/svg>\t\t\t<\/span>\n\t\t\t\t\t\t\t\t\t<span class=\"elementor-button-text\">+385 98 940 4605<\/span>\n\t\t\t\t\t<\/span>\n\t\t\t\t\t<\/a>\n\t\t\t\t<\/div>\n\t\t\t\t\t\t\t\t<\/div>\n\t\t\t\t<\/div>\n\t\t\t\t<div class=\"elementor-element elementor-element-055374e elementor-widget elementor-widget-button\" data-id=\"055374e\" data-element_type=\"widget\" data-e-type=\"widget\" data-widget_type=\"button.default\">\n\t\t\t\t<div class=\"elementor-widget-container\">\n\t\t\t\t\t\t\t\t\t<div class=\"elementor-button-wrapper\">\n\t\t\t\t\t<a class=\"elementor-button elementor-button-link elementor-size-sm\" href=\"mailto:info@murter-online.com\u2028\">\n\t\t\t\t\t\t<span class=\"elementor-button-content-wrapper\">\n\t\t\t\t\t\t<span class=\"elementor-button-icon\">\n\t\t\t\t<svg aria-hidden=\"true\" class=\"e-font-icon-svg e-fas-envelope\" viewBox=\"0 0 512 512\" xmlns=\"http:\/\/www.w3.org\/2000\/svg\"><path d=\"M502.3 190.8c3.9-3.1 9.7-.2 9.7 4.7V400c0 26.5-21.5 48-48 48H48c-26.5 0-48-21.5-48-48V195.6c0-5 5.7-7.8 9.7-4.7 22.4 17.4 52.1 39.5 154.1 113.6 21.1 15.4 56.7 47.8 92.2 47.6 35.7.3 72-32.8 92.3-47.6 102-74.1 131.6-96.3 154-113.7zM256 320c23.2.4 56.6-29.2 73.4-41.4 132.7-96.3 142.8-104.7 173.4-128.7 5.8-4.5 9.2-11.5 9.2-18.9v-19c0-26.5-21.5-48-48-48H48C21.5 64 0 85.5 0 112v19c0 7.4 3.4 14.3 9.2 18.9 30.6 23.9 40.7 32.4 173.4 128.7 16.8 12.2 50.2 41.8 73.4 41.4z\"><\/path><\/svg>\t\t\t<\/span>\n\t\t\t\t\t\t\t\t\t<span class=\"elementor-button-text\">\u00a0info@murter-online.com\u2028<\/span>\n\t\t\t\t\t<\/span>\n\t\t\t\t\t<\/a>\n\t\t\t\t<\/div>\n\t\t\t\t\t\t\t\t<\/div>\n\t\t\t\t<\/div>\n\t\t\t\t<\/div>\n\t\t<div class=\"elementor-element elementor-element-87afc43 e-con-full e-flex e-con e-child\" data-id=\"87afc43\" data-element_type=\"container\" data-e-type=\"container\">\n\t\t\t\t<div class=\"elementor-element elementor-element-f714e61 elementor-widget elementor-widget-image\" data-id=\"f714e61\" data-element_type=\"widget\" data-e-type=\"widget\" data-widget_type=\"image.default\">\n\t\t\t\t<div class=\"elementor-widget-container\">\n\t\t\t\t\t\t\t\t\t\t\t\t\t\t\t\t<a href=\"https:\/\/msng.link\/vi\/3850989404605\" rel=\"nofollow noopener\" target=\"_blank\">\n\t\t\t\t\t\t\t<img decoding=\"async\" width=\"66\" height=\"32\" src=\"https:\/\/murter-online.com\/wp-content\/uploads\/2025\/01\/image-10-1.png\" class=\"attachment-large size-large wp-image-51254\" alt=\"\" \/>\t\t\t\t\t\t\t\t<\/a>\n\t\t\t\t\t\t\t\t\t\t\t\t\t\t\t<\/div>\n\t\t\t\t<\/div>\n\t\t\t\t<div class=\"elementor-element elementor-element-1f57f6d elementor-widget elementor-widget-image\" data-id=\"1f57f6d\" data-element_type=\"widget\" data-e-type=\"widget\" data-widget_type=\"image.default\">\n\t\t\t\t<div class=\"elementor-widget-container\">\n\t\t\t\t\t\t\t\t\t\t\t\t\t\t\t\t<a href=\"https:\/\/msng.link\/wa\/3850989404605\" rel=\"nofollow noopener\" target=\"_blank\">\n\t\t\t\t\t\t\t<img decoding=\"async\" width=\"32\" height=\"32\" src=\"https:\/\/murter-online.com\/wp-content\/uploads\/2025\/01\/image-11.png\" class=\"attachment-large size-large wp-image-51264\" alt=\"\" \/>\t\t\t\t\t\t\t\t<\/a>\n\t\t\t\t\t\t\t\t\t\t\t\t\t\t\t<\/div>\n\t\t\t\t<\/div>\n\t\t\t\t<div class=\"elementor-element elementor-element-cdfca44 elementor-widget elementor-widget-image\" data-id=\"cdfca44\" data-element_type=\"widget\" data-e-type=\"widget\" data-widget_type=\"image.default\">\n\t\t\t\t<div class=\"elementor-widget-container\">\n\t\t\t\t\t\t\t\t\t\t\t\t\t\t\t<img decoding=\"async\" width=\"307\" height=\"52\" src=\"https:\/\/murter-online.com\/wp-content\/uploads\/2025\/01\/logo3-1.png\" class=\"attachment-large size-large wp-image-51279\" alt=\"\" srcset=\"https:\/\/murter-online.com\/wp-content\/uploads\/2025\/01\/logo3-1.png 307w, https:\/\/murter-online.com\/wp-content\/uploads\/2025\/01\/logo3-1-300x52.png 300w\" sizes=\"(max-width: 307px) 100vw, 307px\" \/>\t\t\t\t\t\t\t\t\t\t\t\t\t\t\t<\/div>\n\t\t\t\t<\/div>\n\t\t\t\t<\/div>\n\t\t\t\t<\/div>\n\t\t\t\t\t<\/div>\n\t\t\t\t<\/div>\n\t\t<div class=\"elementor-element elementor-element-bbf3a92 e-flex e-con-boxed e-con e-parent\" data-id=\"bbf3a92\" data-element_type=\"container\" data-e-type=\"container\" data-settings=\"{&quot;background_background&quot;:&quot;classic&quot;}\">\n\t\t\t\t\t<div class=\"e-con-inner\">\n\t\t<div data-ep-wrapper-link=\"{&quot;url&quot;:&quot;https:\\\/\\\/murter-online.com\\\/hr\\\/dodatna-ponuda\\\/izleti-na-kornate\\\/&quot;,&quot;is_external&quot;:&quot;&quot;,&quot;nofollow&quot;:&quot;&quot;,&quot;custom_attributes&quot;:&quot;&quot;}\" style=\"cursor: pointer\" class=\"bdt-element-link elementor-element elementor-element-e7ce563 e-con-full e-flex e-con e-child\" data-id=\"e7ce563\" data-element_type=\"container\" data-e-type=\"container\" data-settings=\"{&quot;background_background&quot;:&quot;classic&quot;}\">\n\t\t\t\t<div class=\"elementor-element elementor-element-ff48702 elementor-widget elementor-widget-image\" data-id=\"ff48702\" data-element_type=\"widget\" data-e-type=\"widget\" data-widget_type=\"image.default\">\n\t\t\t\t<div class=\"elementor-widget-container\">\n\t\t\t\t\t\t\t\t\t\t\t\t\t\t\t<img loading=\"lazy\" decoding=\"async\" width=\"1000\" height=\"469\" src=\"https:\/\/murter-online.com\/wp-content\/uploads\/2024\/12\/excursions-to-kornati-island-1024x480.jpeg\" class=\"attachment-large size-large wp-image-21301\" alt=\"\" srcset=\"https:\/\/murter-online.com\/wp-content\/uploads\/2024\/12\/excursions-to-kornati-island-1024x480.jpeg 1024w, https:\/\/murter-online.com\/wp-content\/uploads\/2024\/12\/excursions-to-kornati-island-300x141.jpeg 300w, https:\/\/murter-online.com\/wp-content\/uploads\/2024\/12\/excursions-to-kornati-island-768x360.jpeg 768w, https:\/\/murter-online.com\/wp-content\/uploads\/2024\/12\/excursions-to-kornati-island-1536x720.jpeg 1536w, https:\/\/murter-online.com\/wp-content\/uploads\/2024\/12\/excursions-to-kornati-island-650x305.jpeg 650w, https:\/\/murter-online.com\/wp-content\/uploads\/2024\/12\/excursions-to-kornati-island-600x281.jpeg 600w, https:\/\/murter-online.com\/wp-content\/uploads\/2024\/12\/excursions-to-kornati-island.jpeg 1920w\" sizes=\"(max-width: 1000px) 100vw, 1000px\" \/>\t\t\t\t\t\t\t\t\t\t\t\t\t\t\t<\/div>\n\t\t\t\t<\/div>\n\t\t\t\t<div class=\"elementor-element elementor-element-78fe99c elementor-widget elementor-widget-heading\" data-id=\"78fe99c\" data-element_type=\"widget\" data-e-type=\"widget\" data-widget_type=\"heading.default\">\n\t\t\t\t<div class=\"elementor-widget-container\">\n\t\t\t\t\t<h3 class=\"elementor-heading-title elementor-size-default\">Izleti na Kornate brodom <\/h3>\t\t\t\t<\/div>\n\t\t\t\t<\/div>\n\t\t\t\t<\/div>\n\t\t<div data-ep-wrapper-link=\"{&quot;url&quot;:&quot;https:\\\/\\\/murter-online.com\\\/hr\\\/dodatna-ponuda\\\/aktivni-odmor\\\/&quot;,&quot;is_external&quot;:&quot;&quot;,&quot;nofollow&quot;:&quot;&quot;,&quot;custom_attributes&quot;:&quot;&quot;}\" style=\"cursor: pointer\" class=\"bdt-element-link elementor-element elementor-element-0905d18 e-con-full e-flex e-con e-child\" data-id=\"0905d18\" data-element_type=\"container\" data-e-type=\"container\" data-settings=\"{&quot;background_background&quot;:&quot;classic&quot;}\">\n\t\t\t\t<div class=\"elementor-element elementor-element-e2cfd60 elementor-widget elementor-widget-image\" data-id=\"e2cfd60\" data-element_type=\"widget\" data-e-type=\"widget\" data-widget_type=\"image.default\">\n\t\t\t\t<div class=\"elementor-widget-container\">\n\t\t\t\t\t\t\t\t\t\t\t\t\t\t\t<img loading=\"lazy\" decoding=\"async\" width=\"1000\" height=\"469\" src=\"https:\/\/murter-online.com\/wp-content\/uploads\/2024\/12\/active-vacation-murter-online-1024x480.jpeg\" class=\"attachment-large size-large wp-image-21305\" alt=\"\" srcset=\"https:\/\/murter-online.com\/wp-content\/uploads\/2024\/12\/active-vacation-murter-online-1024x480.jpeg 1024w, https:\/\/murter-online.com\/wp-content\/uploads\/2024\/12\/active-vacation-murter-online-300x141.jpeg 300w, https:\/\/murter-online.com\/wp-content\/uploads\/2024\/12\/active-vacation-murter-online-768x360.jpeg 768w, https:\/\/murter-online.com\/wp-content\/uploads\/2024\/12\/active-vacation-murter-online-1536x720.jpeg 1536w, https:\/\/murter-online.com\/wp-content\/uploads\/2024\/12\/active-vacation-murter-online-650x305.jpeg 650w, https:\/\/murter-online.com\/wp-content\/uploads\/2024\/12\/active-vacation-murter-online-600x281.jpeg 600w, https:\/\/murter-online.com\/wp-content\/uploads\/2024\/12\/active-vacation-murter-online.jpeg 1920w\" sizes=\"(max-width: 1000px) 100vw, 1000px\" \/>\t\t\t\t\t\t\t\t\t\t\t\t\t\t\t<\/div>\n\t\t\t\t<\/div>\n\t\t\t\t<div class=\"elementor-element elementor-element-3a28d7a elementor-widget elementor-widget-heading\" data-id=\"3a28d7a\" data-element_type=\"widget\" data-e-type=\"widget\" data-widget_type=\"heading.default\">\n\t\t\t\t<div class=\"elementor-widget-container\">\n\t\t\t\t\t<h3 class=\"elementor-heading-title elementor-size-default\">Aktivni odmor<\/h3>\t\t\t\t<\/div>\n\t\t\t\t<\/div>\n\t\t\t\t<\/div>\n\t\t<div data-ep-wrapper-link=\"{&quot;url&quot;:&quot;https:\\\/\\\/murter-online.com\\\/hr\\\/dodatna-ponuda\\\/najam-plovila-i-sportske-opreme\\\/&quot;,&quot;is_external&quot;:&quot;&quot;,&quot;nofollow&quot;:&quot;&quot;,&quot;custom_attributes&quot;:&quot;&quot;}\" style=\"cursor: pointer\" class=\"bdt-element-link elementor-element elementor-element-617ace0 e-con-full e-flex e-con e-child\" data-id=\"617ace0\" data-element_type=\"container\" data-e-type=\"container\" data-settings=\"{&quot;background_background&quot;:&quot;classic&quot;}\">\n\t\t\t\t<div class=\"elementor-element elementor-element-a63f145 elementor-widget elementor-widget-image\" data-id=\"a63f145\" data-element_type=\"widget\" data-e-type=\"widget\" data-widget_type=\"image.default\">\n\t\t\t\t<div class=\"elementor-widget-container\">\n\t\t\t\t\t\t\t\t\t\t\t\t\t\t\t<img loading=\"lazy\" decoding=\"async\" width=\"1000\" height=\"469\" src=\"https:\/\/murter-online.com\/wp-content\/uploads\/2025\/01\/Boat-and-sports-equipment-rental-murter-online-1024x480.jpg\" class=\"attachment-large size-large wp-image-21341\" alt=\"\" srcset=\"https:\/\/murter-online.com\/wp-content\/uploads\/2025\/01\/Boat-and-sports-equipment-rental-murter-online-1024x480.jpg 1024w, https:\/\/murter-online.com\/wp-content\/uploads\/2025\/01\/Boat-and-sports-equipment-rental-murter-online-300x141.jpg 300w, https:\/\/murter-online.com\/wp-content\/uploads\/2025\/01\/Boat-and-sports-equipment-rental-murter-online-768x360.jpg 768w, https:\/\/murter-online.com\/wp-content\/uploads\/2025\/01\/Boat-and-sports-equipment-rental-murter-online-1536x720.jpg 1536w, https:\/\/murter-online.com\/wp-content\/uploads\/2025\/01\/Boat-and-sports-equipment-rental-murter-online-650x305.jpg 650w, https:\/\/murter-online.com\/wp-content\/uploads\/2025\/01\/Boat-and-sports-equipment-rental-murter-online-600x281.jpg 600w, https:\/\/murter-online.com\/wp-content\/uploads\/2025\/01\/Boat-and-sports-equipment-rental-murter-online.jpg 1920w\" sizes=\"(max-width: 1000px) 100vw, 1000px\" \/>\t\t\t\t\t\t\t\t\t\t\t\t\t\t\t<\/div>\n\t\t\t\t<\/div>\n\t\t\t\t<div class=\"elementor-element elementor-element-11000fa elementor-widget elementor-widget-heading\" data-id=\"11000fa\" data-element_type=\"widget\" data-e-type=\"widget\" data-widget_type=\"heading.default\">\n\t\t\t\t<div class=\"elementor-widget-container\">\n\t\t\t\t\t<h3 class=\"elementor-heading-title elementor-size-default\">Najam plovila i sportske opreme<\/h3>\t\t\t\t<\/div>\n\t\t\t\t<\/div>\n\t\t\t\t<\/div>\n\t\t<div data-ep-wrapper-link=\"{&quot;url&quot;:&quot;https:\\\/\\\/murter-online.com\\\/hr\\\/dodatna-ponuda\\\/murter-za-djecu\\\/&quot;,&quot;is_external&quot;:&quot;&quot;,&quot;nofollow&quot;:&quot;&quot;,&quot;custom_attributes&quot;:&quot;&quot;}\" style=\"cursor: pointer\" class=\"bdt-element-link elementor-element elementor-element-e4e77d3 e-con-full e-flex e-con e-child\" data-id=\"e4e77d3\" data-element_type=\"container\" data-e-type=\"container\" data-settings=\"{&quot;background_background&quot;:&quot;classic&quot;}\">\n\t\t\t\t<div class=\"elementor-element elementor-element-f558025 elementor-widget elementor-widget-image\" data-id=\"f558025\" data-element_type=\"widget\" data-e-type=\"widget\" data-widget_type=\"image.default\">\n\t\t\t\t<div class=\"elementor-widget-container\">\n\t\t\t\t\t\t\t\t\t\t\t\t\t\t\t<img loading=\"lazy\" decoding=\"async\" width=\"1000\" height=\"469\" src=\"https:\/\/murter-online.com\/wp-content\/uploads\/2024\/12\/additional-offers-murter-online-1024x480.jpeg\" class=\"attachment-large size-large wp-image-21297\" alt=\"\" srcset=\"https:\/\/murter-online.com\/wp-content\/uploads\/2024\/12\/additional-offers-murter-online-1024x480.jpeg 1024w, https:\/\/murter-online.com\/wp-content\/uploads\/2024\/12\/additional-offers-murter-online-300x141.jpeg 300w, https:\/\/murter-online.com\/wp-content\/uploads\/2024\/12\/additional-offers-murter-online-768x360.jpeg 768w, https:\/\/murter-online.com\/wp-content\/uploads\/2024\/12\/additional-offers-murter-online-1536x720.jpeg 1536w, https:\/\/murter-online.com\/wp-content\/uploads\/2024\/12\/additional-offers-murter-online-650x305.jpeg 650w, https:\/\/murter-online.com\/wp-content\/uploads\/2024\/12\/additional-offers-murter-online-600x281.jpeg 600w, https:\/\/murter-online.com\/wp-content\/uploads\/2024\/12\/additional-offers-murter-online.jpeg 1920w\" sizes=\"(max-width: 1000px) 100vw, 1000px\" \/>\t\t\t\t\t\t\t\t\t\t\t\t\t\t\t<\/div>\n\t\t\t\t<\/div>\n\t\t\t\t<div class=\"elementor-element elementor-element-cb7315b elementor-widget elementor-widget-heading\" data-id=\"cb7315b\" data-element_type=\"widget\" data-e-type=\"widget\" data-widget_type=\"heading.default\">\n\t\t\t\t<div class=\"elementor-widget-container\">\n\t\t\t\t\t<h3 class=\"elementor-heading-title elementor-size-default\">Murter za djecu<\/h3>\t\t\t\t<\/div>\n\t\t\t\t<\/div>\n\t\t\t\t<\/div>\n\t\t<div data-ep-wrapper-link=\"{&quot;url&quot;:&quot;https:\\\/\\\/murter-online.com\\\/hr\\\/dodatna-ponuda\\\/usluge-ciscenja\\\/&quot;,&quot;is_external&quot;:&quot;&quot;,&quot;nofollow&quot;:&quot;&quot;,&quot;custom_attributes&quot;:&quot;&quot;}\" style=\"cursor: pointer\" class=\"bdt-element-link elementor-element elementor-element-3af48f0 e-con-full e-flex e-con e-child\" data-id=\"3af48f0\" data-element_type=\"container\" data-e-type=\"container\" data-settings=\"{&quot;background_background&quot;:&quot;classic&quot;}\">\n\t\t\t\t<div class=\"elementor-element elementor-element-0ecb6a8 elementor-widget elementor-widget-image\" data-id=\"0ecb6a8\" data-element_type=\"widget\" data-e-type=\"widget\" data-widget_type=\"image.default\">\n\t\t\t\t<div class=\"elementor-widget-container\">\n\t\t\t\t\t\t\t\t\t\t\t\t\t\t\t<img loading=\"lazy\" decoding=\"async\" width=\"1000\" height=\"469\" src=\"https:\/\/murter-online.com\/wp-content\/uploads\/2024\/12\/cleaning-services-murter-online-1024x480.jpeg\" class=\"attachment-large size-large wp-image-21313\" alt=\"\" srcset=\"https:\/\/murter-online.com\/wp-content\/uploads\/2024\/12\/cleaning-services-murter-online-1024x480.jpeg 1024w, https:\/\/murter-online.com\/wp-content\/uploads\/2024\/12\/cleaning-services-murter-online-300x141.jpeg 300w, https:\/\/murter-online.com\/wp-content\/uploads\/2024\/12\/cleaning-services-murter-online-768x360.jpeg 768w, https:\/\/murter-online.com\/wp-content\/uploads\/2024\/12\/cleaning-services-murter-online-1536x720.jpeg 1536w, https:\/\/murter-online.com\/wp-content\/uploads\/2024\/12\/cleaning-services-murter-online-650x305.jpeg 650w, https:\/\/murter-online.com\/wp-content\/uploads\/2024\/12\/cleaning-services-murter-online-600x281.jpeg 600w, https:\/\/murter-online.com\/wp-content\/uploads\/2024\/12\/cleaning-services-murter-online.jpeg 1920w\" sizes=\"(max-width: 1000px) 100vw, 1000px\" \/>\t\t\t\t\t\t\t\t\t\t\t\t\t\t\t<\/div>\n\t\t\t\t<\/div>\n\t\t\t\t<div class=\"elementor-element elementor-element-437530e elementor-widget elementor-widget-heading\" data-id=\"437530e\" data-element_type=\"widget\" data-e-type=\"widget\" data-widget_type=\"heading.default\">\n\t\t\t\t<div class=\"elementor-widget-container\">\n\t\t\t\t\t<h3 class=\"elementor-heading-title elementor-size-default\">Usluge \u010di\u0161\u0107enja<\/h3>\t\t\t\t<\/div>\n\t\t\t\t<\/div>\n\t\t\t\t<\/div>\n\t\t<div class=\"elementor-element elementor-element-6bf0372 e-con-full e-flex e-con e-child\" data-id=\"6bf0372\" data-element_type=\"container\" data-e-type=\"container\" data-settings=\"{&quot;background_background&quot;:&quot;classic&quot;}\">\n\t\t\t\t<div class=\"elementor-element elementor-element-5743030 elementor-widget elementor-widget-image\" data-id=\"5743030\" data-element_type=\"widget\" data-e-type=\"widget\" data-widget_type=\"image.default\">\n\t\t\t\t<div class=\"elementor-widget-container\">\n\t\t\t\t\t\t\t\t\t\t\t\t\t\t\t<img loading=\"lazy\" decoding=\"async\" width=\"1000\" height=\"469\" src=\"https:\/\/murter-online.com\/wp-content\/uploads\/2024\/12\/boats-and-sport-equipment-rental-1024x480.jpeg\" class=\"attachment-large size-large wp-image-21309\" alt=\"\" srcset=\"https:\/\/murter-online.com\/wp-content\/uploads\/2024\/12\/boats-and-sport-equipment-rental-1024x480.jpeg 1024w, https:\/\/murter-online.com\/wp-content\/uploads\/2024\/12\/boats-and-sport-equipment-rental-300x141.jpeg 300w, https:\/\/murter-online.com\/wp-content\/uploads\/2024\/12\/boats-and-sport-equipment-rental-768x360.jpeg 768w, https:\/\/murter-online.com\/wp-content\/uploads\/2024\/12\/boats-and-sport-equipment-rental-1536x720.jpeg 1536w, https:\/\/murter-online.com\/wp-content\/uploads\/2024\/12\/boats-and-sport-equipment-rental-650x305.jpeg 650w, https:\/\/murter-online.com\/wp-content\/uploads\/2024\/12\/boats-and-sport-equipment-rental-600x281.jpeg 600w, https:\/\/murter-online.com\/wp-content\/uploads\/2024\/12\/boats-and-sport-equipment-rental.jpeg 1920w\" sizes=\"(max-width: 1000px) 100vw, 1000px\" \/>\t\t\t\t\t\t\t\t\t\t\t\t\t\t\t<\/div>\n\t\t\t\t<\/div>\n\t\t\t\t<div class=\"elementor-element elementor-element-7005f49 elementor-widget elementor-widget-heading\" data-id=\"7005f49\" data-element_type=\"widget\" data-e-type=\"widget\" data-widget_type=\"heading.default\">\n\t\t\t\t<div class=\"elementor-widget-container\">\n\t\t\t\t\t<h3 class=\"elementor-heading-title elementor-size-default\">vi\u0161e uskoro<\/h3>\t\t\t\t<\/div>\n\t\t\t\t<\/div>\n\t\t\t\t<\/div>\n\t\t\t\t\t<\/div>\n\t\t\t\t<\/div>\n\t\t\t\t<\/div>\n\t\t","protected":false},"excerpt":{"rendered":"<p>Dodatna ponuda Obogatite svoj odmor na Murteru uslugama iz na\u0161e dodatne ponude!Iskoristite popust za jednodnevne izlete na Kornate! U\u017eivajte u razli\u010ditim oblicima aktivnog odmora!Iznajmite brod i u\u017eivajte u najve\u0107oj oto\u010dnoj op\u0107ini na Mediteranu! Uklju\u010dite svoje mali\u0161ane u aktivne i edukativne sadr\u017eaje! +385 98 940 4605 \u00a0info@murter-online.com\u2028 Izleti na Kornate brodom Aktivni odmor Najam plovila i [&hellip;]<\/p>\n","protected":false},"author":2,"featured_media":0,"parent":0,"menu_order":0,"comment_status":"closed","ping_status":"closed","template":"","meta":{"_acf_changed":false,"footnotes":""},"class_list":["post-48571","page","type-page","status-publish","hentry"],"acf":[],"_links":{"self":[{"href":"https:\/\/murter-online.com\/hr\/wp-json\/wp\/v2\/pages\/48571","targetHints":{"allow":["GET"]}}],"collection":[{"href":"https:\/\/murter-online.com\/hr\/wp-json\/wp\/v2\/pages"}],"about":[{"href":"https:\/\/murter-online.com\/hr\/wp-json\/wp\/v2\/types\/page"}],"author":[{"embeddable":true,"href":"https:\/\/murter-online.com\/hr\/wp-json\/wp\/v2\/users\/2"}],"replies":[{"embeddable":true,"href":"https:\/\/murter-online.com\/hr\/wp-json\/wp\/v2\/comments?post=48571"}],"version-history":[{"count":16,"href":"https:\/\/murter-online.com\/hr\/wp-json\/wp\/v2\/pages\/48571\/revisions"}],"predecessor-version":[{"id":56564,"href":"https:\/\/murter-online.com\/hr\/wp-json\/wp\/v2\/pages\/48571\/revisions\/56564"}],"wp:attachment":[{"href":"https:\/\/murter-online.com\/hr\/wp-json\/wp\/v2\/media?parent=48571"}],"curies":[{"name":"wp","href":"https:\/\/api.w.org\/{rel}","templated":true}]}}