{"id":48730,"date":"2025-01-09T16:33:42","date_gmt":"2025-01-09T16:33:42","guid":{"rendered":"https:\/\/murter.riot.hr\/product\/apartman-plaza-zutske-luke-a4-id-114\/"},"modified":"2025-04-19T08:07:07","modified_gmt":"2025-04-19T07:07:07","slug":"apartman-plaza-zutske-luke-a4-id-114","status":"publish","type":"product","link":"https:\/\/murter-online.com\/hr\/proizvod\/apartman-plaza-zutske-luke-a4-id-114\/","title":{"rendered":"Apartman sa pogledom na more \u017dutska pla\u017ea Luke Murter A4 ID 114"},"content":{"rendered":"","protected":false},"excerpt":{"rendered":"<p>Apartman s prekrasnim pogledom na more nalazi se na izvrsnoj lokaciji samo 250 m od mora. Apartman je opremljen TV-om, klimom, pe\u0107nicom. Apartman ima kupaonicu s tu\u0161em. Tu je dnevni boravak. Stambena povr\u0161ina je 50 m2. a balkon\/terasa je veli\u010dine 8 m2. U apartmanu mogu spavati 4 osobe na glavnim le\u017eajevima. Apartman se nalazi na prvom katu. Ku\u0107ni ljubimci &#8211; prema dogovoru. Apartman ima vlastiti besplatni parking. Postoji otvoreni ro\u0161tilj.<\/p>\n","protected":false},"featured_media":39994,"template":"","meta":{"_acf_changed":false},"product_brand":[],"product_cat":[129,133,135],"product_tag":[],"class_list":{"0":"post-48730","1":"product","2":"type-product","3":"status-publish","4":"has-post-thumbnail","6":"product_cat-apartmani","7":"product_cat-apartmani-s-pogledom-na-more","8":"product_cat-obiteljski-apartmani","10":"first","11":"instock","12":"sold-individually","13":"shipping-taxable","14":"purchasable","15":"product-type-phive_booking"},"acf":[],"_links":{"self":[{"href":"https:\/\/murter-online.com\/hr\/wp-json\/wp\/v2\/product\/48730","targetHints":{"allow":["GET"]}}],"collection":[{"href":"https:\/\/murter-online.com\/hr\/wp-json\/wp\/v2\/product"}],"about":[{"href":"https:\/\/murter-online.com\/hr\/wp-json\/wp\/v2\/types\/product"}],"wp:featuredmedia":[{"embeddable":true,"href":"https:\/\/murter-online.com\/hr\/wp-json\/wp\/v2\/media\/39994"}],"wp:attachment":[{"href":"https:\/\/murter-online.com\/hr\/wp-json\/wp\/v2\/media?parent=48730"}],"wp:term":[{"taxonomy":"product_brand","embeddable":true,"href":"https:\/\/murter-online.com\/hr\/wp-json\/wp\/v2\/product_brand?post=48730"},{"taxonomy":"product_cat","embeddable":true,"href":"https:\/\/murter-online.com\/hr\/wp-json\/wp\/v2\/product_cat?post=48730"},{"taxonomy":"product_tag","embeddable":true,"href":"https:\/\/murter-online.com\/hr\/wp-json\/wp\/v2\/product_tag?post=48730"}],"curies":[{"name":"wp","href":"https:\/\/api.w.org\/{rel}","templated":true}]}}