{"id":50635,"date":"2025-01-05T14:46:33","date_gmt":"2025-01-05T14:46:33","guid":{"rendered":"https:\/\/murter.riot.hr\/?post_type=product&#038;p=50635"},"modified":"2025-04-23T11:55:52","modified_gmt":"2025-04-23T10:55:52","slug":"soba-slanica-a2-id-171","status":"publish","type":"product","link":"https:\/\/murter-online.com\/hr\/proizvod\/soba-slanica-a2-id-171\/","title":{"rendered":"Soba Slanica Murter A2 ID 171"},"content":{"rendered":"","protected":false},"excerpt":{"rendered":"<div align=\"center\">\n<div class=\"max_width\" align=\"left\">\n<div>\n<div>Soba za dvije osobe u blizini pje\u0161\u010dane pla\u017ee Slanica. Soba je novoure\u0111ena, udaljena samo 200 metara od pje\u0161\u010dane pla\u017ee Slanica. Soba je opremljena sa klimom, TV, besplatnim internetom, zamrziva\u010dem i kuhalom za vodu. Parking je besplatan.<\/div>\n<\/div>\n<\/div>\n<\/div>\n<div align=\"center\"><\/div>\n","protected":false},"featured_media":27257,"template":"","meta":{"_acf_changed":false},"product_brand":[],"product_cat":[138],"product_tag":[],"class_list":{"0":"post-50635","1":"product","2":"type-product","3":"status-publish","4":"has-post-thumbnail","6":"product_cat-sobe","8":"first","9":"instock","10":"sold-individually","11":"shipping-taxable","12":"purchasable","13":"product-type-phive_booking"},"acf":[],"_links":{"self":[{"href":"https:\/\/murter-online.com\/hr\/wp-json\/wp\/v2\/product\/50635","targetHints":{"allow":["GET"]}}],"collection":[{"href":"https:\/\/murter-online.com\/hr\/wp-json\/wp\/v2\/product"}],"about":[{"href":"https:\/\/murter-online.com\/hr\/wp-json\/wp\/v2\/types\/product"}],"wp:featuredmedia":[{"embeddable":true,"href":"https:\/\/murter-online.com\/hr\/wp-json\/wp\/v2\/media\/27257"}],"wp:attachment":[{"href":"https:\/\/murter-online.com\/hr\/wp-json\/wp\/v2\/media?parent=50635"}],"wp:term":[{"taxonomy":"product_brand","embeddable":true,"href":"https:\/\/murter-online.com\/hr\/wp-json\/wp\/v2\/product_brand?post=50635"},{"taxonomy":"product_cat","embeddable":true,"href":"https:\/\/murter-online.com\/hr\/wp-json\/wp\/v2\/product_cat?post=50635"},{"taxonomy":"product_tag","embeddable":true,"href":"https:\/\/murter-online.com\/hr\/wp-json\/wp\/v2\/product_tag?post=50635"}],"curies":[{"name":"wp","href":"https:\/\/api.w.org\/{rel}","templated":true}]}}