{"id":50637,"date":"2025-01-05T14:41:32","date_gmt":"2025-01-05T14:41:32","guid":{"rendered":"https:\/\/murter.riot.hr\/?post_type=product&#038;p=50637"},"modified":"2025-01-26T11:07:56","modified_gmt":"2025-01-26T11:07:56","slug":"soba-stari-murter-a2-id-209","status":"publish","type":"product","link":"https:\/\/murter-online.com\/hr\/proizvod\/soba-stari-murter-a2-id-209\/","title":{"rendered":"Soba Stari Murter A2 ID 209"},"content":{"rendered":"","protected":false},"excerpt":{"rendered":"<div align=\"center\">\n<div class=\"max_width\" align=\"left\">\n<div>\n<div>Soba u Murteru za dvije osobe. Soba je smje\u0161tena u starom dijelu Murtera. Postoji pomo\u0107na kuhinja koja se mo\u017ee besplatno koristiti. Soba ima vlastitu kupaonicu, terasa se dijeli sa jo\u0161 jednom sobom i jednim jednosobnim apartmanom. Parking je osiguran i besplatan. Najbli\u017ea pla\u017ea se \u010cigra\u0111a.<\/div>\n<\/div>\n<\/div>\n<\/div>\n<div align=\"center\"><\/div>\n","protected":false},"featured_media":27109,"template":"","meta":{"_acf_changed":false},"product_brand":[],"product_cat":[138],"product_tag":[],"class_list":{"0":"post-50637","1":"product","2":"type-product","3":"status-publish","4":"has-post-thumbnail","6":"product_cat-sobe","8":"first","9":"instock","10":"sold-individually","11":"shipping-taxable","12":"purchasable","13":"product-type-phive_booking"},"acf":[],"_links":{"self":[{"href":"https:\/\/murter-online.com\/hr\/wp-json\/wp\/v2\/product\/50637","targetHints":{"allow":["GET"]}}],"collection":[{"href":"https:\/\/murter-online.com\/hr\/wp-json\/wp\/v2\/product"}],"about":[{"href":"https:\/\/murter-online.com\/hr\/wp-json\/wp\/v2\/types\/product"}],"wp:featuredmedia":[{"embeddable":true,"href":"https:\/\/murter-online.com\/hr\/wp-json\/wp\/v2\/media\/27109"}],"wp:attachment":[{"href":"https:\/\/murter-online.com\/hr\/wp-json\/wp\/v2\/media?parent=50637"}],"wp:term":[{"taxonomy":"product_brand","embeddable":true,"href":"https:\/\/murter-online.com\/hr\/wp-json\/wp\/v2\/product_brand?post=50637"},{"taxonomy":"product_cat","embeddable":true,"href":"https:\/\/murter-online.com\/hr\/wp-json\/wp\/v2\/product_cat?post=50637"},{"taxonomy":"product_tag","embeddable":true,"href":"https:\/\/murter-online.com\/hr\/wp-json\/wp\/v2\/product_tag?post=50637"}],"curies":[{"name":"wp","href":"https:\/\/api.w.org\/{rel}","templated":true}]}}