{"id":50638,"date":"2025-01-06T19:08:15","date_gmt":"2025-01-06T19:08:15","guid":{"rendered":"https:\/\/murter.riot.hr\/?post_type=product&#038;p=50638"},"modified":"2025-03-28T20:20:15","modified_gmt":"2025-03-28T19:20:15","slug":"kamena-kuca-kornati-a41-uvala-vrulje-id-317","status":"publish","type":"product","link":"https:\/\/murter-online.com\/hr\/proizvod\/kamena-kuca-kornati-a41-uvala-vrulje-id-317\/","title":{"rendered":"Kamena ku\u0107a za robinzonski turizam Kornati &#8211; uvala Vrulje A4+1 ID 317"},"content":{"rendered":"","protected":false},"excerpt":{"rendered":"<div align=\"center\">\n<div class=\"max_width\" align=\"left\">\n<div>\n<div>Ku\u0107a je smje\u0161tena u Nacionalnom parku Kornati &#8211; uvala Vrulje. Pogodna je za manje obitelji max.4-5 \u010dlanova jer se ne nalazi u izolaciji nego u malom mjestu bez prometa gdje se djeca mogu slobodno kretati. Ku\u0107a se sastoji od prizemlja na kojem se nalazi kuhinja, wc sa kupaonom i dnevnim boravkom u kojem se nalazi fotelja &#8211; pomo\u0107ni le\u017eaj koji se mo\u017ee koristiti za spavanje. Na katu se nalazi spava\u0107a soba koja je podijeljena u dva dijela, u sobi se nalaze 4 kreveta na kojima mogu spavati 4 odrasle osobe. Kuhinja je potpuno opremljena. Elektri\u010dna energija dolazi od solarnih plo\u010da. Voda iz slavine nije pitka, mo\u017ee se koristiti za tu\u0161iranje. Boravkom u ovoj ku\u0107i mo\u017eete iskusiti \u017eivot na ovom specifi\u010dnom podru\u010dju, u\u017eivati u cjelodnevnom kupanju, ranojutarnjem ribolovu i penjanju na obli\u017enji vidikovac. U sklopu smje\u0161taja na raspolaganju je jedna SUP daska za veslanje i dvosjed SIT ON top kajak. U mjestu Vrulje postoji mini market gdje se mogu nabaviti osnovne potrep\u0161tine. Po dolasku gosti dolaze u mjesto Murter odakle \u0107e krenuti za N.P. Kornati. Parking za auto pla\u0107en je na javnom parkirali\u0161tu. Javni parking nalazi se blizu mjesta odakle polaze brodovi , isto tako se tamo nalazi i du\u0107an gdje se mo\u017ee napraviti nabavka hrane i pitke vode. Ukoliko gosti imaju vlastiti brod mogu i\u0107i sami direktno u Kornate, ispred ku\u0107e postoji vez za brod. Ukoliko gosti dolaze u Murter bez broda, postoje 2 opcije prijevoza. Ako se uzme transfer sa privatnim brodom za putnike i prtljagu iznosi 200 eura u jedom smjeru. Postoji jo\u0161 i na\u010din da se gosti prevezu brodom koji obavlja nabavku hrane za restorane. Tada \u0107e transfer u 1 smjeru iznositi 20 eura\/osoba + 20 eura\/prtljaga po osobi.<\/div>\n<\/div>\n<\/div>\n<\/div>\n<div align=\"center\"><\/div>\n","protected":false},"featured_media":34377,"template":"","meta":{"_acf_changed":false},"product_brand":[],"product_cat":[129,133,140],"product_tag":[],"class_list":{"0":"post-50638","1":"product","2":"type-product","3":"status-publish","4":"has-post-thumbnail","6":"product_cat-apartmani","7":"product_cat-apartmani-s-pogledom-na-more","8":"product_cat-ribarske-kuce","10":"first","11":"instock","12":"sold-individually","13":"shipping-taxable","14":"purchasable","15":"product-type-phive_booking"},"acf":[],"_links":{"self":[{"href":"https:\/\/murter-online.com\/hr\/wp-json\/wp\/v2\/product\/50638","targetHints":{"allow":["GET"]}}],"collection":[{"href":"https:\/\/murter-online.com\/hr\/wp-json\/wp\/v2\/product"}],"about":[{"href":"https:\/\/murter-online.com\/hr\/wp-json\/wp\/v2\/types\/product"}],"wp:featuredmedia":[{"embeddable":true,"href":"https:\/\/murter-online.com\/hr\/wp-json\/wp\/v2\/media\/34377"}],"wp:attachment":[{"href":"https:\/\/murter-online.com\/hr\/wp-json\/wp\/v2\/media?parent=50638"}],"wp:term":[{"taxonomy":"product_brand","embeddable":true,"href":"https:\/\/murter-online.com\/hr\/wp-json\/wp\/v2\/product_brand?post=50638"},{"taxonomy":"product_cat","embeddable":true,"href":"https:\/\/murter-online.com\/hr\/wp-json\/wp\/v2\/product_cat?post=50638"},{"taxonomy":"product_tag","embeddable":true,"href":"https:\/\/murter-online.com\/hr\/wp-json\/wp\/v2\/product_tag?post=50638"}],"curies":[{"name":"wp","href":"https:\/\/api.w.org\/{rel}","templated":true}]}}