{"id":51801,"date":"2024-12-17T14:14:52","date_gmt":"2024-12-17T14:14:52","guid":{"rendered":"https:\/\/murter.riot.hr\/?post_type=product&#038;p=51801"},"modified":"2025-04-25T20:27:53","modified_gmt":"2025-04-25T19:27:53","slug":"apartman-green-garden-murter-a2-id-101","status":"publish","type":"product","link":"https:\/\/murter-online.com\/hr\/proizvod\/apartman-green-garden-murter-a2-id-101\/","title":{"rendered":"Apartman za 2 osobe Green Garden Murter A2 ID 101"},"content":{"rendered":"","protected":false},"excerpt":{"rendered":"<div align=\"center\">\n<div class=\"max_width\" align=\"left\">\n<div>\n<div>Apartman Happy Place II A2 ID 101 nalazi se na izvrsnoj lokaciji, udaljen od centra samo 5 minuta pje\u0161ice. Od najbli\u017ee pla\u017ee udaljen je oko 300 m. Apartman se sastoji od jedne spava\u0107e sobe sa bra\u010dnim krevetom te pomo\u0107nog kreveta za jo\u0161 jednu osobu. U cijenu je uklju\u010deno \u010di\u0161\u0107enje, ru\u010dnici i posteljina.<\/div>\n<\/div>\n<\/div>\n<\/div>\n<div align=\"center\">\n<div><\/div>\n<div><\/div>\n<\/div>\n","protected":false},"featured_media":19105,"template":"","meta":{"_acf_changed":false},"product_brand":[],"product_cat":[129,135],"product_tag":[],"class_list":{"0":"post-51801","1":"product","2":"type-product","3":"status-publish","4":"has-post-thumbnail","6":"product_cat-apartmani","7":"product_cat-obiteljski-apartmani","9":"first","10":"instock","11":"sold-individually","12":"shipping-taxable","13":"purchasable","14":"product-type-phive_booking"},"acf":[],"_links":{"self":[{"href":"https:\/\/murter-online.com\/hr\/wp-json\/wp\/v2\/product\/51801","targetHints":{"allow":["GET"]}}],"collection":[{"href":"https:\/\/murter-online.com\/hr\/wp-json\/wp\/v2\/product"}],"about":[{"href":"https:\/\/murter-online.com\/hr\/wp-json\/wp\/v2\/types\/product"}],"wp:featuredmedia":[{"embeddable":true,"href":"https:\/\/murter-online.com\/hr\/wp-json\/wp\/v2\/media\/19105"}],"wp:attachment":[{"href":"https:\/\/murter-online.com\/hr\/wp-json\/wp\/v2\/media?parent=51801"}],"wp:term":[{"taxonomy":"product_brand","embeddable":true,"href":"https:\/\/murter-online.com\/hr\/wp-json\/wp\/v2\/product_brand?post=51801"},{"taxonomy":"product_cat","embeddable":true,"href":"https:\/\/murter-online.com\/hr\/wp-json\/wp\/v2\/product_cat?post=51801"},{"taxonomy":"product_tag","embeddable":true,"href":"https:\/\/murter-online.com\/hr\/wp-json\/wp\/v2\/product_tag?post=51801"}],"curies":[{"name":"wp","href":"https:\/\/api.w.org\/{rel}","templated":true}]}}