{"id":51805,"date":"2024-12-17T15:02:03","date_gmt":"2024-12-17T15:02:03","guid":{"rendered":"https:\/\/murter.riot.hr\/?post_type=product&#038;p=51805"},"modified":"2025-04-12T07:13:46","modified_gmt":"2025-04-12T06:13:46","slug":"apartman-smjestaj-u-murteru-4-a22-id-233","status":"publish","type":"product","link":"https:\/\/murter-online.com\/hr\/proizvod\/apartman-smjestaj-u-murteru-4-a22-id-233\/","title":{"rendered":"Obiteljski apartman za 4 osobe u Murteru 4 A2+2 ID 233"},"content":{"rendered":"","protected":false},"excerpt":{"rendered":"<p>Apartman za \u010detiri osobe koji se nalazi na katu ku\u0107e i sastoji se od jedne spava\u0107e sobe (bra\u010dni krevet) i dnevnog boravka sa dva kreveta dimenzije (200&#215;90), kuhinje, kupaonice i velike terase (18m2) koja ima pogled na more. Apartman je opremljen TV i klima ure\u0111ajem, wi-fi, mikrovalna i fri\u017eider sa ledenicom. Ispred apartmana imamo i vanjski gril koji gosti u svakom trenutku mogu koristiti. Apartman se nalazi jako blizu lokalne pla\u017ee Luke i pje\u0161\u010dane pla\u017ee Podvr\u0161ke. Parking je osiguran te se nalazi u dvori\u0161tu ku\u0107e.<\/p>\n","protected":false},"featured_media":19169,"template":"","meta":{"_acf_changed":false},"product_brand":[],"product_cat":[133],"product_tag":[],"class_list":{"0":"post-51805","1":"product","2":"type-product","3":"status-publish","4":"has-post-thumbnail","6":"product_cat-apartmani-s-pogledom-na-more","8":"first","9":"instock","10":"sold-individually","11":"shipping-taxable","12":"purchasable","13":"product-type-phive_booking"},"acf":[],"_links":{"self":[{"href":"https:\/\/murter-online.com\/hr\/wp-json\/wp\/v2\/product\/51805","targetHints":{"allow":["GET"]}}],"collection":[{"href":"https:\/\/murter-online.com\/hr\/wp-json\/wp\/v2\/product"}],"about":[{"href":"https:\/\/murter-online.com\/hr\/wp-json\/wp\/v2\/types\/product"}],"wp:featuredmedia":[{"embeddable":true,"href":"https:\/\/murter-online.com\/hr\/wp-json\/wp\/v2\/media\/19169"}],"wp:attachment":[{"href":"https:\/\/murter-online.com\/hr\/wp-json\/wp\/v2\/media?parent=51805"}],"wp:term":[{"taxonomy":"product_brand","embeddable":true,"href":"https:\/\/murter-online.com\/hr\/wp-json\/wp\/v2\/product_brand?post=51805"},{"taxonomy":"product_cat","embeddable":true,"href":"https:\/\/murter-online.com\/hr\/wp-json\/wp\/v2\/product_cat?post=51805"},{"taxonomy":"product_tag","embeddable":true,"href":"https:\/\/murter-online.com\/hr\/wp-json\/wp\/v2\/product_tag?post=51805"}],"curies":[{"name":"wp","href":"https:\/\/api.w.org\/{rel}","templated":true}]}}