{"id":51810,"date":"2024-12-18T08:05:26","date_gmt":"2024-12-18T08:05:26","guid":{"rendered":"https:\/\/murter.riot.hr\/?post_type=product&#038;p=51810"},"modified":"2025-04-25T09:58:35","modified_gmt":"2025-04-25T08:58:35","slug":"apartman-smjestaj-u-murter-5-a22-id-234","status":"publish","type":"product","link":"https:\/\/murter-online.com\/hr\/proizvod\/apartman-smjestaj-u-murter-5-a22-id-234\/","title":{"rendered":"Obiteljski apartman &#8211; Smje\u0161taj u Murteru 5 A2+2 ID 234"},"content":{"rendered":"","protected":false},"excerpt":{"rendered":"<p>Apartman za \u010detiri osobe koji se nalazi u potkrovlju ku\u0107e i sastoji se od jedne spava\u0107e sobe (jedan bra\u010dni krevet), dnevni boravak u kojem se nalazi krevet na razvla\u010denje (dva zasebna kreveta 200&#215;90), kuhinjom, kupaonicom i terasom koja ima pogled na more. Apartman je opremljen TV i klima ure\u0111ajem, wi-fi, mikrovalnom i fri\u017eiderom sa ledenicom. Ispred apartmana imamo i vanjski gril koji gosti u svakom trenutku mogu koristiti. Parking je osiguran te se nalazi u dvori\u0161tu ku\u0107e. Apartman se nalazi blizu gradske pla\u017ee Luke i pje\u0161\u010dane pla\u017ee Podvr\u0161ke.<\/p>\n","protected":false},"featured_media":19209,"template":"","meta":{"_acf_changed":false},"product_brand":[],"product_cat":[129,135],"product_tag":[],"class_list":{"0":"post-51810","1":"product","2":"type-product","3":"status-publish","4":"has-post-thumbnail","6":"product_cat-apartmani","7":"product_cat-obiteljski-apartmani","9":"first","10":"instock","11":"sold-individually","12":"shipping-taxable","13":"purchasable","14":"product-type-phive_booking"},"acf":[],"_links":{"self":[{"href":"https:\/\/murter-online.com\/hr\/wp-json\/wp\/v2\/product\/51810","targetHints":{"allow":["GET"]}}],"collection":[{"href":"https:\/\/murter-online.com\/hr\/wp-json\/wp\/v2\/product"}],"about":[{"href":"https:\/\/murter-online.com\/hr\/wp-json\/wp\/v2\/types\/product"}],"wp:featuredmedia":[{"embeddable":true,"href":"https:\/\/murter-online.com\/hr\/wp-json\/wp\/v2\/media\/19209"}],"wp:attachment":[{"href":"https:\/\/murter-online.com\/hr\/wp-json\/wp\/v2\/media?parent=51810"}],"wp:term":[{"taxonomy":"product_brand","embeddable":true,"href":"https:\/\/murter-online.com\/hr\/wp-json\/wp\/v2\/product_brand?post=51810"},{"taxonomy":"product_cat","embeddable":true,"href":"https:\/\/murter-online.com\/hr\/wp-json\/wp\/v2\/product_cat?post=51810"},{"taxonomy":"product_tag","embeddable":true,"href":"https:\/\/murter-online.com\/hr\/wp-json\/wp\/v2\/product_tag?post=51810"}],"curies":[{"name":"wp","href":"https:\/\/api.w.org\/{rel}","templated":true}]}}