{"id":51822,"date":"2024-12-19T13:15:49","date_gmt":"2024-12-19T13:15:49","guid":{"rendered":"https:\/\/murter.riot.hr\/?post_type=product&#038;p=51822"},"modified":"2025-03-28T06:42:46","modified_gmt":"2025-03-28T05:42:46","slug":"apartman-andrea-jezera-beach-house-2-a21-id22","status":"publish","type":"product","link":"https:\/\/murter-online.com\/hr\/proizvod\/apartman-andrea-jezera-beach-house-2-a21-id22\/","title":{"rendered":"Mobilna ku\u0107a na pla\u017ei Murter Jezera  2 A2+1 ID22"},"content":{"rendered":"","protected":false},"excerpt":{"rendered":"<p>Apartman se nalazi 70m od pla\u017ee, na mirnom mjestu -Kuhinja je potpuno opremljena -Posteljina, ru\u010dnici i zavr\u0161no \u010di\u0161\u0107enje uklju\u010deni su u cijenu -U blizini se nalazi dje\u010dje igrali\u0161te<\/p>\n","protected":false},"featured_media":19289,"template":"","meta":{"_acf_changed":false},"product_brand":[],"product_cat":[129,133,141,135],"product_tag":[],"class_list":{"0":"post-51822","1":"product","2":"type-product","3":"status-publish","4":"has-post-thumbnail","6":"product_cat-apartmani","7":"product_cat-apartmani-s-pogledom-na-more","8":"product_cat-mobilne-kuce","9":"product_cat-obiteljski-apartmani","11":"first","12":"instock","13":"sold-individually","14":"shipping-taxable","15":"purchasable","16":"product-type-phive_booking"},"acf":[],"_links":{"self":[{"href":"https:\/\/murter-online.com\/hr\/wp-json\/wp\/v2\/product\/51822","targetHints":{"allow":["GET"]}}],"collection":[{"href":"https:\/\/murter-online.com\/hr\/wp-json\/wp\/v2\/product"}],"about":[{"href":"https:\/\/murter-online.com\/hr\/wp-json\/wp\/v2\/types\/product"}],"wp:featuredmedia":[{"embeddable":true,"href":"https:\/\/murter-online.com\/hr\/wp-json\/wp\/v2\/media\/19289"}],"wp:attachment":[{"href":"https:\/\/murter-online.com\/hr\/wp-json\/wp\/v2\/media?parent=51822"}],"wp:term":[{"taxonomy":"product_brand","embeddable":true,"href":"https:\/\/murter-online.com\/hr\/wp-json\/wp\/v2\/product_brand?post=51822"},{"taxonomy":"product_cat","embeddable":true,"href":"https:\/\/murter-online.com\/hr\/wp-json\/wp\/v2\/product_cat?post=51822"},{"taxonomy":"product_tag","embeddable":true,"href":"https:\/\/murter-online.com\/hr\/wp-json\/wp\/v2\/product_tag?post=51822"}],"curies":[{"name":"wp","href":"https:\/\/api.w.org\/{rel}","templated":true}]}}