{"id":51828,"date":"2024-12-19T14:05:10","date_gmt":"2024-12-19T14:05:10","guid":{"rendered":"https:\/\/murter.riot.hr\/?post_type=product&#038;p=51828"},"modified":"2025-03-28T20:34:11","modified_gmt":"2025-03-28T19:34:11","slug":"apartman-andrea-jezera-beach-house-a21-id21","status":"publish","type":"product","link":"https:\/\/murter-online.com\/hr\/proizvod\/apartman-andrea-jezera-beach-house-a21-id21\/","title":{"rendered":"Mobilna ku\u0107a na pla\u017ei Murter jezera A2+1 ID21"},"content":{"rendered":"","protected":false},"excerpt":{"rendered":"<p>Apartman se nalazi 70m od pla\u017ee, na mirnom mjestu -U blizini je dje\u010dje igrali\u0161te -Kuhinja je potpuno opremljena -Posteljina, ru\u010dnici i zavr\u0161no \u010di\u0161\u0107enje uklju\u010deni su u cijenu<\/p>\n","protected":false},"featured_media":19337,"template":"","meta":{"_acf_changed":false},"product_brand":[],"product_cat":[133,141,135],"product_tag":[],"class_list":{"0":"post-51828","1":"product","2":"type-product","3":"status-publish","4":"has-post-thumbnail","6":"product_cat-apartmani-s-pogledom-na-more","7":"product_cat-mobilne-kuce","8":"product_cat-obiteljski-apartmani","10":"first","11":"instock","12":"sold-individually","13":"shipping-taxable","14":"purchasable","15":"product-type-phive_booking"},"acf":[],"_links":{"self":[{"href":"https:\/\/murter-online.com\/hr\/wp-json\/wp\/v2\/product\/51828","targetHints":{"allow":["GET"]}}],"collection":[{"href":"https:\/\/murter-online.com\/hr\/wp-json\/wp\/v2\/product"}],"about":[{"href":"https:\/\/murter-online.com\/hr\/wp-json\/wp\/v2\/types\/product"}],"wp:featuredmedia":[{"embeddable":true,"href":"https:\/\/murter-online.com\/hr\/wp-json\/wp\/v2\/media\/19337"}],"wp:attachment":[{"href":"https:\/\/murter-online.com\/hr\/wp-json\/wp\/v2\/media?parent=51828"}],"wp:term":[{"taxonomy":"product_brand","embeddable":true,"href":"https:\/\/murter-online.com\/hr\/wp-json\/wp\/v2\/product_brand?post=51828"},{"taxonomy":"product_cat","embeddable":true,"href":"https:\/\/murter-online.com\/hr\/wp-json\/wp\/v2\/product_cat?post=51828"},{"taxonomy":"product_tag","embeddable":true,"href":"https:\/\/murter-online.com\/hr\/wp-json\/wp\/v2\/product_tag?post=51828"}],"curies":[{"name":"wp","href":"https:\/\/api.w.org\/{rel}","templated":true}]}}