{"id":51833,"date":"2024-12-20T09:04:53","date_gmt":"2024-12-20T09:04:53","guid":{"rendered":"https:\/\/murter.riot.hr\/?post_type=product&#038;p=51833"},"modified":"2025-04-25T10:40:32","modified_gmt":"2025-04-25T09:40:32","slug":"apartman-marina-murter-a2-id-125","status":"publish","type":"product","link":"https:\/\/murter-online.com\/hr\/proizvod\/apartman-marina-murter-a2-id-125\/","title":{"rendered":"Apartman za 2 osobe Marina Murter A2 ID 125"},"content":{"rendered":"","protected":false},"excerpt":{"rendered":"<p>Apartman je potpuno opremljen, udaljen od prve pla\u017ee 250 metara. Apartman ima povr\u0161inu od 37 m2. Ima jednu spava\u0107u sobu u kojoj mogu spavati 2 odrasle osobe. Ima kupaonicu sa tu\u0161-kadom. Povr\u0161ina Balkon\/terase je 10 m2. Apartman se nalazi u prizemlju. Apartman je opremljen sa tv-om, klimom, pe\u0107nicom, mikrovalna, apartman za kavu, Wi-fi.Parking je osiguran i besplatan. Ku\u0107ni ljubimci su dozvoljeni uz dodatni tro\u0161ak<\/p>\n","protected":false},"featured_media":19393,"template":"","meta":{"_acf_changed":false},"product_brand":[],"product_cat":[129,135],"product_tag":[],"class_list":{"0":"post-51833","1":"product","2":"type-product","3":"status-publish","4":"has-post-thumbnail","6":"product_cat-apartmani","7":"product_cat-obiteljski-apartmani","9":"first","10":"instock","11":"sold-individually","12":"shipping-taxable","13":"purchasable","14":"product-type-phive_booking"},"acf":[],"_links":{"self":[{"href":"https:\/\/murter-online.com\/hr\/wp-json\/wp\/v2\/product\/51833","targetHints":{"allow":["GET"]}}],"collection":[{"href":"https:\/\/murter-online.com\/hr\/wp-json\/wp\/v2\/product"}],"about":[{"href":"https:\/\/murter-online.com\/hr\/wp-json\/wp\/v2\/types\/product"}],"wp:featuredmedia":[{"embeddable":true,"href":"https:\/\/murter-online.com\/hr\/wp-json\/wp\/v2\/media\/19393"}],"wp:attachment":[{"href":"https:\/\/murter-online.com\/hr\/wp-json\/wp\/v2\/media?parent=51833"}],"wp:term":[{"taxonomy":"product_brand","embeddable":true,"href":"https:\/\/murter-online.com\/hr\/wp-json\/wp\/v2\/product_brand?post=51833"},{"taxonomy":"product_cat","embeddable":true,"href":"https:\/\/murter-online.com\/hr\/wp-json\/wp\/v2\/product_cat?post=51833"},{"taxonomy":"product_tag","embeddable":true,"href":"https:\/\/murter-online.com\/hr\/wp-json\/wp\/v2\/product_tag?post=51833"}],"curies":[{"name":"wp","href":"https:\/\/api.w.org\/{rel}","templated":true}]}}