{"id":51855,"date":"2024-12-20T11:01:34","date_gmt":"2024-12-20T11:01:34","guid":{"rendered":"https:\/\/murter.riot.hr\/?post_type=product&#038;p=51855"},"modified":"2025-04-25T19:48:31","modified_gmt":"2025-04-25T18:48:31","slug":"apartman-center-spot-murter-a22-id-78","status":"publish","type":"product","link":"https:\/\/murter-online.com\/hr\/proizvod\/apartman-center-spot-murter-a22-id-78\/","title":{"rendered":"Apartman Murter Center Spot A2+2 ID 78"},"content":{"rendered":"","protected":false},"excerpt":{"rendered":"<p>Apartman Center Murter A2 ID 78 nalazi se svega nekoliko metara od centra mjesta. Restorani, kafi\u0107i, trgovine nalaze se u samoj blizini apartmana. Do najbli\u017ee pla\u017ee ima 5 minuta hoda. Ovaj apartman nudi vam blesplatni WiFi, SAT tv i klimu U cijenu su uklju\u010deni ru\u010dnici, posteljina i zavr\u0161no \u010di\u0161\u0107enje.<\/p>\n","protected":false},"featured_media":19585,"template":"","meta":{"_acf_changed":false},"product_brand":[],"product_cat":[129,135],"product_tag":[],"class_list":{"0":"post-51855","1":"product","2":"type-product","3":"status-publish","4":"has-post-thumbnail","6":"product_cat-apartmani","7":"product_cat-obiteljski-apartmani","9":"first","10":"instock","11":"sold-individually","12":"shipping-taxable","13":"purchasable","14":"product-type-phive_booking"},"acf":[],"_links":{"self":[{"href":"https:\/\/murter-online.com\/hr\/wp-json\/wp\/v2\/product\/51855","targetHints":{"allow":["GET"]}}],"collection":[{"href":"https:\/\/murter-online.com\/hr\/wp-json\/wp\/v2\/product"}],"about":[{"href":"https:\/\/murter-online.com\/hr\/wp-json\/wp\/v2\/types\/product"}],"wp:featuredmedia":[{"embeddable":true,"href":"https:\/\/murter-online.com\/hr\/wp-json\/wp\/v2\/media\/19585"}],"wp:attachment":[{"href":"https:\/\/murter-online.com\/hr\/wp-json\/wp\/v2\/media?parent=51855"}],"wp:term":[{"taxonomy":"product_brand","embeddable":true,"href":"https:\/\/murter-online.com\/hr\/wp-json\/wp\/v2\/product_brand?post=51855"},{"taxonomy":"product_cat","embeddable":true,"href":"https:\/\/murter-online.com\/hr\/wp-json\/wp\/v2\/product_cat?post=51855"},{"taxonomy":"product_tag","embeddable":true,"href":"https:\/\/murter-online.com\/hr\/wp-json\/wp\/v2\/product_tag?post=51855"}],"curies":[{"name":"wp","href":"https:\/\/api.w.org\/{rel}","templated":true}]}}