{"id":51869,"date":"2024-12-20T13:49:36","date_gmt":"2024-12-20T13:49:36","guid":{"rendered":"https:\/\/murter.riot.hr\/?post_type=product&#038;p=51869"},"modified":"2025-01-23T10:47:50","modified_gmt":"2025-01-23T10:47:50","slug":"apartman-cigrada-murter-garden-6-a22-id-153","status":"publish","type":"product","link":"https:\/\/murter-online.com\/hr\/proizvod\/apartman-cigrada-murter-garden-6-a22-id-153\/","title":{"rendered":"Apartman \u010cigra\u0111a Murter Garden 6 A2+2 ID 153"},"content":{"rendered":"","protected":false},"excerpt":{"rendered":"<p>Apartman na odli\u010dnoj lokaciji samo 500 metara udaljen od mora. Apartman ima povr\u0161inu od 40 m2. Ima jednu spava\u0107u sobu u kojoj mogu spavati 2 odrasle osobe. Ima dnevni boravak, koji se mo\u017ee koristiti za spavanje &#8211; Ima pomo\u0107ni le\u017eaj za dvije osobe. Ima kupaonicu sa tu\u0161-kadom. Povr\u0161ina Balkon\/terase je 10 m2. Apartman se nalazi u prizemlju. Apartman je opremljen sa tv-om, klimom, satelitskim prijemnikom, pe\u0107nicom, besplatnim wifi internet priklju\u010dkom. Parking je osiguran i uklju\u010den u cijenu. Postoji vanjski ro\u0161tilj koji se mo\u017ee koristiti.Cijena navedena u ciieniku vrijedi za dvije osobe po no\u0107enju. Svaka dodatna osoba u apartmanu napla\u0107uje se 5 eura\/dodatna osoba\/ dan. Ku\u0107ni ljubimci na upit.<\/p>\n","protected":false},"featured_media":19809,"template":"","meta":{"_acf_changed":false},"product_brand":[],"product_cat":[129,135],"product_tag":[],"class_list":{"0":"post-51869","1":"product","2":"type-product","3":"status-publish","4":"has-post-thumbnail","6":"product_cat-apartmani","7":"product_cat-obiteljski-apartmani","9":"first","10":"instock","11":"sold-individually","12":"shipping-taxable","13":"purchasable","14":"product-type-phive_booking"},"acf":[],"_links":{"self":[{"href":"https:\/\/murter-online.com\/hr\/wp-json\/wp\/v2\/product\/51869","targetHints":{"allow":["GET"]}}],"collection":[{"href":"https:\/\/murter-online.com\/hr\/wp-json\/wp\/v2\/product"}],"about":[{"href":"https:\/\/murter-online.com\/hr\/wp-json\/wp\/v2\/types\/product"}],"wp:featuredmedia":[{"embeddable":true,"href":"https:\/\/murter-online.com\/hr\/wp-json\/wp\/v2\/media\/19809"}],"wp:attachment":[{"href":"https:\/\/murter-online.com\/hr\/wp-json\/wp\/v2\/media?parent=51869"}],"wp:term":[{"taxonomy":"product_brand","embeddable":true,"href":"https:\/\/murter-online.com\/hr\/wp-json\/wp\/v2\/product_brand?post=51869"},{"taxonomy":"product_cat","embeddable":true,"href":"https:\/\/murter-online.com\/hr\/wp-json\/wp\/v2\/product_cat?post=51869"},{"taxonomy":"product_tag","embeddable":true,"href":"https:\/\/murter-online.com\/hr\/wp-json\/wp\/v2\/product_tag?post=51869"}],"curies":[{"name":"wp","href":"https:\/\/api.w.org\/{rel}","templated":true}]}}