{"id":51896,"date":"2024-12-27T13:25:50","date_gmt":"2024-12-27T13:25:50","guid":{"rendered":"https:\/\/murter.riot.hr\/?post_type=product&#038;p=51896"},"modified":"2025-05-01T07:27:07","modified_gmt":"2025-05-01T06:27:07","slug":"apartman-dea-plavi-a21","status":"publish","type":"product","link":"https:\/\/murter-online.com\/hr\/proizvod\/apartman-dea-plavi-a21\/","title":{"rendered":"Apartman pla\u017ea Zdra\u010de Plavi Murter A2+1"},"content":{"rendered":"","protected":false},"excerpt":{"rendered":"<p>Cijene apartmana po periodima prikazane u tablici vrijede za 2 osobe, svaka sljede\u0107a osoba u apartmanu napla\u0107uje se 5 eura vi\u0161e\/dodatna osoba\/dan. Apartman se nalazi na izvrsnoj poziciji! Smje\u0161ten je blizu marine Hramina u Murteru, arheolo\u0161ke pla\u017ee Colentum, gradske pla\u017ee Zdra\u010de i centra Murtera na mirnoj i tihoj lokaciji. Apartman je nov i potpuno opremljen. Ima jednu spava\u0107u sobu za dvije osobe i dnevni boravak koji se mo\u017ee koristiti za spavanje. Parking je osiguran ispred objekta u dvori\u0161tu. Idealno mjesto za provesti obiteljski odmor!<\/p>\n","protected":false},"featured_media":20249,"template":"","meta":{"_acf_changed":false},"product_brand":[],"product_cat":[129,135],"product_tag":[],"class_list":{"0":"post-51896","1":"product","2":"type-product","3":"status-publish","4":"has-post-thumbnail","6":"product_cat-apartmani","7":"product_cat-obiteljski-apartmani","9":"first","10":"instock","11":"sold-individually","12":"shipping-taxable","13":"purchasable","14":"product-type-phive_booking"},"acf":[],"_links":{"self":[{"href":"https:\/\/murter-online.com\/hr\/wp-json\/wp\/v2\/product\/51896","targetHints":{"allow":["GET"]}}],"collection":[{"href":"https:\/\/murter-online.com\/hr\/wp-json\/wp\/v2\/product"}],"about":[{"href":"https:\/\/murter-online.com\/hr\/wp-json\/wp\/v2\/types\/product"}],"wp:featuredmedia":[{"embeddable":true,"href":"https:\/\/murter-online.com\/hr\/wp-json\/wp\/v2\/media\/20249"}],"wp:attachment":[{"href":"https:\/\/murter-online.com\/hr\/wp-json\/wp\/v2\/media?parent=51896"}],"wp:term":[{"taxonomy":"product_brand","embeddable":true,"href":"https:\/\/murter-online.com\/hr\/wp-json\/wp\/v2\/product_brand?post=51896"},{"taxonomy":"product_cat","embeddable":true,"href":"https:\/\/murter-online.com\/hr\/wp-json\/wp\/v2\/product_cat?post=51896"},{"taxonomy":"product_tag","embeddable":true,"href":"https:\/\/murter-online.com\/hr\/wp-json\/wp\/v2\/product_tag?post=51896"}],"curies":[{"name":"wp","href":"https:\/\/api.w.org\/{rel}","templated":true}]}}