{"id":51914,"date":"2024-12-27T15:19:47","date_gmt":"2024-12-27T15:19:47","guid":{"rendered":"https:\/\/murter.riot.hr\/?post_type=product&#038;p=51914"},"modified":"2025-04-12T13:02:11","modified_gmt":"2025-04-12T12:02:11","slug":"apartman-galerija-branka-murter-a2-id-07","status":"publish","type":"product","link":"https:\/\/murter-online.com\/hr\/proizvod\/apartman-galerija-branka-murter-a2-id-07\/","title":{"rendered":"Apartman za 2 osobe u Murteru Galerija A2 ID 07"},"content":{"rendered":"","protected":false},"excerpt":{"rendered":"<p>Apartman je veli\u010dine 40 m\u00b2 . Ima balkon, pogled na more, pogled na vrt, pogled na grad. Besplatan WiFi Besplatno parkirali\u0161te U va\u0161oj vlastitoj kupaonici: WC kada ili tu\u0161 kabina ru\u010dnici toaletni papir Pogled: pogled na more pogled na vrt pogled na grad pogled na unutarnje dvori\u0161te Sadr\u017eaji apartmana: \u200bgornji katovi dostupni isklju\u010divo stepenicama posteljina vrlo dugi kreveti (&gt; 2 m) garderoba ili ormar aparat za pripremu kave\/\u010daja klima-ure\u0111aj drveni ili parketni pod privatni ulaz mre\u017ea protiv komaraca grijanje kuhinja sredstva za \u010di\u0161\u0107enje hladnjak aparat za kavu mikrovalna pe\u0107nica kuhinjski pribor kuhalo za vodu perilica posu\u0111a pe\u0107nica plo\u010de za kuhanje kuhinjski stol kau\u010d prostor za sjedenje blagovaonica TV satelitski programi TV ravnog ekrana kabelski programi balkon terasa vanjski namje\u0161taj vanjska blagovaonica poplo\u010dani dio dvori\u0161ta ro\u0161tilj uti\u010dnica pokraj kreveta stalak za odje\u0107u su\u0161ilo za rublje kau\u010d na rasklapanje Parkirali\u0161te: \u200bBesplatno privatno parkirali\u0161te dostupno je u okviru objekta i nije potrebna rezervacija .<\/p>\n","protected":false},"featured_media":20477,"template":"","meta":{"_acf_changed":false},"product_brand":[],"product_cat":[129,133,135],"product_tag":[],"class_list":{"0":"post-51914","1":"product","2":"type-product","3":"status-publish","4":"has-post-thumbnail","6":"product_cat-apartmani","7":"product_cat-apartmani-s-pogledom-na-more","8":"product_cat-obiteljski-apartmani","10":"first","11":"instock","12":"sold-individually","13":"shipping-taxable","14":"purchasable","15":"product-type-phive_booking"},"acf":[],"_links":{"self":[{"href":"https:\/\/murter-online.com\/hr\/wp-json\/wp\/v2\/product\/51914","targetHints":{"allow":["GET"]}}],"collection":[{"href":"https:\/\/murter-online.com\/hr\/wp-json\/wp\/v2\/product"}],"about":[{"href":"https:\/\/murter-online.com\/hr\/wp-json\/wp\/v2\/types\/product"}],"wp:featuredmedia":[{"embeddable":true,"href":"https:\/\/murter-online.com\/hr\/wp-json\/wp\/v2\/media\/20477"}],"wp:attachment":[{"href":"https:\/\/murter-online.com\/hr\/wp-json\/wp\/v2\/media?parent=51914"}],"wp:term":[{"taxonomy":"product_brand","embeddable":true,"href":"https:\/\/murter-online.com\/hr\/wp-json\/wp\/v2\/product_brand?post=51914"},{"taxonomy":"product_cat","embeddable":true,"href":"https:\/\/murter-online.com\/hr\/wp-json\/wp\/v2\/product_cat?post=51914"},{"taxonomy":"product_tag","embeddable":true,"href":"https:\/\/murter-online.com\/hr\/wp-json\/wp\/v2\/product_tag?post=51914"}],"curies":[{"name":"wp","href":"https:\/\/api.w.org\/{rel}","templated":true}]}}