{"id":51926,"date":"2024-12-28T10:28:31","date_gmt":"2024-12-28T10:28:31","guid":{"rendered":"https:\/\/murter.riot.hr\/?post_type=product&#038;p=51926"},"modified":"2025-04-25T20:11:41","modified_gmt":"2025-04-25T19:11:41","slug":"apartman-garden-house-a21-id33","status":"publish","type":"product","link":"https:\/\/murter-online.com\/hr\/proizvod\/apartman-garden-house-a21-id33\/","title":{"rendered":"Apartman blizu pla\u017ee Luke Garden house Murter A2+1 ID33"},"content":{"rendered":"","protected":false},"excerpt":{"rendered":"<p>Apartman se nalazi u blizini pla\u017ee Luke -Smje\u0161ten je na mirnoj lokaciji -Apartman je opremljen perilicom za rublje, klimom te aparatom za kavu -Posteljina, ru\u010dnici i zavr\u0161no \u010di\u0161\u0107enje uklju\u010deni su u cijenu<\/p>\n","protected":false},"featured_media":20617,"template":"","meta":{"_acf_changed":false},"product_brand":[],"product_cat":[129,135],"product_tag":[],"class_list":{"0":"post-51926","1":"product","2":"type-product","3":"status-publish","4":"has-post-thumbnail","6":"product_cat-apartmani","7":"product_cat-obiteljski-apartmani","9":"first","10":"instock","11":"sold-individually","12":"shipping-taxable","13":"purchasable","14":"product-type-phive_booking"},"acf":[],"_links":{"self":[{"href":"https:\/\/murter-online.com\/hr\/wp-json\/wp\/v2\/product\/51926","targetHints":{"allow":["GET"]}}],"collection":[{"href":"https:\/\/murter-online.com\/hr\/wp-json\/wp\/v2\/product"}],"about":[{"href":"https:\/\/murter-online.com\/hr\/wp-json\/wp\/v2\/types\/product"}],"wp:featuredmedia":[{"embeddable":true,"href":"https:\/\/murter-online.com\/hr\/wp-json\/wp\/v2\/media\/20617"}],"wp:attachment":[{"href":"https:\/\/murter-online.com\/hr\/wp-json\/wp\/v2\/media?parent=51926"}],"wp:term":[{"taxonomy":"product_brand","embeddable":true,"href":"https:\/\/murter-online.com\/hr\/wp-json\/wp\/v2\/product_brand?post=51926"},{"taxonomy":"product_cat","embeddable":true,"href":"https:\/\/murter-online.com\/hr\/wp-json\/wp\/v2\/product_cat?post=51926"},{"taxonomy":"product_tag","embeddable":true,"href":"https:\/\/murter-online.com\/hr\/wp-json\/wp\/v2\/product_tag?post=51926"}],"curies":[{"name":"wp","href":"https:\/\/api.w.org\/{rel}","templated":true}]}}