{"id":51936,"date":"2024-12-29T19:01:52","date_gmt":"2024-12-29T19:01:52","guid":{"rendered":"https:\/\/murter.riot.hr\/?post_type=product&#038;p=51936"},"modified":"2025-01-24T19:02:30","modified_gmt":"2025-01-24T19:02:30","slug":"apartman-u-centru-murtera-a22-id-267","status":"publish","type":"product","link":"https:\/\/murter-online.com\/hr\/proizvod\/apartman-u-centru-murtera-a22-id-267\/","title":{"rendered":"Apartman u centru Murtera A2+2 ID 267"},"content":{"rendered":"","protected":false},"excerpt":{"rendered":"<p>Obnovljeni apartman u staroj kamenoj ku\u0107i u Murteru. Smje\u0161ten je jako blizu centra. Apartman ima jednu spava\u0107u sobu u kojoj mogu spavati 2 odrasle osobe. U dnevnom boravku nalazi se kau\u010d koji se mo\u017ee koristiti za spavanje. Parking je na javnom parkirali\u0161tu 100 metara od apartmana, tro\u0161kovi za parking ura\u010dunati su u cijenu apartmana. Apartman ima klimu, WiFi internet, kuhinja je potpuno opremljena. Apartman se nalazi 300 metara od lokalne pla\u017ee Luke, pje\u0161\u010dana pla\u017ea Slanica udaljena je max.15 minuta laganog hoda. Apartman ima mogu\u0107nost veza za brod ud dodatno pla\u0107anje. Gosti apartmana imaju pravo kori\u0161tenja zajedni\u010dke terase sa pogledom na more.<\/p>\n","protected":false},"featured_media":20813,"template":"","meta":{"_acf_changed":false},"product_brand":[],"product_cat":[129,136,135],"product_tag":[],"class_list":{"0":"post-51936","1":"product","2":"type-product","3":"status-publish","4":"has-post-thumbnail","6":"product_cat-apartmani","7":"product_cat-apartmani-s-vezom-za-brod","8":"product_cat-obiteljski-apartmani","10":"first","11":"instock","12":"sold-individually","13":"shipping-taxable","14":"purchasable","15":"product-type-phive_booking"},"acf":[],"_links":{"self":[{"href":"https:\/\/murter-online.com\/hr\/wp-json\/wp\/v2\/product\/51936","targetHints":{"allow":["GET"]}}],"collection":[{"href":"https:\/\/murter-online.com\/hr\/wp-json\/wp\/v2\/product"}],"about":[{"href":"https:\/\/murter-online.com\/hr\/wp-json\/wp\/v2\/types\/product"}],"wp:featuredmedia":[{"embeddable":true,"href":"https:\/\/murter-online.com\/hr\/wp-json\/wp\/v2\/media\/20813"}],"wp:attachment":[{"href":"https:\/\/murter-online.com\/hr\/wp-json\/wp\/v2\/media?parent=51936"}],"wp:term":[{"taxonomy":"product_brand","embeddable":true,"href":"https:\/\/murter-online.com\/hr\/wp-json\/wp\/v2\/product_brand?post=51936"},{"taxonomy":"product_cat","embeddable":true,"href":"https:\/\/murter-online.com\/hr\/wp-json\/wp\/v2\/product_cat?post=51936"},{"taxonomy":"product_tag","embeddable":true,"href":"https:\/\/murter-online.com\/hr\/wp-json\/wp\/v2\/product_tag?post=51936"}],"curies":[{"name":"wp","href":"https:\/\/api.w.org\/{rel}","templated":true}]}}