{"id":51940,"date":"2024-12-29T19:18:02","date_gmt":"2024-12-29T19:18:02","guid":{"rendered":"https:\/\/murter.riot.hr\/?post_type=product&#038;p=51940"},"modified":"2025-01-24T19:13:14","modified_gmt":"2025-01-24T19:13:14","slug":"apartman-stari-murter-a21","status":"publish","type":"product","link":"https:\/\/murter-online.com\/hr\/proizvod\/apartman-stari-murter-a21\/","title":{"rendered":"Apartman Stari Murter A2+1"},"content":{"rendered":"","protected":false},"excerpt":{"rendered":"<p>Apartman za 2+1 ili 2+2 osobe, smje\u0161ten je u starom dijelu Murtera u autohtonoj kamenoj dalmatinskoj ku\u0107i. Apartman ima jednu sobu u kojoj mogu spavati 2 odrasle osobe, u dnevnom boravku postoji kau\u010d (pomo\u0107ni le\u017eaj)koji se mo\u017ee koristiti za spavanje, na njemu mo\u017ee spavati 1 odrasla osoba ili dvoje manje djece. Kuhinja je potpuno opremljena. Apartman ima WiFi internet, klimu, perilicu posu\u0111a, izvan apartmana u spremi\u0161tu se nalazi ma\u0161ina za rublje koja se mo\u017ee besplatno koristiti. Ispred apartmana nalazi se velika terasa sa ro\u0161tiljem. Apartman ima besplatan parking.<\/p>\n","protected":false},"featured_media":20889,"template":"","meta":{"_acf_changed":false},"product_brand":[],"product_cat":[129,135],"product_tag":[],"class_list":{"0":"post-51940","1":"product","2":"type-product","3":"status-publish","4":"has-post-thumbnail","6":"product_cat-apartmani","7":"product_cat-obiteljski-apartmani","9":"first","10":"instock","11":"sold-individually","12":"shipping-taxable","13":"purchasable","14":"product-type-phive_booking"},"acf":[],"_links":{"self":[{"href":"https:\/\/murter-online.com\/hr\/wp-json\/wp\/v2\/product\/51940","targetHints":{"allow":["GET"]}}],"collection":[{"href":"https:\/\/murter-online.com\/hr\/wp-json\/wp\/v2\/product"}],"about":[{"href":"https:\/\/murter-online.com\/hr\/wp-json\/wp\/v2\/types\/product"}],"wp:featuredmedia":[{"embeddable":true,"href":"https:\/\/murter-online.com\/hr\/wp-json\/wp\/v2\/media\/20889"}],"wp:attachment":[{"href":"https:\/\/murter-online.com\/hr\/wp-json\/wp\/v2\/media?parent=51940"}],"wp:term":[{"taxonomy":"product_brand","embeddable":true,"href":"https:\/\/murter-online.com\/hr\/wp-json\/wp\/v2\/product_brand?post=51940"},{"taxonomy":"product_cat","embeddable":true,"href":"https:\/\/murter-online.com\/hr\/wp-json\/wp\/v2\/product_cat?post=51940"},{"taxonomy":"product_tag","embeddable":true,"href":"https:\/\/murter-online.com\/hr\/wp-json\/wp\/v2\/product_tag?post=51940"}],"curies":[{"name":"wp","href":"https:\/\/api.w.org\/{rel}","templated":true}]}}