{"id":51952,"date":"2024-12-29T19:36:02","date_gmt":"2024-12-29T19:36:02","guid":{"rendered":"https:\/\/murter.riot.hr\/?post_type=product&#038;p=51952"},"modified":"2025-04-13T07:30:28","modified_gmt":"2025-04-13T06:30:28","slug":"apartman-jersane-bella-vista-a21-id-56","status":"publish","type":"product","link":"https:\/\/murter-online.com\/hr\/proizvod\/apartman-jersane-bella-vista-a21-id-56\/","title":{"rendered":"Apartman na moru Jersane 1 Murter A2+1 ID 56"},"content":{"rendered":"","protected":false},"excerpt":{"rendered":"<p>Apartman Jersane Bella Vista A2+1 ID 56 se nalazi na jako dobroj poziciji, udaljen od mora svega nekoliko metara. U blizini se nalazi gradska pla\u017ea Luke, restoran, kafici te Supermarket. Centar mjesta je udaljen otprilike 10 minuta hoda. Apartman ima balkon na kojem mo\u017eete u\u017eivati u predivnom pogledu na more i okolne oto\u010di\u0107e. Apartman je opremljen besplatnim WiFi-em i klimom. Posteljina, ru\u010dnici i zavr\u0161no \u010di\u0161\u0107enje uklju\u010deni su u cijenu.<\/p>\n","protected":false},"featured_media":21001,"template":"","meta":{"_acf_changed":false},"product_brand":[],"product_cat":[129,133,136,135],"product_tag":[],"class_list":{"0":"post-51952","1":"product","2":"type-product","3":"status-publish","4":"has-post-thumbnail","6":"product_cat-apartmani","7":"product_cat-apartmani-s-pogledom-na-more","8":"product_cat-apartmani-s-vezom-za-brod","9":"product_cat-obiteljski-apartmani","11":"first","12":"instock","13":"sold-individually","14":"shipping-taxable","15":"purchasable","16":"product-type-phive_booking"},"acf":[],"_links":{"self":[{"href":"https:\/\/murter-online.com\/hr\/wp-json\/wp\/v2\/product\/51952","targetHints":{"allow":["GET"]}}],"collection":[{"href":"https:\/\/murter-online.com\/hr\/wp-json\/wp\/v2\/product"}],"about":[{"href":"https:\/\/murter-online.com\/hr\/wp-json\/wp\/v2\/types\/product"}],"wp:featuredmedia":[{"embeddable":true,"href":"https:\/\/murter-online.com\/hr\/wp-json\/wp\/v2\/media\/21001"}],"wp:attachment":[{"href":"https:\/\/murter-online.com\/hr\/wp-json\/wp\/v2\/media?parent=51952"}],"wp:term":[{"taxonomy":"product_brand","embeddable":true,"href":"https:\/\/murter-online.com\/hr\/wp-json\/wp\/v2\/product_brand?post=51952"},{"taxonomy":"product_cat","embeddable":true,"href":"https:\/\/murter-online.com\/hr\/wp-json\/wp\/v2\/product_cat?post=51952"},{"taxonomy":"product_tag","embeddable":true,"href":"https:\/\/murter-online.com\/hr\/wp-json\/wp\/v2\/product_tag?post=51952"}],"curies":[{"name":"wp","href":"https:\/\/api.w.org\/{rel}","templated":true}]}}