{"id":51965,"date":"2024-12-29T19:57:09","date_gmt":"2024-12-29T19:57:09","guid":{"rendered":"https:\/\/murter.riot.hr\/?post_type=product&#038;p=51965"},"modified":"2025-04-13T07:44:35","modified_gmt":"2025-04-13T06:44:35","slug":"apartman-jezera-lucica-beach-22-id-120","status":"publish","type":"product","link":"https:\/\/murter-online.com\/hr\/proizvod\/apartman-jezera-lucica-beach-22-id-120\/","title":{"rendered":"Apartman na pla\u017ei Lu\u010dica Jezera &#8211; otok Murter 2+2 ID 120"},"content":{"rendered":"","protected":false},"excerpt":{"rendered":"<p>Apartman sa prekrasnim pogledom na more se nalazi na izvrsnoj lokaciji samo 70 metara udaljen od mora. Apartman ima povr\u0161inu od 30 m2. Ima jednu spava\u0107u sobu u kojoj mogu spavati 2 odrasle osobe. Ima dnevni boravak, koji se mo\u017ee koristiti za spavanje &#8211; Ima pomo\u0107ni le\u017eaj za jednu osobu. Ima kupaonicu sa tu\u0161-kadom. Povr\u0161ina Balkon\/terase je 5 m2. Apartman se nalazi u prizemlju. Apartman je opremljen sa tv-om, satelitskim prijemnikom. Parking je osiguran i uklju\u010den u cijenu. Postoji vanjski ro\u0161tilj koji se mo\u017ee koristiti. Apartman je oko 400 m. udaljen od centra mjesta a 70 m. od mora ili prve pla\u017ee u mjestu Jezera. Ku\u0107ni ljubimci su dozvoljeni uz dodatnu naknadu.<\/p>\n","protected":false},"featured_media":21121,"template":"","meta":{"_acf_changed":false},"product_brand":[],"product_cat":[129,133,135],"product_tag":[],"class_list":{"0":"post-51965","1":"product","2":"type-product","3":"status-publish","4":"has-post-thumbnail","6":"product_cat-apartmani","7":"product_cat-apartmani-s-pogledom-na-more","8":"product_cat-obiteljski-apartmani","10":"first","11":"instock","12":"sold-individually","13":"shipping-taxable","14":"purchasable","15":"product-type-phive_booking"},"acf":[],"_links":{"self":[{"href":"https:\/\/murter-online.com\/hr\/wp-json\/wp\/v2\/product\/51965","targetHints":{"allow":["GET"]}}],"collection":[{"href":"https:\/\/murter-online.com\/hr\/wp-json\/wp\/v2\/product"}],"about":[{"href":"https:\/\/murter-online.com\/hr\/wp-json\/wp\/v2\/types\/product"}],"wp:featuredmedia":[{"embeddable":true,"href":"https:\/\/murter-online.com\/hr\/wp-json\/wp\/v2\/media\/21121"}],"wp:attachment":[{"href":"https:\/\/murter-online.com\/hr\/wp-json\/wp\/v2\/media?parent=51965"}],"wp:term":[{"taxonomy":"product_brand","embeddable":true,"href":"https:\/\/murter-online.com\/hr\/wp-json\/wp\/v2\/product_brand?post=51965"},{"taxonomy":"product_cat","embeddable":true,"href":"https:\/\/murter-online.com\/hr\/wp-json\/wp\/v2\/product_cat?post=51965"},{"taxonomy":"product_tag","embeddable":true,"href":"https:\/\/murter-online.com\/hr\/wp-json\/wp\/v2\/product_tag?post=51965"}],"curies":[{"name":"wp","href":"https:\/\/api.w.org\/{rel}","templated":true}]}}