{"id":51982,"date":"2025-01-03T08:40:47","date_gmt":"2025-01-03T08:40:47","guid":{"rendered":"https:\/\/murter.riot.hr\/?post_type=product&#038;p=51982"},"modified":"2025-04-14T09:03:07","modified_gmt":"2025-04-14T08:03:07","slug":"apartman-kornatska-panoramic-view-a-21-id-105","status":"publish","type":"product","link":"https:\/\/murter-online.com\/hr\/proizvod\/apartman-kornatska-panoramic-view-a-21-id-105\/","title":{"rendered":"Apartman sa pogledom na more Kornatska Panoramic view Murter A 2+1 ID 105"},"content":{"rendered":"","protected":false},"excerpt":{"rendered":"<div align=\"center\">\n<div class=\"max_width\" align=\"left\">\n<div>\n<div>Apartman Kornatska Panoramic view A 2+1 ID 105 sa prekrasnim panoramskim pogledom na more i na centar Murtera nalazi se na izvrsnoj lokaciji. Apartman je potpuno opremljen i udaljen svega 350 metara od mjesne pla\u017ee Luke i prve trgovine. Apartman je od centra mjesta udaljen 10 minuta laganog hoda a od pje\u0161\u010dane pla\u017ee Slanica 550 metara.<\/div>\n<\/div>\n<\/div>\n<\/div>\n<div align=\"center\"><\/div>\n","protected":false},"featured_media":21429,"template":"","meta":{"_acf_changed":false},"product_brand":[],"product_cat":[129,133,135],"product_tag":[],"class_list":{"0":"post-51982","1":"product","2":"type-product","3":"status-publish","4":"has-post-thumbnail","6":"product_cat-apartmani","7":"product_cat-apartmani-s-pogledom-na-more","8":"product_cat-obiteljski-apartmani","10":"first","11":"instock","12":"sold-individually","13":"shipping-taxable","14":"purchasable","15":"product-type-phive_booking"},"acf":[],"_links":{"self":[{"href":"https:\/\/murter-online.com\/hr\/wp-json\/wp\/v2\/product\/51982","targetHints":{"allow":["GET"]}}],"collection":[{"href":"https:\/\/murter-online.com\/hr\/wp-json\/wp\/v2\/product"}],"about":[{"href":"https:\/\/murter-online.com\/hr\/wp-json\/wp\/v2\/types\/product"}],"wp:featuredmedia":[{"embeddable":true,"href":"https:\/\/murter-online.com\/hr\/wp-json\/wp\/v2\/media\/21429"}],"wp:attachment":[{"href":"https:\/\/murter-online.com\/hr\/wp-json\/wp\/v2\/media?parent=51982"}],"wp:term":[{"taxonomy":"product_brand","embeddable":true,"href":"https:\/\/murter-online.com\/hr\/wp-json\/wp\/v2\/product_brand?post=51982"},{"taxonomy":"product_cat","embeddable":true,"href":"https:\/\/murter-online.com\/hr\/wp-json\/wp\/v2\/product_cat?post=51982"},{"taxonomy":"product_tag","embeddable":true,"href":"https:\/\/murter-online.com\/hr\/wp-json\/wp\/v2\/product_tag?post=51982"}],"curies":[{"name":"wp","href":"https:\/\/api.w.org\/{rel}","templated":true}]}}