{"id":51986,"date":"2025-01-03T08:46:54","date_gmt":"2025-01-03T08:46:54","guid":{"rendered":"https:\/\/murter.riot.hr\/?post_type=product&#038;p=51986"},"modified":"2025-04-26T07:48:46","modified_gmt":"2025-04-26T06:48:46","slug":"apartman-luke-beach-family-place-1-a22-id-193","status":"publish","type":"product","link":"https:\/\/murter-online.com\/hr\/proizvod\/apartman-luke-beach-family-place-1-a22-id-193\/","title":{"rendered":"Obiteljski apartman Luke Beach New Murter 1 A2+2 ID 193"},"content":{"rendered":"","protected":false},"excerpt":{"rendered":"<div align=\"center\">\n<div class=\"max_width\" align=\"left\">\n<div>\n<div>Prekrasan obiteljski apartman povr\u0161ine 40 metara kvadratnih sa terasom povr\u0161ine 20 metara kvadratnih. Apartman se nalazi u prizemlju, novoure\u0111en je i potpuno opremljen. Smje\u0161ten je na izvanrednoj lokaciji, od gradske pla\u017ee Luke udaljen je 150 metara, od pje\u0161\u010dane pla\u017ee Slanica 450 metara, prva trgovina i dje\u010dje igrali\u0161te udaljeno je 150 metara od apartmana.Apartman ima klimu, WiFi, besplatan parking ispred apartmana. Od centra Murtera apartman je udaljen max.7 minuta laganog hoda.<\/div>\n<\/div>\n<\/div>\n<\/div>\n<div align=\"center\">\n<div><\/div>\n<div><\/div>\n<\/div>\n","protected":false},"featured_media":21549,"template":"","meta":{"_acf_changed":false},"product_brand":[],"product_cat":[129,135],"product_tag":[],"class_list":{"0":"post-51986","1":"product","2":"type-product","3":"status-publish","4":"has-post-thumbnail","6":"product_cat-apartmani","7":"product_cat-obiteljski-apartmani","9":"first","10":"instock","11":"sold-individually","12":"shipping-taxable","13":"purchasable","14":"product-type-phive_booking"},"acf":[],"_links":{"self":[{"href":"https:\/\/murter-online.com\/hr\/wp-json\/wp\/v2\/product\/51986","targetHints":{"allow":["GET"]}}],"collection":[{"href":"https:\/\/murter-online.com\/hr\/wp-json\/wp\/v2\/product"}],"about":[{"href":"https:\/\/murter-online.com\/hr\/wp-json\/wp\/v2\/types\/product"}],"wp:featuredmedia":[{"embeddable":true,"href":"https:\/\/murter-online.com\/hr\/wp-json\/wp\/v2\/media\/21549"}],"wp:attachment":[{"href":"https:\/\/murter-online.com\/hr\/wp-json\/wp\/v2\/media?parent=51986"}],"wp:term":[{"taxonomy":"product_brand","embeddable":true,"href":"https:\/\/murter-online.com\/hr\/wp-json\/wp\/v2\/product_brand?post=51986"},{"taxonomy":"product_cat","embeddable":true,"href":"https:\/\/murter-online.com\/hr\/wp-json\/wp\/v2\/product_cat?post=51986"},{"taxonomy":"product_tag","embeddable":true,"href":"https:\/\/murter-online.com\/hr\/wp-json\/wp\/v2\/product_tag?post=51986"}],"curies":[{"name":"wp","href":"https:\/\/api.w.org\/{rel}","templated":true}]}}