{"id":52019,"date":"2025-01-03T15:37:27","date_gmt":"2025-01-03T15:37:27","guid":{"rendered":"https:\/\/murter.riot.hr\/?post_type=product&#038;p=52019"},"modified":"2025-04-26T08:40:26","modified_gmt":"2025-04-26T07:40:26","slug":"apartman-margit-murter-a2-id-08","status":"publish","type":"product","link":"https:\/\/murter-online.com\/hr\/proizvod\/apartman-margit-murter-a2-id-08\/","title":{"rendered":"Apartman za 2 osobe Margit Murter A2 ID 08"},"content":{"rendered":"","protected":false},"excerpt":{"rendered":"<p>Balkon Pogled na more Pogled na vrt Pogled na unutarnje dvori\u0161te Besplatno WiFi! Besplatno parkiranje Povr\u0161ina stana: 45 m\u00b2 U va\u0161oj privatnoj kupaonici: WC Kada ili tu\u0161 Ru\u010dnici Toaletni papir Pogled: Okeanski pogled Pogled na vrt Pogled iznutra na dvori\u0161te Sadr\u017eaji apartmana: Gornji katovi dostupni samo stepenicama Posteljina Extra dugi kreveti (&gt; 6,5 ft) Ormar ili ormar Aparat za \u010daj \/ kavu Klimatizacija Podovi od tvrdog drveta ili parketa Privatni ulaz Mre\u017ea za komarce Grijanje Kuhinja Sredstva za ciscenje Hladnjak Aparat za kavu Kuhinjsko posu\u0111e Kuhalo za vodu Perilica su\u0111a Pe\u0107nica Plo\u010da za \u0161tednjak Trpezarijski stol sofa Mjesto za sjedenje Blagovaonica televizor Satelitski kanali TV ravnog ekrana Kabelski kanali Balkon terasa Vanjski namje\u0161taj Prostor za blagovanje na otvorenom Otvoreno dvori\u0161te Ro\u0161tilj Uti\u010dnica blizu kreveta Stalak za odje\u0107u Stalak za su\u0161enje odje\u0107e Kau\u010d Parking: Besplatno privatno parkirali\u0161te mogu\u0107e je u okviru objekta (rezervacija nije potrebna).<\/p>\n","protected":false},"featured_media":22921,"template":"","meta":{"_acf_changed":false},"product_brand":[],"product_cat":[129,135],"product_tag":[],"class_list":{"0":"post-52019","1":"product","2":"type-product","3":"status-publish","4":"has-post-thumbnail","6":"product_cat-apartmani","7":"product_cat-obiteljski-apartmani","9":"first","10":"instock","11":"sold-individually","12":"shipping-taxable","13":"purchasable","14":"product-type-phive_booking"},"acf":[],"_links":{"self":[{"href":"https:\/\/murter-online.com\/hr\/wp-json\/wp\/v2\/product\/52019","targetHints":{"allow":["GET"]}}],"collection":[{"href":"https:\/\/murter-online.com\/hr\/wp-json\/wp\/v2\/product"}],"about":[{"href":"https:\/\/murter-online.com\/hr\/wp-json\/wp\/v2\/types\/product"}],"wp:featuredmedia":[{"embeddable":true,"href":"https:\/\/murter-online.com\/hr\/wp-json\/wp\/v2\/media\/22921"}],"wp:attachment":[{"href":"https:\/\/murter-online.com\/hr\/wp-json\/wp\/v2\/media?parent=52019"}],"wp:term":[{"taxonomy":"product_brand","embeddable":true,"href":"https:\/\/murter-online.com\/hr\/wp-json\/wp\/v2\/product_brand?post=52019"},{"taxonomy":"product_cat","embeddable":true,"href":"https:\/\/murter-online.com\/hr\/wp-json\/wp\/v2\/product_cat?post=52019"},{"taxonomy":"product_tag","embeddable":true,"href":"https:\/\/murter-online.com\/hr\/wp-json\/wp\/v2\/product_tag?post=52019"}],"curies":[{"name":"wp","href":"https:\/\/api.w.org\/{rel}","templated":true}]}}