{"id":52023,"date":"2025-01-03T15:47:32","date_gmt":"2025-01-03T15:47:32","guid":{"rendered":"https:\/\/murter.riot.hr\/?post_type=product&#038;p=52023"},"modified":"2025-01-25T07:05:24","modified_gmt":"2025-01-25T07:05:24","slug":"apartman-marina-murter-a21-id-124","status":"publish","type":"product","link":"https:\/\/murter-online.com\/hr\/proizvod\/apartman-marina-murter-a21-id-124\/","title":{"rendered":"Apartman Marina Murter A2+1 ID 124"},"content":{"rendered":"","protected":false},"excerpt":{"rendered":"<p>Apartman je potpuno opremljen, udaljen od prve pla\u017ee 250 metara. Apartman ima povr\u0161inu od 37 m2. Ima jednu spava\u0107u sobu u kojoj mogu spavati 2 odrasle osobe. Ima dnevni boravak, koji se mo\u017ee koristiti za spavanje &#8211; Ima pomo\u0107ni le\u017eaj za dvije osobe. Ima kupaonicu sa tu\u0161-kadom. Povr\u0161ina Balkon\/terase je 10 m2. Apartman se nalazi u prizemlju. Apartman je opremljen sa tv-om, klimom, pe\u0107nicom, mikrovalna, apartman za kavu, WI-fi.Parking je osiguran i besplatan. Ku\u0107ni ljubimci su dozvoljeni uz dodatni tro\u0161ak.<\/p>\n","protected":false},"featured_media":23105,"template":"","meta":{"_acf_changed":false},"product_brand":[],"product_cat":[129,135],"product_tag":[],"class_list":{"0":"post-52023","1":"product","2":"type-product","3":"status-publish","4":"has-post-thumbnail","6":"product_cat-apartmani","7":"product_cat-obiteljski-apartmani","9":"first","10":"instock","11":"sold-individually","12":"shipping-taxable","13":"purchasable","14":"product-type-phive_booking"},"acf":[],"_links":{"self":[{"href":"https:\/\/murter-online.com\/hr\/wp-json\/wp\/v2\/product\/52023","targetHints":{"allow":["GET"]}}],"collection":[{"href":"https:\/\/murter-online.com\/hr\/wp-json\/wp\/v2\/product"}],"about":[{"href":"https:\/\/murter-online.com\/hr\/wp-json\/wp\/v2\/types\/product"}],"wp:featuredmedia":[{"embeddable":true,"href":"https:\/\/murter-online.com\/hr\/wp-json\/wp\/v2\/media\/23105"}],"wp:attachment":[{"href":"https:\/\/murter-online.com\/hr\/wp-json\/wp\/v2\/media?parent=52023"}],"wp:term":[{"taxonomy":"product_brand","embeddable":true,"href":"https:\/\/murter-online.com\/hr\/wp-json\/wp\/v2\/product_brand?post=52023"},{"taxonomy":"product_cat","embeddable":true,"href":"https:\/\/murter-online.com\/hr\/wp-json\/wp\/v2\/product_cat?post=52023"},{"taxonomy":"product_tag","embeddable":true,"href":"https:\/\/murter-online.com\/hr\/wp-json\/wp\/v2\/product_tag?post=52023"}],"curies":[{"name":"wp","href":"https:\/\/api.w.org\/{rel}","templated":true}]}}